{"id":19827,"date":"2024-12-02T21:45:40","date_gmt":"2024-12-02T21:45:40","guid":{"rendered":"https:\/\/www.flyshop.cl\/TIENDA\/?post_type=product&#038;p=19827"},"modified":"2026-04-06T12:21:04","modified_gmt":"2026-04-06T12:21:04","slug":"portacanas-simms-riverkit-rod-roll","status":"publish","type":"product","link":"https:\/\/www.flyshop.cl\/TIENDA\/producto\/portacanas-simms-riverkit-rod-roll\/","title":{"rendered":"portaca\u00f1as simms  Riverkit Rod Roll"},"content":{"rendered":"<p>Ya sea colocado dentro de bolsas m\u00e1s grandes para viajes largos o en la parte trasera de una camioneta para trayectos cercanos, el compacto <strong>Riverkit Rod Roll<\/strong> almacena de manera segura varias ca\u00f1as de pesca durante tus desplazamientos.<\/p>\n<ul>\n<li><strong>Poli\u00e9ster bal\u00edstico 900D moldeado por compresi\u00f3n<\/strong> para un rendimiento confiable a\u00f1o tras a\u00f1o.<\/li>\n<li>Capacidad para transportar cuatro ca\u00f1as (de 4 piezas) de hasta 3 metros de longitud.<\/li>\n<li>Fundas individuales para ca\u00f1as, removibles, que permiten elegir las ca\u00f1as del d\u00eda mientras viajas.<\/li>\n<li>Construcci\u00f3n plegable \u00fanica que facilita el acceso r\u00e1pido al interior y es resistente a la compresi\u00f3n cuando est\u00e1 plegada.<\/li>\n<li>Bolsillo interior de malla para accesorios.<\/li>\n<li>Asa externa para colgar.<\/li>\n<\/ul>\n<p><strong>ESPECIFICACIONES:<\/strong><\/p>\n<ul>\n<li><strong>Tecnolog\u00eda de tela:<\/strong> Poli\u00e9ster bal\u00edstico 900D.<\/li>\n<li><strong>Dimensiones:<\/strong> 83.8 cm (Largo) x 7.6 cm (Ancho) x 22.9 cm (Alto).<\/li>\n<li><strong>Capacidad:<\/strong> Transporte para cuatro ca\u00f1as (de 4 piezas) de hasta 3 metros de longitud.<\/li>\n<li><strong>Peso:<\/strong> 2.04 kg.<\/li>\n<\/ul>\n<p><img loading=\"lazy\" decoding=\"async\" class=\"alignnone size-medium wp-image-19834\" src=\"https:\/\/www.flyshop.cl\/TIENDA\/wp-content\/uploads\/2024\/12\/PDPLifestyles_F24_RiverkitRodRoll_1-240x300.webp\" alt=\"\" width=\"240\" height=\"300\" srcset=\"https:\/\/www.flyshop.cl\/TIENDA\/wp-content\/uploads\/2024\/12\/PDPLifestyles_F24_RiverkitRodRoll_1-240x300.webp 240w, https:\/\/www.flyshop.cl\/TIENDA\/wp-content\/uploads\/2024\/12\/PDPLifestyles_F24_RiverkitRodRoll_1-600x750.webp 600w, https:\/\/www.flyshop.cl\/TIENDA\/wp-content\/uploads\/2024\/12\/PDPLifestyles_F24_RiverkitRodRoll_1.webp 750w\" sizes=\"auto, (max-width: 240px) 100vw, 240px\" \/><img loading=\"lazy\" decoding=\"async\" class=\"alignnone size-medium wp-image-19835\" src=\"https:\/\/www.flyshop.cl\/TIENDA\/wp-content\/uploads\/2024\/12\/PDPLifestyles_F24_RiverkitRodRoll_2-240x300.webp\" alt=\"\" width=\"240\" height=\"300\" srcset=\"https:\/\/www.flyshop.cl\/TIENDA\/wp-content\/uploads\/2024\/12\/PDPLifestyles_F24_RiverkitRodRoll_2-240x300.webp 240w, https:\/\/www.flyshop.cl\/TIENDA\/wp-content\/uploads\/2024\/12\/PDPLifestyles_F24_RiverkitRodRoll_2-600x750.webp 600w, https:\/\/www.flyshop.cl\/TIENDA\/wp-content\/uploads\/2024\/12\/PDPLifestyles_F24_RiverkitRodRoll_2.webp 750w\" sizes=\"auto, (max-width: 240px) 100vw, 240px\" \/><img loading=\"lazy\" decoding=\"async\" class=\"alignnone size-medium wp-image-19836\" src=\"https:\/\/www.flyshop.cl\/TIENDA\/wp-content\/uploads\/2024\/12\/PDPLifestyles_F24_RiverkitRodRoll_2_copy-240x300.webp\" alt=\"\" width=\"240\" height=\"300\" srcset=\"https:\/\/www.flyshop.cl\/TIENDA\/wp-content\/uploads\/2024\/12\/PDPLifestyles_F24_RiverkitRodRoll_2_copy-240x300.webp 240w, https:\/\/www.flyshop.cl\/TIENDA\/wp-content\/uploads\/2024\/12\/PDPLifestyles_F24_RiverkitRodRoll_2_copy-600x750.webp 600w, https:\/\/www.flyshop.cl\/TIENDA\/wp-content\/uploads\/2024\/12\/PDPLifestyles_F24_RiverkitRodRoll_2_copy.webp 750w\" sizes=\"auto, (max-width: 240px) 100vw, 240px\" \/><\/p>\n","protected":false},"excerpt":{"rendered":"<p>Ya sea colocado dentro de bolsas m\u00e1s grandes para viajes largos o en la parte trasera de una camioneta para trayectos cercanos, el compacto Riverkit Rod Roll almacena de manera segura varias ca\u00f1as de pesca durante tus desplazamientos. Poli\u00e9ster bal\u00edstico&hellip;<\/p>\n","protected":false},"featured_media":19833,"comment_status":"closed","ping_status":"closed","template":"","meta":{"_joinchat":[]},"product_brand":[],"product_cat":[150,205],"product_tag":[],"class_list":{"0":"post-19827","1":"product","2":"type-product","3":"status-publish","4":"has-post-thumbnail","6":"product_cat-bolsos-simms","7":"product_cat-portacanas","8":"entry","9":"has-media","11":"first","12":"instock","13":"shipping-taxable","14":"purchasable","15":"product-type-simple","16":"col","17":"wpex-woo-entry","18":"span_1_of_6 span_1_of_3_pp"},"supplier_id":null,"supplier_sku":"","barcode":null,"atum_controlled":true,"out_stock_date":null,"out_stock_threshold":null,"inheritable":false,"inbound_stock":null,"stock_on_hold":0,"sold_today":0,"sales_last_days":1,"reserved_stock":null,"customer_returns":null,"warehouse_damage":null,"lost_in_post":null,"other_logs":null,"out_stock_days":0,"lost_sales":0,"has_location":false,"update_date":"2026-04-09T15:55:13","atum_locations":[],"atum_stock_status":"instock","restock_status":false,"low_stock_amount":"","sales_update_date":"2026-04-09T15:55:13","calc_backorders":null,"_links":{"self":[{"href":"https:\/\/www.flyshop.cl\/TIENDA\/wp-json\/wp\/v2\/product\/19827","targetHints":{"allow":["GET"]}}],"collection":[{"href":"https:\/\/www.flyshop.cl\/TIENDA\/wp-json\/wp\/v2\/product"}],"about":[{"href":"https:\/\/www.flyshop.cl\/TIENDA\/wp-json\/wp\/v2\/types\/product"}],"replies":[{"embeddable":true,"href":"https:\/\/www.flyshop.cl\/TIENDA\/wp-json\/wp\/v2\/comments?post=19827"}],"wp:featuredmedia":[{"embeddable":true,"href":"https:\/\/www.flyshop.cl\/TIENDA\/wp-json\/wp\/v2\/media\/19833"}],"wp:attachment":[{"href":"https:\/\/www.flyshop.cl\/TIENDA\/wp-json\/wp\/v2\/media?parent=19827"}],"wp:term":[{"taxonomy":"product_brand","embeddable":true,"href":"https:\/\/www.flyshop.cl\/TIENDA\/wp-json\/wp\/v2\/product_brand?post=19827"},{"taxonomy":"product_cat","embeddable":true,"href":"https:\/\/www.flyshop.cl\/TIENDA\/wp-json\/wp\/v2\/product_cat?post=19827"},{"taxonomy":"product_tag","embeddable":true,"href":"https:\/\/www.flyshop.cl\/TIENDA\/wp-json\/wp\/v2\/product_tag?post=19827"}],"curies":[{"name":"wp","href":"https:\/\/api.w.org\/{rel}","templated":true}]}}