{"id":19807,"date":"2024-12-02T20:47:10","date_gmt":"2024-12-02T20:47:10","guid":{"rendered":"https:\/\/www.flyshop.cl\/TIENDA\/?post_type=product&#038;p=19807"},"modified":"2026-03-17T21:19:14","modified_gmt":"2026-03-17T21:19:14","slug":"portacanas-simms-tailwind-orange","status":"publish","type":"product","link":"https:\/\/www.flyshop.cl\/TIENDA\/producto\/portacanas-simms-tailwind-orange\/","title":{"rendered":"portaca\u00f1as simms Tailwind orange"},"content":{"rendered":"<p>Desde la caja de una camioneta hasta los compartimentos superiores del avi\u00f3n: protege, organiza y transporta tu equipo de pesca t\u00e1ctica con el <strong>Tailwind Rod &amp; Reel Vault<\/strong>, dise\u00f1ado para viajar.<\/p>\n<ul>\n<li><strong>Poli\u00e9ster bal\u00edstico 900D moldeado por compresi\u00f3n<\/strong> para un rendimiento confiable a\u00f1o tras a\u00f1o.<\/li>\n<li>Apertura tipo concha al compartimento principal, asegurada con cierre YKK #10.<\/li>\n<li>Organizaci\u00f3n interna personalizable mediante divisores m\u00f3viles con gancho y lazo.<\/li>\n<li>Dos bolsillos de malla para accesorios en la tapa y un compartimento oculto con espacio suficiente para un cambio de ropa y un par de zapatos.<\/li>\n<li>Capacidad para m\u00faltiples ca\u00f1as (de 4 piezas) de hasta 9 pies.<\/li>\n<li>Arn\u00e9s desmontable para llevar como mochila.<\/li>\n<\/ul>\n<p><strong>ESPECIFICACIONES:<\/strong><\/p>\n<ul>\n<li><strong>Tecnolog\u00eda de tela:<\/strong> Poli\u00e9ster bal\u00edstico 900D.<\/li>\n<li><strong>Dimensiones:<\/strong> 83.8 cm (Largo) x 15.2 cm (Ancho) x 22.9 cm (Alto).<\/li>\n<li><strong>Capacidad:<\/strong> 20 litros.<\/li>\n<li><strong>Peso:<\/strong> 2.45 kg.<\/li>\n<\/ul>\n<p><img loading=\"lazy\" decoding=\"async\" class=\"alignnone size-medium wp-image-19809\" src=\"https:\/\/www.flyshop.cl\/TIENDA\/wp-content\/uploads\/2024\/12\/14011-001-Tailwind-Rod-Reel-Vault-Model-F24-Back-240x300.webp\" alt=\"\" width=\"240\" height=\"300\" srcset=\"https:\/\/www.flyshop.cl\/TIENDA\/wp-content\/uploads\/2024\/12\/14011-001-Tailwind-Rod-Reel-Vault-Model-F24-Back-240x300.webp 240w, https:\/\/www.flyshop.cl\/TIENDA\/wp-content\/uploads\/2024\/12\/14011-001-Tailwind-Rod-Reel-Vault-Model-F24-Back-600x750.webp 600w, https:\/\/www.flyshop.cl\/TIENDA\/wp-content\/uploads\/2024\/12\/14011-001-Tailwind-Rod-Reel-Vault-Model-F24-Back.webp 750w\" sizes=\"auto, (max-width: 240px) 100vw, 240px\" \/><img loading=\"lazy\" decoding=\"async\" class=\"alignnone size-medium wp-image-19808\" src=\"https:\/\/www.flyshop.cl\/TIENDA\/wp-content\/uploads\/2024\/12\/14011-001-Tailwind-Rod-Reel-Vault-Model-F24-3-240x300.webp\" alt=\"\" width=\"240\" height=\"300\" srcset=\"https:\/\/www.flyshop.cl\/TIENDA\/wp-content\/uploads\/2024\/12\/14011-001-Tailwind-Rod-Reel-Vault-Model-F24-3-240x300.webp 240w, https:\/\/www.flyshop.cl\/TIENDA\/wp-content\/uploads\/2024\/12\/14011-001-Tailwind-Rod-Reel-Vault-Model-F24-3-600x750.webp 600w, https:\/\/www.flyshop.cl\/TIENDA\/wp-content\/uploads\/2024\/12\/14011-001-Tailwind-Rod-Reel-Vault-Model-F24-3.webp 750w\" sizes=\"auto, (max-width: 240px) 100vw, 240px\" \/><\/p>\n","protected":false},"excerpt":{"rendered":"<p>Desde la caja de una camioneta hasta los compartimentos superiores del avi\u00f3n: protege, organiza y transporta tu equipo de pesca t\u00e1ctica con el Tailwind Rod &amp; Reel Vault, dise\u00f1ado para viajar. Poli\u00e9ster bal\u00edstico 900D moldeado por compresi\u00f3n para un rendimiento&hellip;<\/p>\n","protected":false},"featured_media":19818,"comment_status":"closed","ping_status":"closed","template":"","meta":{"_joinchat":[]},"product_brand":[],"product_cat":[150],"product_tag":[],"class_list":{"0":"post-19807","1":"product","2":"type-product","3":"status-publish","4":"has-post-thumbnail","6":"product_cat-bolsos-simms","7":"entry","8":"has-media","10":"first","11":"outofstock","12":"shipping-taxable","13":"purchasable","14":"product-type-simple","15":"col","16":"wpex-woo-entry","17":"span_1_of_6 span_1_of_3_pp"},"supplier_id":null,"supplier_sku":"","barcode":null,"atum_controlled":true,"out_stock_date":"2026-03-17 21:19:14","out_stock_threshold":null,"inheritable":false,"inbound_stock":null,"stock_on_hold":null,"sold_today":null,"sales_last_days":null,"reserved_stock":null,"customer_returns":null,"warehouse_damage":null,"lost_in_post":null,"other_logs":null,"out_stock_days":0,"lost_sales":null,"has_location":false,"update_date":"2026-03-17T21:19:15","atum_locations":[],"atum_stock_status":"outofstock","restock_status":false,"low_stock_amount":"","sales_update_date":null,"calc_backorders":null,"_links":{"self":[{"href":"https:\/\/www.flyshop.cl\/TIENDA\/wp-json\/wp\/v2\/product\/19807","targetHints":{"allow":["GET"]}}],"collection":[{"href":"https:\/\/www.flyshop.cl\/TIENDA\/wp-json\/wp\/v2\/product"}],"about":[{"href":"https:\/\/www.flyshop.cl\/TIENDA\/wp-json\/wp\/v2\/types\/product"}],"replies":[{"embeddable":true,"href":"https:\/\/www.flyshop.cl\/TIENDA\/wp-json\/wp\/v2\/comments?post=19807"}],"wp:featuredmedia":[{"embeddable":true,"href":"https:\/\/www.flyshop.cl\/TIENDA\/wp-json\/wp\/v2\/media\/19818"}],"wp:attachment":[{"href":"https:\/\/www.flyshop.cl\/TIENDA\/wp-json\/wp\/v2\/media?parent=19807"}],"wp:term":[{"taxonomy":"product_brand","embeddable":true,"href":"https:\/\/www.flyshop.cl\/TIENDA\/wp-json\/wp\/v2\/product_brand?post=19807"},{"taxonomy":"product_cat","embeddable":true,"href":"https:\/\/www.flyshop.cl\/TIENDA\/wp-json\/wp\/v2\/product_cat?post=19807"},{"taxonomy":"product_tag","embeddable":true,"href":"https:\/\/www.flyshop.cl\/TIENDA\/wp-json\/wp\/v2\/product_tag?post=19807"}],"curies":[{"name":"wp","href":"https:\/\/api.w.org\/{rel}","templated":true}]}}