{"id":19806,"date":"2024-12-02T20:22:02","date_gmt":"2024-12-02T20:22:02","guid":{"rendered":"https:\/\/www.flyshop.cl\/TIENDA\/?post_type=product&#038;p=19806"},"modified":"2026-03-24T20:42:28","modified_gmt":"2026-03-24T20:42:28","slug":"mochila-simms-tailwind-black","status":"publish","type":"product","link":"https:\/\/www.flyshop.cl\/TIENDA\/producto\/mochila-simms-tailwind-black\/","title":{"rendered":"mochila simms tailwind black"},"content":{"rendered":"<p><strong>Desde coordenadas remotas de pesca hasta el viaje matutino, la vers\u00e1til mochila Tailwind de 25L trasciende en todo, ofreciendo el almacenamiento estrat\u00e9gico ideal para llevar tus esenciales sobre la marcha.<\/strong><\/p>\n<ul>\n<li><strong>Material resistente a la abrasi\u00f3n y desgarros<\/strong>: Tejido de nailon 420D con recubrimiento de carbonato, forrado con tela de poli\u00e9ster 200D.<\/li>\n<li><strong>Compartimento principal<\/strong>: Acceso mediante cremallera YKK Aquaguard #8.<\/li>\n<li><strong>Bolsillo acolchado para laptop<\/strong>: Entrada lateral con cierre de cremallera.<\/li>\n<li><strong>Bolsillo para pasaporte<\/strong>: Entrada lateral ubicada en paralelo al bolsillo para laptop.<\/li>\n<li><strong>Bolsillo para gafas y accesorios<\/strong>: Forrado con tela suave para evitar rayones.<\/li>\n<li><strong>Bolsillo frontal para accesorios<\/strong>: Incluye m\u00faltiples bolsillos de malla con cierre para organizar peque\u00f1os esenciales.<\/li>\n<\/ul>\n<p><strong>ESPECIFICACIONES:<\/strong><\/p>\n<ul>\n<li><strong>Tecnolog\u00eda de tejido<\/strong>: Nailon de alta densidad con recubrimiento de carbonato.<\/li>\n<li><strong>Dimensiones<\/strong>: 26.5 cm largo x 19 cm ancho x 46 cm alto.<\/li>\n<li><strong>Capacidad<\/strong>: 24 litros.<\/li>\n<li><strong>Peso<\/strong>: 0.72 kg.<\/li>\n<\/ul>\n<p>&nbsp;<\/p>\n<p><img loading=\"lazy\" decoding=\"async\" class=\"alignnone size-medium wp-image-19793\" src=\"https:\/\/www.flyshop.cl\/TIENDA\/wp-content\/uploads\/2024\/12\/14014-001-Tailwind-Backpack-Model-F24-Back-240x300.webp\" alt=\"\" width=\"240\" height=\"300\" srcset=\"https:\/\/www.flyshop.cl\/TIENDA\/wp-content\/uploads\/2024\/12\/14014-001-Tailwind-Backpack-Model-F24-Back-240x300.webp 240w, https:\/\/www.flyshop.cl\/TIENDA\/wp-content\/uploads\/2024\/12\/14014-001-Tailwind-Backpack-Model-F24-Back-600x750.webp 600w, https:\/\/www.flyshop.cl\/TIENDA\/wp-content\/uploads\/2024\/12\/14014-001-Tailwind-Backpack-Model-F24-Back.webp 750w\" sizes=\"auto, (max-width: 240px) 100vw, 240px\" \/><img loading=\"lazy\" decoding=\"async\" class=\"alignnone size-medium wp-image-19792\" src=\"https:\/\/www.flyshop.cl\/TIENDA\/wp-content\/uploads\/2024\/12\/14014-001-Tailwind-Backpack-Model-F24-3-240x300.webp\" alt=\"\" width=\"240\" height=\"300\" srcset=\"https:\/\/www.flyshop.cl\/TIENDA\/wp-content\/uploads\/2024\/12\/14014-001-Tailwind-Backpack-Model-F24-3-240x300.webp 240w, https:\/\/www.flyshop.cl\/TIENDA\/wp-content\/uploads\/2024\/12\/14014-001-Tailwind-Backpack-Model-F24-3-600x750.webp 600w, https:\/\/www.flyshop.cl\/TIENDA\/wp-content\/uploads\/2024\/12\/14014-001-Tailwind-Backpack-Model-F24-3.webp 750w\" sizes=\"auto, (max-width: 240px) 100vw, 240px\" \/><\/p>\n","protected":false},"excerpt":{"rendered":"<p>Desde coordenadas remotas de pesca hasta el viaje matutino, la vers\u00e1til mochila Tailwind de 25L trasciende en todo, ofreciendo el almacenamiento estrat\u00e9gico ideal para llevar tus esenciales sobre la marcha. Material resistente a la abrasi\u00f3n y desgarros: Tejido de nailon&hellip;<\/p>\n","protected":false},"featured_media":19803,"comment_status":"closed","ping_status":"closed","template":"","meta":{"_joinchat":[]},"product_brand":[],"product_cat":[533],"product_tag":[],"class_list":{"0":"post-19806","1":"product","2":"type-product","3":"status-publish","4":"has-post-thumbnail","6":"product_cat-mochilas","7":"entry","8":"has-media","10":"first","11":"instock","12":"shipping-taxable","13":"purchasable","14":"product-type-simple","15":"col","16":"wpex-woo-entry","17":"span_1_of_6 span_1_of_3_pp"},"supplier_id":null,"supplier_sku":"","barcode":null,"atum_controlled":true,"out_stock_date":null,"out_stock_threshold":null,"inheritable":false,"inbound_stock":null,"stock_on_hold":0,"sold_today":0,"sales_last_days":1,"reserved_stock":null,"customer_returns":null,"warehouse_damage":null,"lost_in_post":null,"other_logs":null,"out_stock_days":0,"lost_sales":0,"has_location":false,"update_date":"2026-03-24T20:42:29","atum_locations":[],"atum_stock_status":"instock","restock_status":false,"low_stock_amount":"","sales_update_date":"2025-11-02T13:31:11","calc_backorders":null,"_links":{"self":[{"href":"https:\/\/www.flyshop.cl\/TIENDA\/wp-json\/wp\/v2\/product\/19806","targetHints":{"allow":["GET"]}}],"collection":[{"href":"https:\/\/www.flyshop.cl\/TIENDA\/wp-json\/wp\/v2\/product"}],"about":[{"href":"https:\/\/www.flyshop.cl\/TIENDA\/wp-json\/wp\/v2\/types\/product"}],"replies":[{"embeddable":true,"href":"https:\/\/www.flyshop.cl\/TIENDA\/wp-json\/wp\/v2\/comments?post=19806"}],"wp:featuredmedia":[{"embeddable":true,"href":"https:\/\/www.flyshop.cl\/TIENDA\/wp-json\/wp\/v2\/media\/19803"}],"wp:attachment":[{"href":"https:\/\/www.flyshop.cl\/TIENDA\/wp-json\/wp\/v2\/media?parent=19806"}],"wp:term":[{"taxonomy":"product_brand","embeddable":true,"href":"https:\/\/www.flyshop.cl\/TIENDA\/wp-json\/wp\/v2\/product_brand?post=19806"},{"taxonomy":"product_cat","embeddable":true,"href":"https:\/\/www.flyshop.cl\/TIENDA\/wp-json\/wp\/v2\/product_cat?post=19806"},{"taxonomy":"product_tag","embeddable":true,"href":"https:\/\/www.flyshop.cl\/TIENDA\/wp-json\/wp\/v2\/product_tag?post=19806"}],"curies":[{"name":"wp","href":"https:\/\/api.w.org\/{rel}","templated":true}]}}