{"id":19735,"date":"2024-11-22T17:04:25","date_gmt":"2024-11-22T17:04:25","guid":{"rendered":"https:\/\/www.flyshop.cl\/TIENDA\/?post_type=product&#038;p=19735"},"modified":"2025-10-21T20:15:31","modified_gmt":"2025-10-21T20:15:31","slug":"anteojos-bajio-toads-black-matte-green-mirror-glass","status":"publish","type":"product","link":"https:\/\/www.flyshop.cl\/TIENDA\/producto\/anteojos-bajio-toads-black-matte-green-mirror-glass\/","title":{"rendered":"anteojos BAJIO TOADS Black Matte \/ Green Mirror Glass"},"content":{"rendered":"<p>En el coraz\u00f3n de Shipyard Island, cerca de JB&#8217;s Fish Camp, hay un lugar de pesca invernal donde el agua se vuelve fr\u00eda y clara, y los grandes r\u00f3balos rojos alcanzan tama\u00f1os impresionantes; tan gruesos que, al igual que el banco de arena, se les conoce cari\u00f1osamente como <em>Toads<\/em> (sapos). Cuando el sol del mediod\u00eda calienta las aguas poco profundas, observa c\u00f3mo estos brutos de m\u00e1s de 35 pulgadas se agrupan y prep\u00e1rate para la acci\u00f3n con tus gafas de sol <em>Toads<\/em> de cobertura completa.<\/p>\n<p>&nbsp;<\/p>\n<p><strong>Caracter\u00edsticas marco<br \/>\n<\/strong><\/p>\n<ul>\n<li><strong>Caracter\u00edsticas<\/strong>\n<ul>\n<li>Patillas estrechas<\/li>\n<li>Almohadillas nasales ergon\u00f3micas de goma<\/li>\n<li>Puntas de patillas ergon\u00f3micas de goma<\/li>\n<li>Bisagras flexibles de doble v\u00eda<\/li>\n<\/ul>\n<\/li>\n<\/ul>\n<p>caracteristicas cristal<\/p>\n<ul>\n<li><strong>Tecnolog\u00eda Lapis\u2122 (pendiente de patente)<\/strong>\n<ul>\n<li>Bloquea el 95% de la luz azul da\u00f1ina<\/li>\n<li>Bloquea el 90% de la luz amarilla intensa<\/li>\n<li>Bloquea el 100% de la luz UV<\/li>\n<\/ul>\n<\/li>\n<\/ul>\n<p>Esta tecnolog\u00eda est\u00e1 dise\u00f1ada para proteger tus ojos de los efectos nocivos de diferentes tipos de luz, proporcionando una visi\u00f3n m\u00e1s clara y c\u00f3moda en diversas condiciones.<\/p>\n<p><img loading=\"lazy\" decoding=\"async\" class=\"alignnone size-medium wp-image-19728\" src=\"https:\/\/www.flyshop.cl\/TIENDA\/wp-content\/uploads\/2024\/11\/bajio-sunglasses-toads-blackmatte-greenmirror-lens-1-300x214.webp\" alt=\"\" width=\"300\" height=\"214\" srcset=\"https:\/\/www.flyshop.cl\/TIENDA\/wp-content\/uploads\/2024\/11\/bajio-sunglasses-toads-blackmatte-greenmirror-lens-1-300x214.webp 300w, https:\/\/www.flyshop.cl\/TIENDA\/wp-content\/uploads\/2024\/11\/bajio-sunglasses-toads-blackmatte-greenmirror-lens-1-768x549.webp 768w, https:\/\/www.flyshop.cl\/TIENDA\/wp-content\/uploads\/2024\/11\/bajio-sunglasses-toads-blackmatte-greenmirror-lens-1-600x429.webp 600w, https:\/\/www.flyshop.cl\/TIENDA\/wp-content\/uploads\/2024\/11\/bajio-sunglasses-toads-blackmatte-greenmirror-lens-1.webp 900w\" sizes=\"auto, (max-width: 300px) 100vw, 300px\" \/><img loading=\"lazy\" decoding=\"async\" class=\"alignnone size-medium wp-image-19733\" src=\"https:\/\/www.flyshop.cl\/TIENDA\/wp-content\/uploads\/2024\/11\/Toads-Lifestyle-Image-2_460x-300x300.webp\" alt=\"\" width=\"300\" height=\"300\" srcset=\"https:\/\/www.flyshop.cl\/TIENDA\/wp-content\/uploads\/2024\/11\/Toads-Lifestyle-Image-2_460x-300x300.webp 300w, https:\/\/www.flyshop.cl\/TIENDA\/wp-content\/uploads\/2024\/11\/Toads-Lifestyle-Image-2_460x-150x150.webp 150w, https:\/\/www.flyshop.cl\/TIENDA\/wp-content\/uploads\/2024\/11\/Toads-Lifestyle-Image-2_460x-100x100.webp 100w, https:\/\/www.flyshop.cl\/TIENDA\/wp-content\/uploads\/2024\/11\/Toads-Lifestyle-Image-2_460x.webp 460w\" sizes=\"auto, (max-width: 300px) 100vw, 300px\" \/><img loading=\"lazy\" decoding=\"async\" class=\"alignnone size-medium wp-image-19734\" src=\"https:\/\/www.flyshop.cl\/TIENDA\/wp-content\/uploads\/2024\/11\/Toads-Lifestyle-Image-3_460x-300x300.webp\" alt=\"\" width=\"300\" height=\"300\" srcset=\"https:\/\/www.flyshop.cl\/TIENDA\/wp-content\/uploads\/2024\/11\/Toads-Lifestyle-Image-3_460x-300x300.webp 300w, https:\/\/www.flyshop.cl\/TIENDA\/wp-content\/uploads\/2024\/11\/Toads-Lifestyle-Image-3_460x-150x150.webp 150w, https:\/\/www.flyshop.cl\/TIENDA\/wp-content\/uploads\/2024\/11\/Toads-Lifestyle-Image-3_460x-100x100.webp 100w, https:\/\/www.flyshop.cl\/TIENDA\/wp-content\/uploads\/2024\/11\/Toads-Lifestyle-Image-3_460x.webp 460w\" sizes=\"auto, (max-width: 300px) 100vw, 300px\" \/><\/p>\n<p>&nbsp;<\/p>\n","protected":false},"excerpt":{"rendered":"<p>En el coraz\u00f3n de Shipyard Island, cerca de JB&#8217;s Fish Camp, hay un lugar de pesca invernal donde el agua se vuelve fr\u00eda y clara, y los grandes r\u00f3balos rojos alcanzan tama\u00f1os impresionantes; tan gruesos que, al igual que el&hellip;<\/p>\n","protected":false},"featured_media":19729,"comment_status":"closed","ping_status":"closed","template":"","meta":{"_joinchat":[]},"product_brand":[],"product_cat":[520,786],"product_tag":[],"class_list":{"0":"post-19735","1":"product","2":"type-product","3":"status-publish","4":"has-post-thumbnail","6":"product_cat-anteojos-polarizados","7":"product_cat-bajio","8":"entry","9":"has-media","11":"first","12":"instock","13":"shipping-taxable","14":"purchasable","15":"product-type-simple","16":"col","17":"wpex-woo-entry","18":"span_1_of_6 span_1_of_3_pp"},"supplier_id":null,"supplier_sku":"","barcode":null,"atum_controlled":true,"out_stock_date":null,"out_stock_threshold":null,"inheritable":false,"inbound_stock":null,"stock_on_hold":null,"sold_today":null,"sales_last_days":null,"reserved_stock":null,"customer_returns":null,"warehouse_damage":null,"lost_in_post":null,"other_logs":null,"out_stock_days":null,"lost_sales":null,"has_location":false,"update_date":"2025-10-21T20:15:33","atum_locations":[],"atum_stock_status":"instock","restock_status":false,"low_stock_amount":"","sales_update_date":null,"calc_backorders":null,"_links":{"self":[{"href":"https:\/\/www.flyshop.cl\/TIENDA\/wp-json\/wp\/v2\/product\/19735","targetHints":{"allow":["GET"]}}],"collection":[{"href":"https:\/\/www.flyshop.cl\/TIENDA\/wp-json\/wp\/v2\/product"}],"about":[{"href":"https:\/\/www.flyshop.cl\/TIENDA\/wp-json\/wp\/v2\/types\/product"}],"replies":[{"embeddable":true,"href":"https:\/\/www.flyshop.cl\/TIENDA\/wp-json\/wp\/v2\/comments?post=19735"}],"wp:featuredmedia":[{"embeddable":true,"href":"https:\/\/www.flyshop.cl\/TIENDA\/wp-json\/wp\/v2\/media\/19729"}],"wp:attachment":[{"href":"https:\/\/www.flyshop.cl\/TIENDA\/wp-json\/wp\/v2\/media?parent=19735"}],"wp:term":[{"taxonomy":"product_brand","embeddable":true,"href":"https:\/\/www.flyshop.cl\/TIENDA\/wp-json\/wp\/v2\/product_brand?post=19735"},{"taxonomy":"product_cat","embeddable":true,"href":"https:\/\/www.flyshop.cl\/TIENDA\/wp-json\/wp\/v2\/product_cat?post=19735"},{"taxonomy":"product_tag","embeddable":true,"href":"https:\/\/www.flyshop.cl\/TIENDA\/wp-json\/wp\/v2\/product_tag?post=19735"}],"curies":[{"name":"wp","href":"https:\/\/api.w.org\/{rel}","templated":true}]}}