{"id":19644,"date":"2024-11-18T13:46:30","date_gmt":"2024-11-18T13:46:30","guid":{"rendered":"https:\/\/www.flyshop.cl\/TIENDA\/?post_type=product&#038;p=19644"},"modified":"2025-12-13T15:24:02","modified_gmt":"2025-12-13T15:24:02","slug":"bota-de-vadeo-simms-tributary-rubber-sole","status":"publish","type":"product","link":"https:\/\/www.flyshop.cl\/TIENDA\/producto\/bota-de-vadeo-simms-tributary-rubber-sole\/","title":{"rendered":"bota de vadeo SIMMS TRIBUTARY RUBBER SOLE"},"content":{"rendered":"<p>&#8220;Una cl\u00e1sica bota de vadeo de gran ajuste, con todas las caracter\u00edsticas resistentes y el soporte y tracci\u00f3n confiables que necesitas tanto dentro como fuera del agua.<\/p>\n<ul>\n<li>Cuero sint\u00e9tico resistente y malla con revestimientos de goma en \u00e1reas de alto desgaste.<\/li>\n<li>Herrajes de amarre resistentes a la corrosi\u00f3n.<\/li>\n<li>Leng\u00fceta completamente sellada que ayuda a evitar la entrada de residuos.<\/li>\n<li>Forro completo de neopreno para mayor durabilidad y facilidad de uso.<\/li>\n<li>Suela de goma de agarre multidireccional exclusiva de Simms.<\/li>\n<li>Solo en tallas completas.&#8221;<\/li>\n<\/ul>\n","protected":false},"excerpt":{"rendered":"<p>&#8220;Una cl\u00e1sica bota de vadeo de gran ajuste, con todas las caracter\u00edsticas resistentes y el soporte y tracci\u00f3n confiables que necesitas tanto dentro como fuera del agua. Cuero sint\u00e9tico resistente y malla con revestimientos de goma en \u00e1reas de alto&hellip;<\/p>\n","protected":false},"featured_media":19653,"comment_status":"closed","ping_status":"closed","template":"","meta":{"_joinchat":[]},"product_brand":[],"product_cat":[309,160],"product_tag":[],"class_list":{"0":"post-19644","1":"product","2":"type-product","3":"status-publish","4":"has-post-thumbnail","6":"product_cat-simms","7":"product_cat-zapatos-de-vadeo","8":"entry","9":"has-media","11":"first","12":"outofstock","13":"shipping-taxable","14":"product-type-variable","15":"col","16":"wpex-woo-entry","17":"span_1_of_6 span_1_of_3_pp"},"supplier_id":null,"supplier_sku":"","barcode":null,"atum_controlled":true,"out_stock_date":null,"out_stock_threshold":null,"inheritable":true,"inbound_stock":null,"stock_on_hold":0,"sold_today":0,"sales_last_days":2,"reserved_stock":null,"customer_returns":null,"warehouse_damage":null,"lost_in_post":null,"other_logs":null,"out_stock_days":null,"lost_sales":0,"has_location":false,"update_date":"2025-12-16T21:05:31","atum_locations":[],"atum_stock_status":"instock","restock_status":false,"low_stock_amount":"","sales_update_date":null,"calc_backorders":null,"_links":{"self":[{"href":"https:\/\/www.flyshop.cl\/TIENDA\/wp-json\/wp\/v2\/product\/19644","targetHints":{"allow":["GET"]}}],"collection":[{"href":"https:\/\/www.flyshop.cl\/TIENDA\/wp-json\/wp\/v2\/product"}],"about":[{"href":"https:\/\/www.flyshop.cl\/TIENDA\/wp-json\/wp\/v2\/types\/product"}],"replies":[{"embeddable":true,"href":"https:\/\/www.flyshop.cl\/TIENDA\/wp-json\/wp\/v2\/comments?post=19644"}],"wp:featuredmedia":[{"embeddable":true,"href":"https:\/\/www.flyshop.cl\/TIENDA\/wp-json\/wp\/v2\/media\/19653"}],"wp:attachment":[{"href":"https:\/\/www.flyshop.cl\/TIENDA\/wp-json\/wp\/v2\/media?parent=19644"}],"wp:term":[{"taxonomy":"product_brand","embeddable":true,"href":"https:\/\/www.flyshop.cl\/TIENDA\/wp-json\/wp\/v2\/product_brand?post=19644"},{"taxonomy":"product_cat","embeddable":true,"href":"https:\/\/www.flyshop.cl\/TIENDA\/wp-json\/wp\/v2\/product_cat?post=19644"},{"taxonomy":"product_tag","embeddable":true,"href":"https:\/\/www.flyshop.cl\/TIENDA\/wp-json\/wp\/v2\/product_tag?post=19644"}],"curies":[{"name":"wp","href":"https:\/\/api.w.org\/{rel}","templated":true}]}}