{"id":19626,"date":"2024-11-15T20:23:17","date_gmt":"2024-11-15T20:23:17","guid":{"rendered":"https:\/\/www.flyshop.cl\/TIENDA\/?post_type=product&#038;p=19626"},"modified":"2025-03-10T21:09:10","modified_gmt":"2025-03-10T21:09:10","slug":"botella-yeti-hotshot-355-ml-black","status":"publish","type":"product","link":"https:\/\/www.flyshop.cl\/TIENDA\/producto\/botella-yeti-hotshot-355-ml-black\/","title":{"rendered":"Botella YETI  HotShot 355 ML black"},"content":{"rendered":"<div class=\"row row__description\">\n<div class=\"col-12\">\n<div class=\"js-short-description short-description \">\n<p>Nuestra cl\u00e1sica botella, junto con la tapa HotShot\u2122 de 360\u00b0, es herm\u00e9tica e ideal para llevar caf\u00e9 caliente al salir de casa.<\/p>\n<ul>\n<li>Compatible con portavasos<\/li>\n<li>Herm\u00e9tica<\/li>\n<li>Para tomar de cualquier \u00e1ngulo<\/li>\n<li>Apta para lavavajillas<\/li>\n<li>capacidad de 355 ml<\/li>\n<\/ul>\n<p>&nbsp;<\/p>\n<\/div>\n<\/div>\n<\/div>\n","protected":false},"excerpt":{"rendered":"<p>Nuestra cl\u00e1sica botella, junto con la tapa HotShot\u2122 de 360\u00b0, es herm\u00e9tica e ideal para llevar caf\u00e9 caliente al salir de casa. Compatible con portavasos Herm\u00e9tica Para tomar de cualquier \u00e1ngulo Apta para lavavajillas capacidad de 355 ml &nbsp;<\/p>\n","protected":false},"featured_media":19629,"comment_status":"closed","ping_status":"closed","template":"","meta":{"_joinchat":[]},"product_brand":[],"product_cat":[788],"product_tag":[],"class_list":{"0":"post-19626","1":"product","2":"type-product","3":"status-publish","4":"has-post-thumbnail","6":"product_cat-yeti","7":"entry","8":"has-media","10":"first","11":"outofstock","12":"shipping-taxable","13":"purchasable","14":"product-type-simple","15":"col","16":"wpex-woo-entry","17":"span_1_of_6 span_1_of_3_pp"},"supplier_id":null,"supplier_sku":"","barcode":null,"atum_controlled":true,"out_stock_date":"2025-03-10 21:09:10","out_stock_threshold":null,"inheritable":false,"inbound_stock":null,"stock_on_hold":0,"sold_today":0,"sales_last_days":1,"reserved_stock":null,"customer_returns":null,"warehouse_damage":null,"lost_in_post":null,"other_logs":null,"out_stock_days":0,"lost_sales":0,"has_location":false,"update_date":"2025-03-10T21:09:12","atum_locations":[],"atum_stock_status":"outofstock","restock_status":false,"low_stock_amount":"","sales_update_date":"2024-12-16T16:30:20","calc_backorders":null,"_links":{"self":[{"href":"https:\/\/www.flyshop.cl\/TIENDA\/wp-json\/wp\/v2\/product\/19626","targetHints":{"allow":["GET"]}}],"collection":[{"href":"https:\/\/www.flyshop.cl\/TIENDA\/wp-json\/wp\/v2\/product"}],"about":[{"href":"https:\/\/www.flyshop.cl\/TIENDA\/wp-json\/wp\/v2\/types\/product"}],"replies":[{"embeddable":true,"href":"https:\/\/www.flyshop.cl\/TIENDA\/wp-json\/wp\/v2\/comments?post=19626"}],"wp:featuredmedia":[{"embeddable":true,"href":"https:\/\/www.flyshop.cl\/TIENDA\/wp-json\/wp\/v2\/media\/19629"}],"wp:attachment":[{"href":"https:\/\/www.flyshop.cl\/TIENDA\/wp-json\/wp\/v2\/media?parent=19626"}],"wp:term":[{"taxonomy":"product_brand","embeddable":true,"href":"https:\/\/www.flyshop.cl\/TIENDA\/wp-json\/wp\/v2\/product_brand?post=19626"},{"taxonomy":"product_cat","embeddable":true,"href":"https:\/\/www.flyshop.cl\/TIENDA\/wp-json\/wp\/v2\/product_cat?post=19626"},{"taxonomy":"product_tag","embeddable":true,"href":"https:\/\/www.flyshop.cl\/TIENDA\/wp-json\/wp\/v2\/product_tag?post=19626"}],"curies":[{"name":"wp","href":"https:\/\/api.w.org\/{rel}","templated":true}]}}