{"id":19598,"date":"2024-11-13T21:39:02","date_gmt":"2024-11-13T21:39:02","guid":{"rendered":"https:\/\/www.flyshop.cl\/TIENDA\/?post_type=product&#038;p=19598"},"modified":"2025-07-23T16:04:36","modified_gmt":"2025-07-23T16:04:36","slug":"yeti-sidekick-dry-3l-navy","status":"publish","type":"product","link":"https:\/\/www.flyshop.cl\/TIENDA\/producto\/yeti-sidekick-dry-3l-navy\/","title":{"rendered":"YETI SIDEKICK DRY 3L NAVY"},"content":{"rendered":"<p>Mant\u00e9n todo lo que necesitas para un d\u00eda en el agua, fuera del agua.<\/p>\n<p>Este estuche a prueba de agua es la forma m\u00e1s f\u00e1cil de llevar esas cosas peque\u00f1as que necesitas mantener seguras y secas en el exterior. Cuenta con bolsillos interiores de malla que te ayudar\u00e1n a mantenerte organizado, un sellado a prueba de agua hecho con imanes potentes y un cierre de velcro ultraduradero, adem\u00e1s de costuras soldadas por radiofrecuencia que repelen la humedad,<\/p>\n<ul>\n<li>Tiene espacio para tu tel\u00e9fono, lentes, protector solar y hasta una botella de salsa.<\/li>\n<li>El cierre magn\u00e9tico Hydroshield\u2122 mantiene tu equipo seco<\/li>\n<\/ul>\n<p>&nbsp;<\/p>\n<p>&nbsp;<\/p>\n<p><img loading=\"lazy\" decoding=\"async\" class=\"alignnone wp-image-19602\" src=\"https:\/\/www.flyshop.cl\/TIENDA\/wp-content\/uploads\/2024\/11\/Screenshot-2024-11-13-at-18-29-55-Sidekick_gear_case_navy_gray.png-Imagen-AVIF-1600-\u00d7-1600-pixeles-Escalado-39--300x300.png\" alt=\"\" width=\"343\" height=\"343\" srcset=\"https:\/\/www.flyshop.cl\/TIENDA\/wp-content\/uploads\/2024\/11\/Screenshot-2024-11-13-at-18-29-55-Sidekick_gear_case_navy_gray.png-Imagen-AVIF-1600-\u00d7-1600-pixeles-Escalado-39--300x300.png 300w, https:\/\/www.flyshop.cl\/TIENDA\/wp-content\/uploads\/2024\/11\/Screenshot-2024-11-13-at-18-29-55-Sidekick_gear_case_navy_gray.png-Imagen-AVIF-1600-\u00d7-1600-pixeles-Escalado-39--150x150.png 150w, https:\/\/www.flyshop.cl\/TIENDA\/wp-content\/uploads\/2024\/11\/Screenshot-2024-11-13-at-18-29-55-Sidekick_gear_case_navy_gray.png-Imagen-AVIF-1600-\u00d7-1600-pixeles-Escalado-39--600x600.png 600w, https:\/\/www.flyshop.cl\/TIENDA\/wp-content\/uploads\/2024\/11\/Screenshot-2024-11-13-at-18-29-55-Sidekick_gear_case_navy_gray.png-Imagen-AVIF-1600-\u00d7-1600-pixeles-Escalado-39--100x100.png 100w, https:\/\/www.flyshop.cl\/TIENDA\/wp-content\/uploads\/2024\/11\/Screenshot-2024-11-13-at-18-29-55-Sidekick_gear_case_navy_gray.png-Imagen-AVIF-1600-\u00d7-1600-pixeles-Escalado-39-.png 635w\" sizes=\"auto, (max-width: 343px) 100vw, 343px\" \/><\/p>\n<p>dimensiones en pulgadas<\/p>\n","protected":false},"excerpt":{"rendered":"<p>Mant\u00e9n todo lo que necesitas para un d\u00eda en el agua, fuera del agua. Este estuche a prueba de agua es la forma m\u00e1s f\u00e1cil de llevar esas cosas peque\u00f1as que necesitas mantener seguras y secas en el exterior. Cuenta&hellip;<\/p>\n","protected":false},"featured_media":19599,"comment_status":"closed","ping_status":"closed","template":"","meta":{"_joinchat":[]},"product_brand":[],"product_cat":[788],"product_tag":[],"class_list":{"0":"post-19598","1":"product","2":"type-product","3":"status-publish","4":"has-post-thumbnail","6":"product_cat-yeti","7":"entry","8":"has-media","10":"first","11":"outofstock","12":"shipping-taxable","13":"purchasable","14":"product-type-simple","15":"col","16":"wpex-woo-entry","17":"span_1_of_6 span_1_of_3_pp"},"supplier_id":null,"supplier_sku":"","barcode":null,"atum_controlled":true,"out_stock_date":"2025-07-23 16:04:36","out_stock_threshold":null,"inheritable":false,"inbound_stock":null,"stock_on_hold":0,"sold_today":0,"sales_last_days":1,"reserved_stock":null,"customer_returns":null,"warehouse_damage":null,"lost_in_post":null,"other_logs":null,"out_stock_days":0,"lost_sales":0,"has_location":false,"update_date":"2025-07-23T16:04:37","atum_locations":[],"atum_stock_status":"outofstock","restock_status":false,"low_stock_amount":"","sales_update_date":"2024-11-25T14:01:32","calc_backorders":null,"_links":{"self":[{"href":"https:\/\/www.flyshop.cl\/TIENDA\/wp-json\/wp\/v2\/product\/19598","targetHints":{"allow":["GET"]}}],"collection":[{"href":"https:\/\/www.flyshop.cl\/TIENDA\/wp-json\/wp\/v2\/product"}],"about":[{"href":"https:\/\/www.flyshop.cl\/TIENDA\/wp-json\/wp\/v2\/types\/product"}],"replies":[{"embeddable":true,"href":"https:\/\/www.flyshop.cl\/TIENDA\/wp-json\/wp\/v2\/comments?post=19598"}],"wp:featuredmedia":[{"embeddable":true,"href":"https:\/\/www.flyshop.cl\/TIENDA\/wp-json\/wp\/v2\/media\/19599"}],"wp:attachment":[{"href":"https:\/\/www.flyshop.cl\/TIENDA\/wp-json\/wp\/v2\/media?parent=19598"}],"wp:term":[{"taxonomy":"product_brand","embeddable":true,"href":"https:\/\/www.flyshop.cl\/TIENDA\/wp-json\/wp\/v2\/product_brand?post=19598"},{"taxonomy":"product_cat","embeddable":true,"href":"https:\/\/www.flyshop.cl\/TIENDA\/wp-json\/wp\/v2\/product_cat?post=19598"},{"taxonomy":"product_tag","embeddable":true,"href":"https:\/\/www.flyshop.cl\/TIENDA\/wp-json\/wp\/v2\/product_tag?post=19598"}],"curies":[{"name":"wp","href":"https:\/\/api.w.org\/{rel}","templated":true}]}}