{"id":19506,"date":"2024-12-02T19:19:54","date_gmt":"2024-12-02T19:19:54","guid":{"rendered":"https:\/\/www.flyshop.cl\/TIENDA\/?post_type=product&#038;p=19506"},"modified":"2026-03-04T15:47:49","modified_gmt":"2026-03-04T15:47:49","slug":"bolso-simms-tailwind-50l-duffel-orange","status":"publish","type":"product","link":"https:\/\/www.flyshop.cl\/TIENDA\/producto\/bolso-simms-tailwind-50l-duffel-orange\/","title":{"rendered":"Bolso simms TAILWIND 50L DUFFEL orange"},"content":{"rendered":"<p>Con espacio suficiente para viajes cortos o escapadas nocturnas de pesca, el Tailwind 50L Duffel es un dise\u00f1o duradero y a prueba de clima que se adapta a todos tus planes.<\/p>\n<ul>\n<li>Tela de nailon 420D altamente resistente a la abrasi\u00f3n y desgarros, con recubrimiento de carbonato para protecci\u00f3n contra el clima.<\/li>\n<li>La apertura principal de 270 grados, estilo concha, est\u00e1 asegurada por una resistente cremallera YKK Aquaguard #10 y expone un compartimento principal espacioso al abrirse.<\/li>\n<li>Un compartimento secundario con cremallera en la base est\u00e1 dise\u00f1ado para guardar equipo h\u00famedo y sucio.<\/li>\n<li>Bolsillos organizadores de malla ubicados debajo de la tapa en la apertura principal para almacenar lo esencial.<\/li>\n<li>Arn\u00e9s de hombro desplegable, almacenable y removible para llevar como mochila.<\/li>\n<li>Dos asas muy resistentes, construidas con neopreno y cinta de refuerzo.<\/li>\n<\/ul>\n<p>ESPECIFICACIONES:<\/p>\n<ul>\n<li>TECNOLOG\u00cdA DE TELA: Nailon de alta densidad 420D con recubrimiento de carbonato.<\/li>\n<li>DIMENSIONES: 33 cm largo x 26.7 cm ancho x 54.6 cm alto.<\/li>\n<li>CAPACIDAD: 50 litros.<\/li>\n<li>PESO: 0.86 kg.<\/li>\n<\/ul>\n","protected":false},"excerpt":{"rendered":"<p>Con espacio suficiente para viajes cortos o escapadas nocturnas de pesca, el Tailwind 50L Duffel es un dise\u00f1o duradero y a prueba de clima que se adapta a todos tus planes. Tela de nailon 420D altamente resistente a la abrasi\u00f3n&hellip;<\/p>\n","protected":false},"featured_media":19505,"comment_status":"closed","ping_status":"closed","template":"","meta":{"_joinchat":[]},"product_brand":[],"product_cat":[150,299],"product_tag":[],"class_list":{"0":"post-19506","1":"product","2":"type-product","3":"status-publish","4":"has-post-thumbnail","6":"product_cat-bolsos-simms","7":"product_cat-ofertas","8":"entry","9":"has-media","11":"first","12":"instock","13":"sale","14":"shipping-taxable","15":"purchasable","16":"product-type-simple","17":"col","18":"wpex-woo-entry","19":"span_1_of_6 span_1_of_3_pp"},"supplier_id":null,"supplier_sku":"","barcode":null,"atum_controlled":true,"out_stock_date":null,"out_stock_threshold":null,"inheritable":false,"inbound_stock":null,"stock_on_hold":0,"sold_today":0,"sales_last_days":0,"reserved_stock":null,"customer_returns":null,"warehouse_damage":null,"lost_in_post":null,"other_logs":null,"out_stock_days":0,"lost_sales":0,"has_location":false,"update_date":"2026-04-01T13:52:48","atum_locations":[],"atum_stock_status":"instock","restock_status":false,"low_stock_amount":"","sales_update_date":"2026-04-01T13:52:48","calc_backorders":null,"_links":{"self":[{"href":"https:\/\/www.flyshop.cl\/TIENDA\/wp-json\/wp\/v2\/product\/19506","targetHints":{"allow":["GET"]}}],"collection":[{"href":"https:\/\/www.flyshop.cl\/TIENDA\/wp-json\/wp\/v2\/product"}],"about":[{"href":"https:\/\/www.flyshop.cl\/TIENDA\/wp-json\/wp\/v2\/types\/product"}],"replies":[{"embeddable":true,"href":"https:\/\/www.flyshop.cl\/TIENDA\/wp-json\/wp\/v2\/comments?post=19506"}],"wp:featuredmedia":[{"embeddable":true,"href":"https:\/\/www.flyshop.cl\/TIENDA\/wp-json\/wp\/v2\/media\/19505"}],"wp:attachment":[{"href":"https:\/\/www.flyshop.cl\/TIENDA\/wp-json\/wp\/v2\/media?parent=19506"}],"wp:term":[{"taxonomy":"product_brand","embeddable":true,"href":"https:\/\/www.flyshop.cl\/TIENDA\/wp-json\/wp\/v2\/product_brand?post=19506"},{"taxonomy":"product_cat","embeddable":true,"href":"https:\/\/www.flyshop.cl\/TIENDA\/wp-json\/wp\/v2\/product_cat?post=19506"},{"taxonomy":"product_tag","embeddable":true,"href":"https:\/\/www.flyshop.cl\/TIENDA\/wp-json\/wp\/v2\/product_tag?post=19506"}],"curies":[{"name":"wp","href":"https:\/\/api.w.org\/{rel}","templated":true}]}}