{"id":19479,"date":"2024-12-02T19:20:03","date_gmt":"2024-12-02T19:20:03","guid":{"rendered":"https:\/\/www.flyshop.cl\/TIENDA\/?post_type=product&#038;p=19479"},"modified":"2024-12-02T19:20:03","modified_gmt":"2024-12-02T19:20:03","slug":"maleta-simms-tailwind-80l-duffel-black","status":"publish","type":"product","link":"https:\/\/www.flyshop.cl\/TIENDA\/producto\/maleta-simms-tailwind-80l-duffel-black\/","title":{"rendered":"maleta simms TAILWIND 80L DUFFEL BLACK"},"content":{"rendered":"<p>Con el tama\u00f1o perfecto para escapadas de varios d\u00edas, el Tailwind 80L Duffel ofrece durabilidad a prueba de clima y una capacidad cavernosa para todo tu equipo en aventuras tanto de agua dulce como salada.<\/p>\n<ul>\n<li>Tela de nailon 420D altamente resistente a la abrasi\u00f3n y desgarros, con recubrimiento de carbonato para protecci\u00f3n contra el clima.<\/li>\n<li>La apertura principal de 270 grados, estilo concha, est\u00e1 asegurada por una cremallera YKK Aquaguard #10 resistente, revelando un compartimento principal espacioso al abrirse.<\/li>\n<li>Un compartimento secundario con cremallera en la base est\u00e1 dise\u00f1ado para guardar equipo h\u00famedo y sucio.<\/li>\n<li>Bolsillos organizadores de malla ubicados debajo de la tapa en la apertura principal para guardar lo esencial.<\/li>\n<li>Arn\u00e9s de hombro desplegable, almacenable y removible para llevar como mochila.<\/li>\n<li>Dos asas muy resistentes, construidas con neopreno y cinta de refuerzo.<\/li>\n<\/ul>\n<p>ESPECIFICACIONES:<\/p>\n<ul>\n<li>TECNOLOG\u00cdA DE TELA: Nailon de alta densidad 420D con recubrimiento de carbonato.<\/li>\n<li>DIMENSIONES: 30.5 cm largo x 33 cm ancho x 71 cm alto.<\/li>\n<li>CAPACIDAD: 80 litros.<\/li>\n<li>PESO: 1.13 kg.<\/li>\n<\/ul>\n","protected":false},"excerpt":{"rendered":"<p>Con el tama\u00f1o perfecto para escapadas de varios d\u00edas, el Tailwind 80L Duffel ofrece durabilidad a prueba de clima y una capacidad cavernosa para todo tu equipo en aventuras tanto de agua dulce como salada. Tela de nailon 420D altamente&hellip;<\/p>\n","protected":false},"featured_media":19489,"comment_status":"closed","ping_status":"closed","template":"","meta":{"_joinchat":[]},"product_brand":[],"product_cat":[150],"product_tag":[],"class_list":{"0":"post-19479","1":"product","2":"type-product","3":"status-publish","4":"has-post-thumbnail","6":"product_cat-bolsos-simms","7":"entry","8":"has-media","10":"first","11":"instock","12":"shipping-taxable","13":"purchasable","14":"product-type-simple","15":"col","16":"wpex-woo-entry","17":"span_1_of_6 span_1_of_3_pp"},"supplier_id":null,"supplier_sku":"","barcode":null,"atum_controlled":true,"out_stock_date":null,"out_stock_threshold":null,"inheritable":false,"inbound_stock":null,"stock_on_hold":null,"sold_today":null,"sales_last_days":null,"reserved_stock":null,"customer_returns":null,"warehouse_damage":null,"lost_in_post":null,"other_logs":null,"out_stock_days":null,"lost_sales":null,"has_location":false,"update_date":"2024-12-02T19:20:10","atum_locations":[],"atum_stock_status":"instock","restock_status":false,"low_stock_amount":"","sales_update_date":null,"calc_backorders":null,"_links":{"self":[{"href":"https:\/\/www.flyshop.cl\/TIENDA\/wp-json\/wp\/v2\/product\/19479","targetHints":{"allow":["GET"]}}],"collection":[{"href":"https:\/\/www.flyshop.cl\/TIENDA\/wp-json\/wp\/v2\/product"}],"about":[{"href":"https:\/\/www.flyshop.cl\/TIENDA\/wp-json\/wp\/v2\/types\/product"}],"replies":[{"embeddable":true,"href":"https:\/\/www.flyshop.cl\/TIENDA\/wp-json\/wp\/v2\/comments?post=19479"}],"wp:featuredmedia":[{"embeddable":true,"href":"https:\/\/www.flyshop.cl\/TIENDA\/wp-json\/wp\/v2\/media\/19489"}],"wp:attachment":[{"href":"https:\/\/www.flyshop.cl\/TIENDA\/wp-json\/wp\/v2\/media?parent=19479"}],"wp:term":[{"taxonomy":"product_brand","embeddable":true,"href":"https:\/\/www.flyshop.cl\/TIENDA\/wp-json\/wp\/v2\/product_brand?post=19479"},{"taxonomy":"product_cat","embeddable":true,"href":"https:\/\/www.flyshop.cl\/TIENDA\/wp-json\/wp\/v2\/product_cat?post=19479"},{"taxonomy":"product_tag","embeddable":true,"href":"https:\/\/www.flyshop.cl\/TIENDA\/wp-json\/wp\/v2\/product_tag?post=19479"}],"curies":[{"name":"wp","href":"https:\/\/api.w.org\/{rel}","templated":true}]}}