{"id":19470,"date":"2024-12-02T19:20:05","date_gmt":"2024-12-02T19:20:05","guid":{"rendered":"https:\/\/www.flyshop.cl\/TIENDA\/?post_type=product&#038;p=19470"},"modified":"2025-04-08T16:55:33","modified_gmt":"2025-04-08T16:55:33","slug":"maleta-simms-tailwind-roller-black","status":"publish","type":"product","link":"https:\/\/www.flyshop.cl\/TIENDA\/producto\/maleta-simms-tailwind-roller-black\/","title":{"rendered":"Maleta Simms TAILWIND ROLLER BLACK"},"content":{"rendered":"<p>Descubre nuevos destinos con la Tailwind Roller, tu compa\u00f1era ideal para viajes largos y exploraciones. Dise\u00f1ada para ser resistente y lo suficientemente espaciosa para todo tu equipo, esta maleta con ruedas est\u00e1 hecha para acompa\u00f1arte en tus viajes m\u00e1s extensos y ambiciosos.<\/p>\n<ul>\n<li>Tela de nailon 420D altamente resistente a la abrasi\u00f3n y los desgarros, con recubrimiento de carbonato y solapa sobre la cremallera para protecci\u00f3n contra la intemperie.<\/li>\n<li>La apertura principal de 270 grados est\u00e1 asegurada por una resistente cremallera YKK #10 y expone el amplio compartimento principal al abrirse.<\/li>\n<li>Bolsillo frontal con cremallera para acceso r\u00e1pido a art\u00edculos m\u00e1s peque\u00f1os.<\/li>\n<li>Bolsillos organizadores de malla ubicados debajo de la tapa en la apertura principal para guardar lo esencial.<\/li>\n<li>Correas de compresi\u00f3n internas para asegurar el equipo.<\/li>\n<li>Dos asas muy resistentes, ubicadas a ambos lados, para levantar y cargar f\u00e1cilmente..<\/li>\n<\/ul>\n<p>ESPECIFICACIONES:<\/p>\n<ul>\n<li>TECNOLOG\u00cdA DE TELA: Nailon de alta densidad 420D con recubrimiento de carbonato.<\/li>\n<li>DIMENSIONES: 43 cm largo x 35.5 cm ancho x 106.7 cm alto.<\/li>\n<li>CAPACIDAD: 161.5 litros.<\/li>\n<\/ul>\n","protected":false},"excerpt":{"rendered":"<p>Descubre nuevos destinos con la Tailwind Roller, tu compa\u00f1era ideal para viajes largos y exploraciones. Dise\u00f1ada para ser resistente y lo suficientemente espaciosa para todo tu equipo, esta maleta con ruedas est\u00e1 hecha para acompa\u00f1arte en tus viajes m\u00e1s extensos&hellip;<\/p>\n","protected":false},"featured_media":19478,"comment_status":"closed","ping_status":"closed","template":"","meta":{"_joinchat":[]},"product_brand":[],"product_cat":[150],"product_tag":[],"class_list":{"0":"post-19470","1":"product","2":"type-product","3":"status-publish","4":"has-post-thumbnail","6":"product_cat-bolsos-simms","7":"entry","8":"has-media","10":"first","11":"instock","12":"shipping-taxable","13":"purchasable","14":"product-type-simple","15":"col","16":"wpex-woo-entry","17":"span_1_of_6 span_1_of_3_pp"},"supplier_id":null,"supplier_sku":"","barcode":null,"atum_controlled":true,"out_stock_date":null,"out_stock_threshold":null,"inheritable":false,"inbound_stock":null,"stock_on_hold":null,"sold_today":null,"sales_last_days":null,"reserved_stock":null,"customer_returns":null,"warehouse_damage":null,"lost_in_post":null,"other_logs":null,"out_stock_days":null,"lost_sales":null,"has_location":false,"update_date":"2025-04-08T16:55:39","atum_locations":[],"atum_stock_status":"instock","restock_status":false,"low_stock_amount":"","sales_update_date":null,"calc_backorders":null,"_links":{"self":[{"href":"https:\/\/www.flyshop.cl\/TIENDA\/wp-json\/wp\/v2\/product\/19470","targetHints":{"allow":["GET"]}}],"collection":[{"href":"https:\/\/www.flyshop.cl\/TIENDA\/wp-json\/wp\/v2\/product"}],"about":[{"href":"https:\/\/www.flyshop.cl\/TIENDA\/wp-json\/wp\/v2\/types\/product"}],"replies":[{"embeddable":true,"href":"https:\/\/www.flyshop.cl\/TIENDA\/wp-json\/wp\/v2\/comments?post=19470"}],"wp:featuredmedia":[{"embeddable":true,"href":"https:\/\/www.flyshop.cl\/TIENDA\/wp-json\/wp\/v2\/media\/19478"}],"wp:attachment":[{"href":"https:\/\/www.flyshop.cl\/TIENDA\/wp-json\/wp\/v2\/media?parent=19470"}],"wp:term":[{"taxonomy":"product_brand","embeddable":true,"href":"https:\/\/www.flyshop.cl\/TIENDA\/wp-json\/wp\/v2\/product_brand?post=19470"},{"taxonomy":"product_cat","embeddable":true,"href":"https:\/\/www.flyshop.cl\/TIENDA\/wp-json\/wp\/v2\/product_cat?post=19470"},{"taxonomy":"product_tag","embeddable":true,"href":"https:\/\/www.flyshop.cl\/TIENDA\/wp-json\/wp\/v2\/product_tag?post=19470"}],"curies":[{"name":"wp","href":"https:\/\/api.w.org\/{rel}","templated":true}]}}