{"id":19399,"date":"2024-09-27T19:42:28","date_gmt":"2024-09-27T19:42:28","guid":{"rendered":"https:\/\/www.flyshop.cl\/TIENDA\/?post_type=product&#038;p=19399"},"modified":"2025-11-30T00:50:49","modified_gmt":"2025-11-30T00:50:49","slug":"simms-freestone-wading-pant","status":"publish","type":"product","link":"https:\/\/www.flyshop.cl\/TIENDA\/producto\/simms-freestone-wading-pant\/","title":{"rendered":"Simms freestone wading pant"},"content":{"rendered":"<p>&nbsp;<\/p>\n<p>Construidos para d\u00edas de pesca c\u00e1lidos y entornos de vadeo donde los pantalones hasta el pecho son excesivos, los pantalones <strong>Freestone\u00ae<\/strong> ofrecen durabilidad y transpirabilidad en un paquete liviano.<\/p>\n<ul>\n<li>Parte superior e inferior de 4 capas duraderas y transpirables de <strong>Toray QuadraLam<\/strong><\/li>\n<li>Bragueta con fuelle y cremallera para un mejor ajuste y facilidad al ponerse o quitarse<\/li>\n<li>Bolsillos en las caderas para un acceso r\u00e1pido a lo esencial<\/li>\n<li>Trabillas de cintur\u00f3n integradas de 5 cm (2&#8243;) con cintur\u00f3n el\u00e1stico ajustable para vadeo<\/li>\n<li>Calcetines anat\u00f3micamente dise\u00f1ados de neopreno<\/li>\n<li>Costuras delanteras y traseras caracter\u00edsticas de los vaders <strong>Simms<\/strong><\/li>\n<li>Los bolsillos tienen orificios de drenaje, pero no son impermeables.<strong>AJUSTE:<\/strong> Es m\u00e1s peque\u00f1o que la versi\u00f3n anterior. Recomendamos elegir una talla m\u00e1s.<strong>La mejor garant\u00eda de vaders en la pesca:<\/strong> Reemplazo por filtraciones en 60 d\u00edas, sin preguntas. Reparaciones durante 365 d\u00edas a cargo de nosotros. Consulta la pesta\u00f1a anterior para m\u00e1s detalles.<\/li>\n<\/ul>\n<p><strong>TECNOLOG\u00cdA DE LA TELA:<\/strong><\/p>\n<p>Parte superior e inferior de 4 capas <strong>Toray QuadraLam<\/strong><\/p>\n<p><strong>PESO:<\/strong> 1080 g (38.1 oz) en talla mediana.<\/p>\n","protected":false},"excerpt":{"rendered":"<p>&nbsp; Construidos para d\u00edas de pesca c\u00e1lidos y entornos de vadeo donde los pantalones hasta el pecho son excesivos, los pantalones Freestone\u00ae ofrecen durabilidad y transpirabilidad en un paquete liviano. Parte superior e inferior de 4 capas duraderas y transpirables&hellip;<\/p>\n","protected":false},"featured_media":17782,"comment_status":"closed","ping_status":"closed","template":"","meta":{"_joinchat":[]},"product_brand":[],"product_cat":[309,137],"product_tag":[],"class_list":{"0":"post-19399","1":"product","2":"type-product","3":"status-publish","4":"has-post-thumbnail","6":"product_cat-simms","7":"product_cat-waders","8":"entry","9":"has-media","11":"first","12":"instock","13":"shipping-taxable","14":"purchasable","15":"product-type-variable","16":"col","17":"wpex-woo-entry","18":"span_1_of_6 span_1_of_3_pp"},"supplier_id":null,"supplier_sku":"","barcode":null,"atum_controlled":true,"out_stock_date":null,"out_stock_threshold":null,"inheritable":true,"inbound_stock":null,"stock_on_hold":0,"sold_today":0,"sales_last_days":0,"reserved_stock":null,"customer_returns":null,"warehouse_damage":null,"lost_in_post":null,"other_logs":null,"out_stock_days":null,"lost_sales":0,"has_location":false,"update_date":"2025-11-30T16:12:06","atum_locations":[],"atum_stock_status":"instock","restock_status":false,"low_stock_amount":"","sales_update_date":null,"calc_backorders":null,"_links":{"self":[{"href":"https:\/\/www.flyshop.cl\/TIENDA\/wp-json\/wp\/v2\/product\/19399","targetHints":{"allow":["GET"]}}],"collection":[{"href":"https:\/\/www.flyshop.cl\/TIENDA\/wp-json\/wp\/v2\/product"}],"about":[{"href":"https:\/\/www.flyshop.cl\/TIENDA\/wp-json\/wp\/v2\/types\/product"}],"replies":[{"embeddable":true,"href":"https:\/\/www.flyshop.cl\/TIENDA\/wp-json\/wp\/v2\/comments?post=19399"}],"wp:featuredmedia":[{"embeddable":true,"href":"https:\/\/www.flyshop.cl\/TIENDA\/wp-json\/wp\/v2\/media\/17782"}],"wp:attachment":[{"href":"https:\/\/www.flyshop.cl\/TIENDA\/wp-json\/wp\/v2\/media?parent=19399"}],"wp:term":[{"taxonomy":"product_brand","embeddable":true,"href":"https:\/\/www.flyshop.cl\/TIENDA\/wp-json\/wp\/v2\/product_brand?post=19399"},{"taxonomy":"product_cat","embeddable":true,"href":"https:\/\/www.flyshop.cl\/TIENDA\/wp-json\/wp\/v2\/product_cat?post=19399"},{"taxonomy":"product_tag","embeddable":true,"href":"https:\/\/www.flyshop.cl\/TIENDA\/wp-json\/wp\/v2\/product_tag?post=19399"}],"curies":[{"name":"wp","href":"https:\/\/api.w.org\/{rel}","templated":true}]}}