{"id":19329,"date":"2024-09-10T14:16:42","date_gmt":"2024-09-10T14:16:42","guid":{"rendered":"https:\/\/www.flyshop.cl\/TIENDA\/?post_type=product&#038;p=19329"},"modified":"2025-11-30T00:50:49","modified_gmt":"2025-11-30T00:50:49","slug":"new-wader-simms-g4z","status":"publish","type":"product","link":"https:\/\/www.flyshop.cl\/TIENDA\/producto\/new-wader-simms-g4z\/","title":{"rendered":"New WADER SIMMS G4Z"},"content":{"rendered":"<div id=\"description\" class=\"description\">\n<div class=\"descriptionBox\">\n<p>Nuestro vadeador m\u00e1s avanzado y resistente, el G4Z Stockingfoot, fabricado en EE. UU., ofrece la mejor transpirabilidad impermeable de su clase, una durabilidad robusta e inigualable comodidad para esos lugares remotos y condiciones desafiantes que llamas hogar.<\/p>\n<ul>\n<li>El paquete de tela GORE-TEX\u00ae m\u00e1s duradero de Simms; GORE-TEX\u00ae Pro de 4 capas en la parte inferior y GORE-TEX\u00ae PRO de 3 capas en la parte superior.<\/li>\n<li>Pies de calcet\u00edn moldeados por compresi\u00f3n patentados para mayor comodidad y mejor ajuste de botas y cordones.<\/li>\n<li>Cremallera central frontal YKK AQUASEAL completamente impermeable, instalada con una construcci\u00f3n sin costuras para m\u00e1xima flexibilidad y comodidad.<\/li>\n<li>Amplios bolsillos en el pecho con cremallera y tejido el\u00e1stico proporcionan un almacenamiento generoso y acceso r\u00e1pido a los elementos esenciales para la pesca.<\/li>\n<li>Bolsillos con cremallera para calentar las manos, con felpa mejorada y m\u00e1s gruesa para mayor calidez y menor tiempo de secado para manos mojadas.<\/li>\n<li>Bolsillos interiores de almacenamiento con cremallera TRU ZIP\u00ae completamente impermeables y sumergibles.<\/li>\n<li>Sistema de tirantes con malla espaciadora revolucionada, que proporciona mayor comodidad, mejor transpirabilidad, ajuste ergon\u00f3mico y hardware de suspensi\u00f3n de ajuste r\u00e1pido con bloqueo de leva; incluye correas con recubrimiento de TPU para la sujeci\u00f3n de la red.<\/li>\n<li>Costuras frontales y traseras exclusivas de los vadeadores Simms; la extensi\u00f3n de 4 capas en el \u00e1rea frontal del muslo mejora la durabilidad y la comodidad para largas jornadas en el agua.<\/li>\n<li>Guardias de grava de neopreno sin enganches construidos con neopreno de 2 mm altamente resistente a la abrasi\u00f3n y perforaci\u00f3n; el cintur\u00f3n de vadeo de neopreno actualizado permite un ajuste f\u00e1cil y un mayor soporte lumbar.<\/li>\n<li>Fabricado en Bozeman, MT, EE. UU.<\/li>\n<\/ul>\n<p><strong>TECNOLOG\u00cdA DE LA TELA:<\/strong><\/p>\n<p>Superior: GORE-TEX\u00ae Pro de 3 capas<br \/>\nInferior: GORE-TEX\u00ae Pro de 4 capas<br \/>\nStockingfoot: Guardias de Grava: 100% Neopreno<\/p>\n<p>PESO: 50.8 oz. (1439 g) en talla Mediana<\/p>\n<\/div>\n<\/div>\n","protected":false},"excerpt":{"rendered":"<p>Nuestro vadeador m\u00e1s avanzado y resistente, el G4Z Stockingfoot, fabricado en EE. UU., ofrece la mejor transpirabilidad impermeable de su clase, una durabilidad robusta e inigualable comodidad para esos lugares remotos y condiciones desafiantes que llamas hogar. El paquete de&hellip;<\/p>\n","protected":false},"featured_media":19335,"comment_status":"open","ping_status":"closed","template":"","meta":{"_joinchat":[]},"product_brand":[],"product_cat":[309,137],"product_tag":[],"class_list":{"0":"post-19329","1":"product","2":"type-product","3":"status-publish","4":"has-post-thumbnail","6":"product_cat-simms","7":"product_cat-waders","8":"entry","9":"has-media","11":"first","12":"instock","13":"shipping-taxable","14":"purchasable","15":"product-type-variable","16":"col","17":"wpex-woo-entry","18":"span_1_of_6 span_1_of_3_pp"},"supplier_id":null,"supplier_sku":"","barcode":null,"atum_controlled":true,"out_stock_date":null,"out_stock_threshold":null,"inheritable":true,"inbound_stock":null,"stock_on_hold":0,"sold_today":0,"sales_last_days":2,"reserved_stock":null,"customer_returns":null,"warehouse_damage":null,"lost_in_post":null,"other_logs":null,"out_stock_days":null,"lost_sales":0,"has_location":false,"update_date":"2025-12-01T14:19:55","atum_locations":[],"atum_stock_status":"instock","restock_status":false,"low_stock_amount":"","sales_update_date":null,"calc_backorders":null,"_links":{"self":[{"href":"https:\/\/www.flyshop.cl\/TIENDA\/wp-json\/wp\/v2\/product\/19329","targetHints":{"allow":["GET"]}}],"collection":[{"href":"https:\/\/www.flyshop.cl\/TIENDA\/wp-json\/wp\/v2\/product"}],"about":[{"href":"https:\/\/www.flyshop.cl\/TIENDA\/wp-json\/wp\/v2\/types\/product"}],"replies":[{"embeddable":true,"href":"https:\/\/www.flyshop.cl\/TIENDA\/wp-json\/wp\/v2\/comments?post=19329"}],"wp:featuredmedia":[{"embeddable":true,"href":"https:\/\/www.flyshop.cl\/TIENDA\/wp-json\/wp\/v2\/media\/19335"}],"wp:attachment":[{"href":"https:\/\/www.flyshop.cl\/TIENDA\/wp-json\/wp\/v2\/media?parent=19329"}],"wp:term":[{"taxonomy":"product_brand","embeddable":true,"href":"https:\/\/www.flyshop.cl\/TIENDA\/wp-json\/wp\/v2\/product_brand?post=19329"},{"taxonomy":"product_cat","embeddable":true,"href":"https:\/\/www.flyshop.cl\/TIENDA\/wp-json\/wp\/v2\/product_cat?post=19329"},{"taxonomy":"product_tag","embeddable":true,"href":"https:\/\/www.flyshop.cl\/TIENDA\/wp-json\/wp\/v2\/product_tag?post=19329"}],"curies":[{"name":"wp","href":"https:\/\/api.w.org\/{rel}","templated":true}]}}