{"id":19312,"date":"2024-09-06T21:21:46","date_gmt":"2024-09-06T21:21:46","guid":{"rendered":"https:\/\/www.flyshop.cl\/TIENDA\/?post_type=product&#038;p=19312"},"modified":"2025-01-21T16:41:55","modified_gmt":"2025-01-21T16:41:55","slug":"g3-guide-boot-vibram-sole","status":"publish","type":"product","link":"https:\/\/www.flyshop.cl\/TIENDA\/producto\/g3-guide-boot-vibram-sole\/","title":{"rendered":"G3 guide boot vibram sole"},"content":{"rendered":"<p>Hechas para la resistencia, comodidad y estabilidad confiable en el r\u00edo, las botas G3 Guide \u2013 Vibram\u00ae son el est\u00e1ndar con agarre usado por gu\u00edas y pescadores que viven para lograr sus objetivos.<\/p>\n<ul>\n<li>La construcci\u00f3n ultra-durable utiliza una combinaci\u00f3n de malla textil de alta abrasi\u00f3n, caucho sint\u00e9tico y natural con revestimientos de caucho resistente a los ara\u00f1azos.<\/li>\n<li>Dise\u00f1adas con una construcci\u00f3n tradicional de bota de trabajo para una permanencia casi total en el equipo de vadeo de un pescador.<\/li>\n<li>Suela Vibram Idrogrip con Traction Lug que ofrece un 20% m\u00e1s de resistencia al deslizamiento en superficies mojadas que la Idrogrip est\u00e1ndar.<\/li>\n<\/ul>\n","protected":false},"excerpt":{"rendered":"<p>Hechas para la resistencia, comodidad y estabilidad confiable en el r\u00edo, las botas G3 Guide \u2013 Vibram\u00ae son el est\u00e1ndar con agarre usado por gu\u00edas y pescadores que viven para lograr sus objetivos. La construcci\u00f3n ultra-durable utiliza una combinaci\u00f3n de&hellip;<\/p>\n","protected":false},"featured_media":19321,"comment_status":"closed","ping_status":"closed","template":"","meta":{"_joinchat":[]},"product_brand":[],"product_cat":[309,160],"product_tag":[],"class_list":{"0":"post-19312","1":"product","2":"type-product","3":"status-publish","4":"has-post-thumbnail","6":"product_cat-simms","7":"product_cat-zapatos-de-vadeo","8":"entry","9":"has-media","11":"first","12":"outofstock","13":"shipping-taxable","14":"product-type-variable","15":"col","16":"wpex-woo-entry","17":"span_1_of_6 span_1_of_3_pp"},"supplier_id":null,"supplier_sku":"","barcode":null,"atum_controlled":true,"out_stock_date":null,"out_stock_threshold":null,"inheritable":true,"inbound_stock":null,"stock_on_hold":null,"sold_today":null,"sales_last_days":null,"reserved_stock":null,"customer_returns":null,"warehouse_damage":null,"lost_in_post":null,"other_logs":null,"out_stock_days":null,"lost_sales":null,"has_location":false,"update_date":"2025-01-21T16:41:58","atum_locations":[],"atum_stock_status":"outofstock","restock_status":false,"low_stock_amount":"","sales_update_date":null,"calc_backorders":null,"_links":{"self":[{"href":"https:\/\/www.flyshop.cl\/TIENDA\/wp-json\/wp\/v2\/product\/19312","targetHints":{"allow":["GET"]}}],"collection":[{"href":"https:\/\/www.flyshop.cl\/TIENDA\/wp-json\/wp\/v2\/product"}],"about":[{"href":"https:\/\/www.flyshop.cl\/TIENDA\/wp-json\/wp\/v2\/types\/product"}],"replies":[{"embeddable":true,"href":"https:\/\/www.flyshop.cl\/TIENDA\/wp-json\/wp\/v2\/comments?post=19312"}],"wp:featuredmedia":[{"embeddable":true,"href":"https:\/\/www.flyshop.cl\/TIENDA\/wp-json\/wp\/v2\/media\/19321"}],"wp:attachment":[{"href":"https:\/\/www.flyshop.cl\/TIENDA\/wp-json\/wp\/v2\/media?parent=19312"}],"wp:term":[{"taxonomy":"product_brand","embeddable":true,"href":"https:\/\/www.flyshop.cl\/TIENDA\/wp-json\/wp\/v2\/product_brand?post=19312"},{"taxonomy":"product_cat","embeddable":true,"href":"https:\/\/www.flyshop.cl\/TIENDA\/wp-json\/wp\/v2\/product_cat?post=19312"},{"taxonomy":"product_tag","embeddable":true,"href":"https:\/\/www.flyshop.cl\/TIENDA\/wp-json\/wp\/v2\/product_tag?post=19312"}],"curies":[{"name":"wp","href":"https:\/\/api.w.org\/{rel}","templated":true}]}}