{"id":19303,"date":"2024-09-06T21:05:49","date_gmt":"2024-09-06T21:05:49","guid":{"rendered":"https:\/\/www.flyshop.cl\/TIENDA\/?post_type=product&#038;p=19303"},"modified":"2026-03-30T17:10:41","modified_gmt":"2026-03-30T17:10:41","slug":"new-g3-guide-boot-felt","status":"publish","type":"product","link":"https:\/\/www.flyshop.cl\/TIENDA\/producto\/new-g3-guide-boot-felt\/","title":{"rendered":"new G3 guide boot felt"},"content":{"rendered":"<p>Hecha para la resistencia, la comodidad y una estabilidad confiable en el r\u00edo, la Bota G3 Guide \u2013 Felt es el est\u00e1ndar de agarre utilizado por gu\u00edas y pescadores de largo recorrido que viven para cumplir su objetivo.<\/p>\n<ul>\n<li>Su construcci\u00f3n ultra duradera utiliza una combinaci\u00f3n de malla textil de alta abrasi\u00f3n, goma sint\u00e9tica y natural con superposiciones de goma antirrayaduras.<\/li>\n<li>Construida con una estructura tradicional de bota de trabajo para una durabilidad casi permanente en el equipo de vadeo de un pescador.<\/li>\n<li>Suela de fieltro Simms de 10 mm.<\/li>\n<\/ul>\n","protected":false},"excerpt":{"rendered":"<p>Hecha para la resistencia, la comodidad y una estabilidad confiable en el r\u00edo, la Bota G3 Guide \u2013 Felt es el est\u00e1ndar de agarre utilizado por gu\u00edas y pescadores de largo recorrido que viven para cumplir su objetivo. Su construcci\u00f3n&hellip;<\/p>\n","protected":false},"featured_media":19308,"comment_status":"closed","ping_status":"closed","template":"","meta":{"_joinchat":[]},"product_brand":[],"product_cat":[309,160],"product_tag":[],"class_list":{"0":"post-19303","1":"product","2":"type-product","3":"status-publish","4":"has-post-thumbnail","6":"product_cat-simms","7":"product_cat-zapatos-de-vadeo","8":"entry","9":"has-media","11":"first","12":"instock","13":"shipping-taxable","14":"purchasable","15":"product-type-variable","16":"col","17":"wpex-woo-entry","18":"span_1_of_6 span_1_of_3_pp"},"supplier_id":null,"supplier_sku":"","barcode":null,"atum_controlled":true,"out_stock_date":null,"out_stock_threshold":null,"inheritable":true,"inbound_stock":null,"stock_on_hold":0,"sold_today":1,"sales_last_days":4,"reserved_stock":null,"customer_returns":null,"warehouse_damage":null,"lost_in_post":null,"other_logs":null,"out_stock_days":null,"lost_sales":0,"has_location":false,"update_date":"2026-03-30T20:27:27","atum_locations":[],"atum_stock_status":"instock","restock_status":false,"low_stock_amount":"","sales_update_date":null,"calc_backorders":null,"_links":{"self":[{"href":"https:\/\/www.flyshop.cl\/TIENDA\/wp-json\/wp\/v2\/product\/19303","targetHints":{"allow":["GET"]}}],"collection":[{"href":"https:\/\/www.flyshop.cl\/TIENDA\/wp-json\/wp\/v2\/product"}],"about":[{"href":"https:\/\/www.flyshop.cl\/TIENDA\/wp-json\/wp\/v2\/types\/product"}],"replies":[{"embeddable":true,"href":"https:\/\/www.flyshop.cl\/TIENDA\/wp-json\/wp\/v2\/comments?post=19303"}],"wp:featuredmedia":[{"embeddable":true,"href":"https:\/\/www.flyshop.cl\/TIENDA\/wp-json\/wp\/v2\/media\/19308"}],"wp:attachment":[{"href":"https:\/\/www.flyshop.cl\/TIENDA\/wp-json\/wp\/v2\/media?parent=19303"}],"wp:term":[{"taxonomy":"product_brand","embeddable":true,"href":"https:\/\/www.flyshop.cl\/TIENDA\/wp-json\/wp\/v2\/product_brand?post=19303"},{"taxonomy":"product_cat","embeddable":true,"href":"https:\/\/www.flyshop.cl\/TIENDA\/wp-json\/wp\/v2\/product_cat?post=19303"},{"taxonomy":"product_tag","embeddable":true,"href":"https:\/\/www.flyshop.cl\/TIENDA\/wp-json\/wp\/v2\/product_tag?post=19303"}],"curies":[{"name":"wp","href":"https:\/\/api.w.org\/{rel}","templated":true}]}}