{"id":19228,"date":"2024-09-02T20:35:05","date_gmt":"2024-09-02T20:35:05","guid":{"rendered":"https:\/\/www.flyshop.cl\/TIENDA\/?post_type=product&#038;p=19228"},"modified":"2026-03-24T18:48:20","modified_gmt":"2026-03-24T18:48:20","slug":"ms-fall-run-hybrid-hoody-cobia","status":"publish","type":"product","link":"https:\/\/www.flyshop.cl\/TIENDA\/producto\/ms-fall-run-hybrid-hoody-cobia\/","title":{"rendered":"M&#8217;s Fall Run Hybrid Hoody Cobia"},"content":{"rendered":"<div class=\"flex flex-grow flex-col max-w-full\">\n<div class=\"min-h-[20px] text-message flex flex-col items-start gap-3 whitespace-pre-wrap break-words [.text-message+&amp;]:mt-5 overflow-x-auto\" data-message-author-role=\"assistant\" data-message-id=\"43d82729-dc08-4d49-92b7-c5ec6b68f4fd\">\n<div class=\"markdown prose w-full break-words dark:prose-invert light\">\n<p>Para equilibrar y moverse libremente en todas las situaciones, la Chaqueta H\u00edbrida Simms Fall Run combina aislamiento ligero premium, protecci\u00f3n resistente al agua y una construcci\u00f3n de fleece el\u00e1stico para ofrecer una soluci\u00f3n de capas que aborda todos los aspectos de la ecuaci\u00f3n.<\/p>\n<ul>\n<li>Este aislante h\u00edbrido con capucha est\u00e1 fabricado con poli\u00e9ster reciclado al 100% en forma de ripstop con acabado repelente al agua (DWR), combinado con paneles de fleece en los laterales y las axilas para brindar elasticidad y movilidad.<\/li>\n<li>El aislamiento PrimaLoft\u00ae Black Eco (cuerpo) utiliza un 60% de materiales reciclados y est\u00e1 tratado para repeler el agua.<\/li>\n<li>La parte frontal y trasera superior del cuerpo cuentan con acolchado interno, proporcionando una superficie lisa para resistencia a la abrasi\u00f3n cuando se usa con vadeadores o petos.<\/li>\n<li>Capucha aislada de 3 paneles con ribete el\u00e1stico alrededor de la abertura, cord\u00f3n ajustable y protector de barbilla para brindar calidez y comodidad confiable.<\/li>\n<li>Bolsillos verticales con cremallera en el pecho, bolsillos calientamanos con cremallera para el calor, con un bolsillo interior de malla para almacenamiento adicional.<\/li>\n<li>Acabado con dobladillo recto en la parte delantera y una ligera ca\u00edda en la parte trasera.<\/li>\n<\/ul>\n<p>DETALLES DEL TEJIDO:<\/p>\n<ul>\n<li>Cuerpo: Ripstop de poli\u00e9ster reciclado al 100% con DWR, 58gsm.<\/li>\n<li>Axila, Paneles laterales: Fleece tejido de cara dura de 47% nailon, 36% poli\u00e9ster, 17% spandex con acabado anti-bolitas y DWR.<\/li>\n<li>Aislamiento: Aislamiento PrimaLoft\u00ae Black Eco, 60g en el cuerpo y la capucha, 40g en las mangas superiores.<\/li>\n<li>Forro: Tafet\u00e1n de poli\u00e9ster reciclado al 100% con DWR, 47 gsm.<\/li>\n<\/ul>\n<\/div>\n<\/div>\n<\/div>\n<p>&nbsp;<\/p>\n<p>&nbsp;<\/p>\n","protected":false},"excerpt":{"rendered":"<p>Para equilibrar y moverse libremente en todas las situaciones, la Chaqueta H\u00edbrida Simms Fall Run combina aislamiento ligero premium, protecci\u00f3n resistente al agua y una construcci\u00f3n de fleece el\u00e1stico para ofrecer una soluci\u00f3n de capas que aborda todos los aspectos&hellip;<\/p>\n","protected":false},"featured_media":19233,"comment_status":"closed","ping_status":"closed","template":"","meta":{"_joinchat":[]},"product_brand":[],"product_cat":[447,309],"product_tag":[],"class_list":{"0":"post-19228","1":"product","2":"type-product","3":"status-publish","4":"has-post-thumbnail","6":"product_cat-parkas-y-polerones","7":"product_cat-simms","8":"entry","9":"has-media","11":"first","12":"outofstock","13":"shipping-taxable","14":"product-type-variable","15":"col","16":"wpex-woo-entry","17":"span_1_of_6 span_1_of_3_pp"},"supplier_id":null,"supplier_sku":"","barcode":null,"atum_controlled":true,"out_stock_date":null,"out_stock_threshold":null,"inheritable":true,"inbound_stock":null,"stock_on_hold":0,"sold_today":0,"sales_last_days":1,"reserved_stock":null,"customer_returns":null,"warehouse_damage":null,"lost_in_post":null,"other_logs":null,"out_stock_days":null,"lost_sales":0,"has_location":false,"update_date":"2026-03-27T14:32:59","atum_locations":[],"atum_stock_status":"instock","restock_status":false,"low_stock_amount":"","sales_update_date":null,"calc_backorders":null,"_links":{"self":[{"href":"https:\/\/www.flyshop.cl\/TIENDA\/wp-json\/wp\/v2\/product\/19228","targetHints":{"allow":["GET"]}}],"collection":[{"href":"https:\/\/www.flyshop.cl\/TIENDA\/wp-json\/wp\/v2\/product"}],"about":[{"href":"https:\/\/www.flyshop.cl\/TIENDA\/wp-json\/wp\/v2\/types\/product"}],"replies":[{"embeddable":true,"href":"https:\/\/www.flyshop.cl\/TIENDA\/wp-json\/wp\/v2\/comments?post=19228"}],"wp:featuredmedia":[{"embeddable":true,"href":"https:\/\/www.flyshop.cl\/TIENDA\/wp-json\/wp\/v2\/media\/19233"}],"wp:attachment":[{"href":"https:\/\/www.flyshop.cl\/TIENDA\/wp-json\/wp\/v2\/media?parent=19228"}],"wp:term":[{"taxonomy":"product_brand","embeddable":true,"href":"https:\/\/www.flyshop.cl\/TIENDA\/wp-json\/wp\/v2\/product_brand?post=19228"},{"taxonomy":"product_cat","embeddable":true,"href":"https:\/\/www.flyshop.cl\/TIENDA\/wp-json\/wp\/v2\/product_cat?post=19228"},{"taxonomy":"product_tag","embeddable":true,"href":"https:\/\/www.flyshop.cl\/TIENDA\/wp-json\/wp\/v2\/product_tag?post=19228"}],"curies":[{"name":"wp","href":"https:\/\/api.w.org\/{rel}","templated":true}]}}