{"id":19211,"date":"2024-09-02T16:31:15","date_gmt":"2024-09-02T16:31:15","guid":{"rendered":"https:\/\/www.flyshop.cl\/TIENDA\/?post_type=product&#038;p=19211"},"modified":"2026-01-22T20:51:48","modified_gmt":"2026-01-22T20:51:48","slug":"camisa-simms-brackett-backcountry-clover-plaid","status":"publish","type":"product","link":"https:\/\/www.flyshop.cl\/TIENDA\/producto\/camisa-simms-brackett-backcountry-clover-plaid\/","title":{"rendered":"Camisa simms BRACKETT BACKCOUNTRY clover plaid"},"content":{"rendered":"<p>Una nueva versi\u00f3n de la cl\u00e1sica camisa vaquera, Brackett LS combina dise\u00f1os modernos de cuadros escoceses y un look atemporal con broches de perlas en una c\u00f3moda tela el\u00e1stica que va con la corriente.<\/p>\n<p>La tela ligera y vers\u00e1til de mezcla de nailon y poli\u00e9ster proporciona no solo elasticidad, sino tambi\u00e9n durabilidad, resistencia a las arrugas y secado r\u00e1pido. La tela se siente suave y c\u00f3moda en los calurosos d\u00edas de verano.<br \/>\nEl bolsillo izquierdo del pecho tiene una ranura para gafas de sol para guardar tus gafas<br \/>\nC\u00f3moda gamuza para anteojos de sol en el dobladillo inferior<br \/>\nAjuste regular con dobladillo de cola de camisa.<br \/>\nEstilo de la temporada pasada<\/p>\n<p>TECNOLOG\u00cdA DEL TEJIDO: 61 % nailon\/39 % poli\u00e9ster, Toray Primeflex\u2122 el\u00e1stico en dos direcciones, 85 g\/m\u00b2<\/p>\n<p>&nbsp;<\/p>\n<p><img loading=\"lazy\" decoding=\"async\" class=\"alignnone size-medium wp-image-19209\" src=\"https:\/\/www.flyshop.cl\/TIENDA\/wp-content\/uploads\/2024\/09\/13487-1071-Brackett-LS-Shirt-Model-S24-Back-240x300.webp\" alt=\"\" width=\"240\" height=\"300\" srcset=\"https:\/\/www.flyshop.cl\/TIENDA\/wp-content\/uploads\/2024\/09\/13487-1071-Brackett-LS-Shirt-Model-S24-Back-240x300.webp 240w, https:\/\/www.flyshop.cl\/TIENDA\/wp-content\/uploads\/2024\/09\/13487-1071-Brackett-LS-Shirt-Model-S24-Back-819x1024.webp 819w, https:\/\/www.flyshop.cl\/TIENDA\/wp-content\/uploads\/2024\/09\/13487-1071-Brackett-LS-Shirt-Model-S24-Back-768x960.webp 768w, https:\/\/www.flyshop.cl\/TIENDA\/wp-content\/uploads\/2024\/09\/13487-1071-Brackett-LS-Shirt-Model-S24-Back-1229x1536.webp 1229w, https:\/\/www.flyshop.cl\/TIENDA\/wp-content\/uploads\/2024\/09\/13487-1071-Brackett-LS-Shirt-Model-S24-Back-1638x2048.webp 1638w, https:\/\/www.flyshop.cl\/TIENDA\/wp-content\/uploads\/2024\/09\/13487-1071-Brackett-LS-Shirt-Model-S24-Back-600x750.webp 600w, https:\/\/www.flyshop.cl\/TIENDA\/wp-content\/uploads\/2024\/09\/13487-1071-Brackett-LS-Shirt-Model-S24-Back.webp 1800w\" sizes=\"auto, (max-width: 240px) 100vw, 240px\" \/><\/p>\n","protected":false},"excerpt":{"rendered":"<p>Una nueva versi\u00f3n de la cl\u00e1sica camisa vaquera, Brackett LS combina dise\u00f1os modernos de cuadros escoceses y un look atemporal con broches de perlas en una c\u00f3moda tela el\u00e1stica que va con la corriente. La tela ligera y vers\u00e1til de&hellip;<\/p>\n","protected":false},"featured_media":19208,"comment_status":"closed","ping_status":"closed","template":"","meta":{"_joinchat":[]},"product_brand":[],"product_cat":[124,448,299,309],"product_tag":[],"class_list":{"0":"post-19211","1":"product","2":"type-product","3":"status-publish","4":"has-post-thumbnail","6":"product_cat-camisas-simms","7":"product_cat-camisas","8":"product_cat-ofertas","9":"product_cat-simms","10":"entry","11":"has-media","13":"first","14":"instock","15":"shipping-taxable","16":"purchasable","17":"product-type-variable","18":"col","19":"wpex-woo-entry","20":"span_1_of_6 span_1_of_3_pp"},"supplier_id":null,"supplier_sku":"","barcode":null,"atum_controlled":true,"out_stock_date":null,"out_stock_threshold":null,"inheritable":true,"inbound_stock":null,"stock_on_hold":null,"sold_today":null,"sales_last_days":null,"reserved_stock":null,"customer_returns":null,"warehouse_damage":null,"lost_in_post":null,"other_logs":null,"out_stock_days":null,"lost_sales":null,"has_location":false,"update_date":"2026-01-22T20:51:49","atum_locations":[],"atum_stock_status":"instock","restock_status":false,"low_stock_amount":"","sales_update_date":null,"calc_backorders":null,"_links":{"self":[{"href":"https:\/\/www.flyshop.cl\/TIENDA\/wp-json\/wp\/v2\/product\/19211","targetHints":{"allow":["GET"]}}],"collection":[{"href":"https:\/\/www.flyshop.cl\/TIENDA\/wp-json\/wp\/v2\/product"}],"about":[{"href":"https:\/\/www.flyshop.cl\/TIENDA\/wp-json\/wp\/v2\/types\/product"}],"replies":[{"embeddable":true,"href":"https:\/\/www.flyshop.cl\/TIENDA\/wp-json\/wp\/v2\/comments?post=19211"}],"wp:featuredmedia":[{"embeddable":true,"href":"https:\/\/www.flyshop.cl\/TIENDA\/wp-json\/wp\/v2\/media\/19208"}],"wp:attachment":[{"href":"https:\/\/www.flyshop.cl\/TIENDA\/wp-json\/wp\/v2\/media?parent=19211"}],"wp:term":[{"taxonomy":"product_brand","embeddable":true,"href":"https:\/\/www.flyshop.cl\/TIENDA\/wp-json\/wp\/v2\/product_brand?post=19211"},{"taxonomy":"product_cat","embeddable":true,"href":"https:\/\/www.flyshop.cl\/TIENDA\/wp-json\/wp\/v2\/product_cat?post=19211"},{"taxonomy":"product_tag","embeddable":true,"href":"https:\/\/www.flyshop.cl\/TIENDA\/wp-json\/wp\/v2\/product_tag?post=19211"}],"curies":[{"name":"wp","href":"https:\/\/api.w.org\/{rel}","templated":true}]}}