{"id":19196,"date":"2024-09-02T16:08:02","date_gmt":"2024-09-02T16:08:02","guid":{"rendered":"https:\/\/www.flyshop.cl\/TIENDA\/?post_type=product&#038;p=19196"},"modified":"2026-04-09T14:47:45","modified_gmt":"2026-04-09T14:47:45","slug":"chaqueta-simms-fall-run-hoody-bronzeback","status":"publish","type":"product","link":"https:\/\/www.flyshop.cl\/TIENDA\/producto\/chaqueta-simms-fall-run-hoody-bronzeback\/","title":{"rendered":"chaqueta simms FALL RUN HOODY Bronzeback"},"content":{"rendered":"<p>La chaqueta perfecta para tres estaciones, tanto dentro como fuera del agua, el ligero Fall Run Hoody ofrece una excelente relaci\u00f3n de calidez a peso, proporcionando menos volumen bajo petos y waders. Se puede usar sola o combinada con una capa impermeable y transpirable, ya que el aislamiento Primaloft est\u00e1 tratado para repeler el agua, manteni\u00e9ndote abrigado incluso cuando est\u00e1 h\u00famedo por la lluvia o la actividad intensa. Es extremadamente compresible, lo que la convierte en la capa ideal para guardar en tu mochila de d\u00eda o sling pack.<\/p>\n<ul>\n<li>Aislamiento Primaloft\u00ae Black Eco de 60 g (cuerpo) fabricado con un 60% de materiales reciclados y tratado para repeler el agua.<\/li>\n<li>Exterior 100% reciclado con acabado DWR para resistencia al agua.<\/li>\n<li>Acolchado interno en la parte superior delantera y trasera que proporciona un exterior liso para resistencia a la abrasi\u00f3n cuando se usa con waders o petos.<\/li>\n<li>Bolsillos con cierre para calentar las manos y bolsillo interno con cierre en el pecho a la izquierda del usuario.<\/li>\n<\/ul>\n<p><strong>TECNOLOG\u00cdA DE LA TELA:<\/strong><\/p>\n<ul>\n<li>Exterior: 58 g\/m\u00b2 de poli\u00e9ster ripstop 100% reciclado con acabado DWR.<\/li>\n<li>Aislamiento: Primaloft\u00ae Black Eco, 60 g (cuerpo y capucha), 40 g (mangas).<\/li>\n<li>Forro: 47 g\/m\u00b2 de tafet\u00e1n de poli\u00e9ster 100% reciclado con acabado DWR.<\/li>\n<\/ul>\n<p><strong>PESO:<\/strong> 454 g en talla Mediana.<\/p>\n<p>&nbsp;<\/p>\n<p>&nbsp;<\/p>\n","protected":false},"excerpt":{"rendered":"<p>La chaqueta perfecta para tres estaciones, tanto dentro como fuera del agua, el ligero Fall Run Hoody ofrece una excelente relaci\u00f3n de calidez a peso, proporcionando menos volumen bajo petos y waders. Se puede usar sola o combinada con una&hellip;<\/p>\n","protected":false},"featured_media":19201,"comment_status":"closed","ping_status":"closed","template":"","meta":{"_joinchat":[]},"product_brand":[],"product_cat":[447,309],"product_tag":[],"class_list":{"0":"post-19196","1":"product","2":"type-product","3":"status-publish","4":"has-post-thumbnail","6":"product_cat-parkas-y-polerones","7":"product_cat-simms","8":"entry","9":"has-media","11":"first","12":"outofstock","13":"shipping-taxable","14":"product-type-variable","15":"col","16":"wpex-woo-entry","17":"span_1_of_6 span_1_of_3_pp"},"supplier_id":null,"supplier_sku":"","barcode":null,"atum_controlled":true,"out_stock_date":null,"out_stock_threshold":null,"inheritable":true,"inbound_stock":null,"stock_on_hold":0,"sold_today":0,"sales_last_days":1,"reserved_stock":null,"customer_returns":null,"warehouse_damage":null,"lost_in_post":null,"other_logs":null,"out_stock_days":null,"lost_sales":0,"has_location":false,"update_date":"2026-04-09T14:47:46","atum_locations":[],"atum_stock_status":"outofstock","restock_status":false,"low_stock_amount":"","sales_update_date":null,"calc_backorders":null,"_links":{"self":[{"href":"https:\/\/www.flyshop.cl\/TIENDA\/wp-json\/wp\/v2\/product\/19196","targetHints":{"allow":["GET"]}}],"collection":[{"href":"https:\/\/www.flyshop.cl\/TIENDA\/wp-json\/wp\/v2\/product"}],"about":[{"href":"https:\/\/www.flyshop.cl\/TIENDA\/wp-json\/wp\/v2\/types\/product"}],"replies":[{"embeddable":true,"href":"https:\/\/www.flyshop.cl\/TIENDA\/wp-json\/wp\/v2\/comments?post=19196"}],"wp:featuredmedia":[{"embeddable":true,"href":"https:\/\/www.flyshop.cl\/TIENDA\/wp-json\/wp\/v2\/media\/19201"}],"wp:attachment":[{"href":"https:\/\/www.flyshop.cl\/TIENDA\/wp-json\/wp\/v2\/media?parent=19196"}],"wp:term":[{"taxonomy":"product_brand","embeddable":true,"href":"https:\/\/www.flyshop.cl\/TIENDA\/wp-json\/wp\/v2\/product_brand?post=19196"},{"taxonomy":"product_cat","embeddable":true,"href":"https:\/\/www.flyshop.cl\/TIENDA\/wp-json\/wp\/v2\/product_cat?post=19196"},{"taxonomy":"product_tag","embeddable":true,"href":"https:\/\/www.flyshop.cl\/TIENDA\/wp-json\/wp\/v2\/product_tag?post=19196"}],"curies":[{"name":"wp","href":"https:\/\/api.w.org\/{rel}","templated":true}]}}