{"id":19182,"date":"2024-09-02T15:55:01","date_gmt":"2024-09-02T15:55:01","guid":{"rendered":"https:\/\/www.flyshop.cl\/TIENDA\/?post_type=product&#038;p=19182"},"modified":"2025-10-13T15:57:10","modified_gmt":"2025-10-13T15:57:10","slug":"camisa-simms-stone-cold-midnight-plaid","status":"publish","type":"product","link":"https:\/\/www.flyshop.cl\/TIENDA\/producto\/camisa-simms-stone-cold-midnight-plaid\/","title":{"rendered":"Camisa simms stone cold MIDNIGHT PLAID"},"content":{"rendered":"<p>La camisa de tejido el\u00e1stico m\u00e1s fresca jam\u00e1s hecha, nuestra Stone Cold LS es una bocanada de aire fresco imparable durante los d\u00edas de pesca bajo un calor sofocante. Disponible en dos estilos de cuadros llamativos, para que puedas variar tu estilo.<\/p>\n<ul>\n<li>Nylon tejido el\u00e1stico con la tecnolog\u00eda brrr\u00b0 Triple Chill Effect que proporciona enfriamiento, absorci\u00f3n de la humedad y secado r\u00e1pido para un rendimiento crucial en climas c\u00e1lidos.<\/li>\n<li>Dos bolsillos con cierre en el pecho para llevar lo esencial en el agua.<\/li>\n<li>Gamuza conveniente para limpiar lentes de sol.<\/li>\n<li>Protecci\u00f3n UPF 50+.<\/li>\n<li>Lavable y secable a m\u00e1quina. Consulta la etiqueta de la prenda para m\u00e1s detalles.<\/li>\n<\/ul>\n<p><strong>TECNOLOG\u00cdA DE LA TELA:<\/strong><\/p>\n<ul>\n<li>94% nylon brrr\u00b0, 6% elastano tejido, 110 g\/m\u00b2; brrr\u00b0 Triple Chill Effect: probado para mantenerte m\u00e1s fresco.<\/li>\n<\/ul>\n<p>&nbsp;<\/p>\n<p><img loading=\"lazy\" decoding=\"async\" class=\"alignnone size-medium wp-image-19187\" src=\"https:\/\/www.flyshop.cl\/TIENDA\/wp-content\/uploads\/2024\/09\/13247-1075-Stone-Cold-LS-Shirt-Model-S24-3-240x300.jpg\" alt=\"\" width=\"240\" height=\"300\" srcset=\"https:\/\/www.flyshop.cl\/TIENDA\/wp-content\/uploads\/2024\/09\/13247-1075-Stone-Cold-LS-Shirt-Model-S24-3-240x300.jpg 240w, https:\/\/www.flyshop.cl\/TIENDA\/wp-content\/uploads\/2024\/09\/13247-1075-Stone-Cold-LS-Shirt-Model-S24-3-819x1024.jpg 819w, https:\/\/www.flyshop.cl\/TIENDA\/wp-content\/uploads\/2024\/09\/13247-1075-Stone-Cold-LS-Shirt-Model-S24-3-768x960.jpg 768w, https:\/\/www.flyshop.cl\/TIENDA\/wp-content\/uploads\/2024\/09\/13247-1075-Stone-Cold-LS-Shirt-Model-S24-3-1229x1536.jpg 1229w, https:\/\/www.flyshop.cl\/TIENDA\/wp-content\/uploads\/2024\/09\/13247-1075-Stone-Cold-LS-Shirt-Model-S24-3-1638x2048.jpg 1638w, https:\/\/www.flyshop.cl\/TIENDA\/wp-content\/uploads\/2024\/09\/13247-1075-Stone-Cold-LS-Shirt-Model-S24-3-600x750.jpg 600w, https:\/\/www.flyshop.cl\/TIENDA\/wp-content\/uploads\/2024\/09\/13247-1075-Stone-Cold-LS-Shirt-Model-S24-3.jpg 1800w\" sizes=\"auto, (max-width: 240px) 100vw, 240px\" \/><img loading=\"lazy\" decoding=\"async\" class=\"alignnone size-medium wp-image-19188\" src=\"https:\/\/www.flyshop.cl\/TIENDA\/wp-content\/uploads\/2024\/09\/13247-1075-Stone-Cold-LS-Shirt-Model-S24-4-240x300.jpg\" alt=\"\" width=\"240\" height=\"300\" srcset=\"https:\/\/www.flyshop.cl\/TIENDA\/wp-content\/uploads\/2024\/09\/13247-1075-Stone-Cold-LS-Shirt-Model-S24-4-240x300.jpg 240w, https:\/\/www.flyshop.cl\/TIENDA\/wp-content\/uploads\/2024\/09\/13247-1075-Stone-Cold-LS-Shirt-Model-S24-4-819x1024.jpg 819w, https:\/\/www.flyshop.cl\/TIENDA\/wp-content\/uploads\/2024\/09\/13247-1075-Stone-Cold-LS-Shirt-Model-S24-4-768x960.jpg 768w, https:\/\/www.flyshop.cl\/TIENDA\/wp-content\/uploads\/2024\/09\/13247-1075-Stone-Cold-LS-Shirt-Model-S24-4-1229x1536.jpg 1229w, https:\/\/www.flyshop.cl\/TIENDA\/wp-content\/uploads\/2024\/09\/13247-1075-Stone-Cold-LS-Shirt-Model-S24-4-1638x2048.jpg 1638w, https:\/\/www.flyshop.cl\/TIENDA\/wp-content\/uploads\/2024\/09\/13247-1075-Stone-Cold-LS-Shirt-Model-S24-4-600x750.jpg 600w, https:\/\/www.flyshop.cl\/TIENDA\/wp-content\/uploads\/2024\/09\/13247-1075-Stone-Cold-LS-Shirt-Model-S24-4.jpg 1800w\" sizes=\"auto, (max-width: 240px) 100vw, 240px\" \/><\/p>\n","protected":false},"excerpt":{"rendered":"<p>La camisa de tejido el\u00e1stico m\u00e1s fresca jam\u00e1s hecha, nuestra Stone Cold LS es una bocanada de aire fresco imparable durante los d\u00edas de pesca bajo un calor sofocante. Disponible en dos estilos de cuadros llamativos, para que puedas variar&hellip;<\/p>\n","protected":false},"featured_media":19186,"comment_status":"closed","ping_status":"closed","template":"","meta":{"_joinchat":[]},"product_brand":[],"product_cat":[448,124,299,309],"product_tag":[],"class_list":{"0":"post-19182","1":"product","2":"type-product","3":"status-publish","4":"has-post-thumbnail","6":"product_cat-camisas","7":"product_cat-camisas-simms","8":"product_cat-ofertas","9":"product_cat-simms","10":"entry","11":"has-media","13":"first","14":"instock","15":"shipping-taxable","16":"purchasable","17":"product-type-variable","18":"col","19":"wpex-woo-entry","20":"span_1_of_6 span_1_of_3_pp"},"supplier_id":null,"supplier_sku":"","barcode":null,"atum_controlled":true,"out_stock_date":null,"out_stock_threshold":null,"inheritable":true,"inbound_stock":null,"stock_on_hold":0,"sold_today":0,"sales_last_days":1,"reserved_stock":null,"customer_returns":null,"warehouse_damage":null,"lost_in_post":null,"other_logs":null,"out_stock_days":null,"lost_sales":0,"has_location":false,"update_date":"2025-10-13T15:57:12","atum_locations":[],"atum_stock_status":"instock","restock_status":false,"low_stock_amount":"","sales_update_date":null,"calc_backorders":null,"_links":{"self":[{"href":"https:\/\/www.flyshop.cl\/TIENDA\/wp-json\/wp\/v2\/product\/19182","targetHints":{"allow":["GET"]}}],"collection":[{"href":"https:\/\/www.flyshop.cl\/TIENDA\/wp-json\/wp\/v2\/product"}],"about":[{"href":"https:\/\/www.flyshop.cl\/TIENDA\/wp-json\/wp\/v2\/types\/product"}],"replies":[{"embeddable":true,"href":"https:\/\/www.flyshop.cl\/TIENDA\/wp-json\/wp\/v2\/comments?post=19182"}],"wp:featuredmedia":[{"embeddable":true,"href":"https:\/\/www.flyshop.cl\/TIENDA\/wp-json\/wp\/v2\/media\/19186"}],"wp:attachment":[{"href":"https:\/\/www.flyshop.cl\/TIENDA\/wp-json\/wp\/v2\/media?parent=19182"}],"wp:term":[{"taxonomy":"product_brand","embeddable":true,"href":"https:\/\/www.flyshop.cl\/TIENDA\/wp-json\/wp\/v2\/product_brand?post=19182"},{"taxonomy":"product_cat","embeddable":true,"href":"https:\/\/www.flyshop.cl\/TIENDA\/wp-json\/wp\/v2\/product_cat?post=19182"},{"taxonomy":"product_tag","embeddable":true,"href":"https:\/\/www.flyshop.cl\/TIENDA\/wp-json\/wp\/v2\/product_tag?post=19182"}],"curies":[{"name":"wp","href":"https:\/\/api.w.org\/{rel}","templated":true}]}}