{"id":19137,"date":"2024-09-10T14:11:09","date_gmt":"2024-09-10T14:11:09","guid":{"rendered":"https:\/\/www.flyshop.cl\/TIENDA\/?post_type=product&#038;p=19137"},"modified":"2025-01-22T20:50:56","modified_gmt":"2025-01-22T20:50:56","slug":"simms-flyweight-plier","status":"publish","type":"product","link":"https:\/\/www.flyshop.cl\/TIENDA\/producto\/simms-flyweight-plier\/","title":{"rendered":"simms flyweight plier"},"content":{"rendered":"<p>Prepara tu equipo con anticipaci\u00f3n o realiza ajustes r\u00e1pidos en el momento con las resistentes y funcionales Pinzas Flyweight\u00ae: la herramienta ideal tanto para pescadores de agua dulce como para los que utilizan equipos ligeros.<\/p>\n<ul>\n<li>Cuerpo de aluminio anodizado con mand\u00edbulas y cortadores de acero inoxidable.<\/li>\n<li>Forma ergon\u00f3mica \u00fanica que permite una variedad de agarres para pescadores de diferentes tama\u00f1os de manos.<\/li>\n<li>Mand\u00edbulas texturizadas para triturar barbas y plomos.<\/li>\n<li>Cortadores incorporados para cortes precisos de monofilamento o tippet de fluorocarbono.<\/li>\n<li>Fundas dise\u00f1adas para acoplarse a HEXGRID\u00ae, webbing MOLLE, cinturones de espera de 38 mm o correas de tirantes de waders.<\/li>\n<li>El color real puede variar ligeramente del mostrado debido al proceso de anodizaci\u00f3n.<\/li>\n<li>Las pinzas Flyweight se fabrican en peque\u00f1os lotes en Bozeman, Montana, y el color se aplica por anodizaci\u00f3n. Las pinzas terminadas pueden parecer ligeramente diferentes de la imagen debido a la variaci\u00f3n en el color de anodizaci\u00f3n entre lotes.<\/li>\n<\/ul>\n<p><strong>DIMENSIONES:<\/strong> 14.6 cm x 5 cm x 1 cm<br \/>\n<strong>PESO:<\/strong> 120 g<br \/>\n<strong>ART\u00cdCULO N\u00ba:<\/strong> PG-13468<\/p>\n<p>fabricado a mano en Bozeman, USA.<\/p>\n","protected":false},"excerpt":{"rendered":"<p>Prepara tu equipo con anticipaci\u00f3n o realiza ajustes r\u00e1pidos en el momento con las resistentes y funcionales Pinzas Flyweight\u00ae: la herramienta ideal tanto para pescadores de agua dulce como para los que utilizan equipos ligeros. Cuerpo de aluminio anodizado con&hellip;<\/p>\n","protected":false},"featured_media":19139,"comment_status":"closed","ping_status":"closed","template":"","meta":{"_joinchat":[]},"product_brand":[],"product_cat":[296,785],"product_tag":[],"class_list":{"0":"post-19137","1":"product","2":"type-product","3":"status-publish","4":"has-post-thumbnail","6":"product_cat-accesorios-simms","7":"product_cat-cuchillos-y-herramientas","8":"entry","9":"has-media","11":"first","12":"outofstock","13":"shipping-taxable","14":"purchasable","15":"product-type-simple","16":"col","17":"wpex-woo-entry","18":"span_1_of_6 span_1_of_3_pp"},"supplier_id":null,"supplier_sku":"","barcode":null,"atum_controlled":true,"out_stock_date":"2025-01-22 20:50:56","out_stock_threshold":null,"inheritable":false,"inbound_stock":null,"stock_on_hold":null,"sold_today":null,"sales_last_days":null,"reserved_stock":null,"customer_returns":null,"warehouse_damage":null,"lost_in_post":null,"other_logs":null,"out_stock_days":0,"lost_sales":null,"has_location":false,"update_date":"2025-01-22T20:50:58","atum_locations":[],"atum_stock_status":"outofstock","restock_status":false,"low_stock_amount":"","sales_update_date":null,"calc_backorders":null,"_links":{"self":[{"href":"https:\/\/www.flyshop.cl\/TIENDA\/wp-json\/wp\/v2\/product\/19137","targetHints":{"allow":["GET"]}}],"collection":[{"href":"https:\/\/www.flyshop.cl\/TIENDA\/wp-json\/wp\/v2\/product"}],"about":[{"href":"https:\/\/www.flyshop.cl\/TIENDA\/wp-json\/wp\/v2\/types\/product"}],"replies":[{"embeddable":true,"href":"https:\/\/www.flyshop.cl\/TIENDA\/wp-json\/wp\/v2\/comments?post=19137"}],"wp:featuredmedia":[{"embeddable":true,"href":"https:\/\/www.flyshop.cl\/TIENDA\/wp-json\/wp\/v2\/media\/19139"}],"wp:attachment":[{"href":"https:\/\/www.flyshop.cl\/TIENDA\/wp-json\/wp\/v2\/media?parent=19137"}],"wp:term":[{"taxonomy":"product_brand","embeddable":true,"href":"https:\/\/www.flyshop.cl\/TIENDA\/wp-json\/wp\/v2\/product_brand?post=19137"},{"taxonomy":"product_cat","embeddable":true,"href":"https:\/\/www.flyshop.cl\/TIENDA\/wp-json\/wp\/v2\/product_cat?post=19137"},{"taxonomy":"product_tag","embeddable":true,"href":"https:\/\/www.flyshop.cl\/TIENDA\/wp-json\/wp\/v2\/product_tag?post=19137"}],"curies":[{"name":"wp","href":"https:\/\/api.w.org\/{rel}","templated":true}]}}