{"id":19132,"date":"2024-08-27T16:53:22","date_gmt":"2024-08-27T16:53:22","guid":{"rendered":"https:\/\/www.flyshop.cl\/TIENDA\/?post_type=product&#038;p=19132"},"modified":"2025-10-12T22:40:42","modified_gmt":"2025-10-12T22:40:42","slug":"simms-stash-bag","status":"publish","type":"product","link":"https:\/\/www.flyshop.cl\/TIENDA\/producto\/simms-stash-bag\/","title":{"rendered":"simms stash bag"},"content":{"rendered":"<p>La Simms Stash Bag es una soluci\u00f3n de almacenamiento estructurada para las actividades diarias, dise\u00f1ada cuidadosamente con opciones organizativas flexibles. Est\u00e1 hecha para guardar aparejos, herramientas y lo esencial. Mant\u00e9n todo lo que necesitas al alcance.<\/p>\n<ul>\n<li>Material resistente de poli\u00e9ster ripstop de 1200 deniers con recubrimiento de TPU, resistente al agua y duradero.<\/li>\n<li>La cremallera superior da acceso al compartimento principal, que cuenta con un amplio bolsillo de malla con cremallera debajo de la tapa.<\/li>\n<li>Espacioso compartimento principal con divisor interno ajustable que puede contener hasta 5 cajas Plano 3700 orientadas verticalmente.<\/li>\n<li>La organizaci\u00f3n externa incluye bolsillos con cremallera para carretes y accesorios en ambos lados, adem\u00e1s de un bolsillo de malla el\u00e1stica.<\/li>\n<li>Puertos de amarre cortados con l\u00e1ser y bucles de cinta permiten la sujeci\u00f3n de herramientas, as\u00ed como de otros paquetes y accesorios Simms.<\/li>\n<li>Costuras estructuradas y base reforzada para una protecci\u00f3n duradera de los contenidos.<\/li>\n<li>Correa de hombro acolchada y removible, adem\u00e1s de un asa de goma robusta, que permiten m\u00faltiples opciones de transporte.<\/li>\n<li><strong>Material principal:<\/strong> Poli\u00e9ster 1200D con recubrimiento de TPU<\/li>\n<li><strong>Forro:<\/strong> Poli\u00e9ster 200D<\/li>\n<li><strong>Capacidad:<\/strong> 35L<\/li>\n<\/ul>\n","protected":false},"excerpt":{"rendered":"<p>La Simms Stash Bag es una soluci\u00f3n de almacenamiento estructurada para las actividades diarias, dise\u00f1ada cuidadosamente con opciones organizativas flexibles. Est\u00e1 hecha para guardar aparejos, herramientas y lo esencial. Mant\u00e9n todo lo que necesitas al alcance. Material resistente de poli\u00e9ster&hellip;<\/p>\n","protected":false},"featured_media":19133,"comment_status":"closed","ping_status":"closed","template":"","meta":{"_joinchat":[]},"product_brand":[],"product_cat":[150,309],"product_tag":[],"class_list":{"0":"post-19132","1":"product","2":"type-product","3":"status-publish","4":"has-post-thumbnail","6":"product_cat-bolsos-simms","7":"product_cat-simms","8":"entry","9":"has-media","11":"first","12":"outofstock","13":"shipping-taxable","14":"purchasable","15":"product-type-simple","16":"col","17":"wpex-woo-entry","18":"span_1_of_6 span_1_of_3_pp"},"supplier_id":null,"supplier_sku":"","barcode":null,"atum_controlled":true,"out_stock_date":"2025-10-12 22:40:42","out_stock_threshold":null,"inheritable":false,"inbound_stock":null,"stock_on_hold":0,"sold_today":0,"sales_last_days":1,"reserved_stock":null,"customer_returns":null,"warehouse_damage":null,"lost_in_post":null,"other_logs":null,"out_stock_days":5,"lost_sales":124999,"has_location":false,"update_date":"2025-10-18T16:40:44","atum_locations":[],"atum_stock_status":"outofstock","restock_status":false,"low_stock_amount":"","sales_update_date":"2025-10-18T16:40:44","calc_backorders":null,"_links":{"self":[{"href":"https:\/\/www.flyshop.cl\/TIENDA\/wp-json\/wp\/v2\/product\/19132","targetHints":{"allow":["GET"]}}],"collection":[{"href":"https:\/\/www.flyshop.cl\/TIENDA\/wp-json\/wp\/v2\/product"}],"about":[{"href":"https:\/\/www.flyshop.cl\/TIENDA\/wp-json\/wp\/v2\/types\/product"}],"replies":[{"embeddable":true,"href":"https:\/\/www.flyshop.cl\/TIENDA\/wp-json\/wp\/v2\/comments?post=19132"}],"wp:featuredmedia":[{"embeddable":true,"href":"https:\/\/www.flyshop.cl\/TIENDA\/wp-json\/wp\/v2\/media\/19133"}],"wp:attachment":[{"href":"https:\/\/www.flyshop.cl\/TIENDA\/wp-json\/wp\/v2\/media?parent=19132"}],"wp:term":[{"taxonomy":"product_brand","embeddable":true,"href":"https:\/\/www.flyshop.cl\/TIENDA\/wp-json\/wp\/v2\/product_brand?post=19132"},{"taxonomy":"product_cat","embeddable":true,"href":"https:\/\/www.flyshop.cl\/TIENDA\/wp-json\/wp\/v2\/product_cat?post=19132"},{"taxonomy":"product_tag","embeddable":true,"href":"https:\/\/www.flyshop.cl\/TIENDA\/wp-json\/wp\/v2\/product_tag?post=19132"}],"curies":[{"name":"wp","href":"https:\/\/api.w.org\/{rel}","templated":true}]}}