{"id":19130,"date":"2024-08-27T16:46:46","date_gmt":"2024-08-27T16:46:46","guid":{"rendered":"https:\/\/www.flyshop.cl\/TIENDA\/?post_type=product&#038;p=19130"},"modified":"2025-01-20T19:05:50","modified_gmt":"2025-01-20T19:05:50","slug":"simms-dry-creek-dry-bag-medium-20-lts","status":"publish","type":"product","link":"https:\/\/www.flyshop.cl\/TIENDA\/producto\/simms-dry-creek-dry-bag-medium-20-lts\/","title":{"rendered":"simms dry creek dry bag medium 20 lts"},"content":{"rendered":"<p>Solo se necesita un d\u00eda h\u00famedo en el agua para apreciar que el equipo seco mejora la experiencia. Este dise\u00f1o con cierre enrollable y costuras selladas mantiene todo tu equipo seco.<\/p>\n<ul>\n<li>Almacenamiento altamente duradero e impermeable (no sumergible)<\/li>\n<li>Cierre enrollable con cinta recubierta de TPU<\/li>\n<li>Costuras completamente selladas<\/li>\n<li>Anillo en D para asegurar a bolsas y embarcaciones<\/li>\n<\/ul>\n<p><strong>TECNOLOG\u00cdA DE TELAS:<\/strong> Nylon Ripstop 210D con recubrimiento de PU y tratamiento DWR<\/p>\n","protected":false},"excerpt":{"rendered":"<p>Solo se necesita un d\u00eda h\u00famedo en el agua para apreciar que el equipo seco mejora la experiencia. Este dise\u00f1o con cierre enrollable y costuras selladas mantiene todo tu equipo seco. Almacenamiento altamente duradero e impermeable (no sumergible) Cierre enrollable&hellip;<\/p>\n","protected":false},"featured_media":19131,"comment_status":"closed","ping_status":"closed","template":"","meta":{"_joinchat":[]},"product_brand":[],"product_cat":[150,309],"product_tag":[],"class_list":{"0":"post-19130","1":"product","2":"type-product","3":"status-publish","4":"has-post-thumbnail","6":"product_cat-bolsos-simms","7":"product_cat-simms","8":"entry","9":"has-media","11":"first","12":"outofstock","13":"shipping-taxable","14":"purchasable","15":"product-type-simple","16":"col","17":"wpex-woo-entry","18":"span_1_of_6 span_1_of_3_pp"},"supplier_id":null,"supplier_sku":"","barcode":null,"atum_controlled":true,"out_stock_date":"2025-01-20 19:05:52","out_stock_threshold":null,"inheritable":false,"inbound_stock":null,"stock_on_hold":0,"sold_today":0,"sales_last_days":1,"reserved_stock":null,"customer_returns":null,"warehouse_damage":null,"lost_in_post":null,"other_logs":null,"out_stock_days":0,"lost_sales":0,"has_location":false,"update_date":"2025-01-20T19:05:54","atum_locations":[],"atum_stock_status":"outofstock","restock_status":false,"low_stock_amount":"","sales_update_date":"2024-09-29T14:16:20","calc_backorders":null,"_links":{"self":[{"href":"https:\/\/www.flyshop.cl\/TIENDA\/wp-json\/wp\/v2\/product\/19130","targetHints":{"allow":["GET"]}}],"collection":[{"href":"https:\/\/www.flyshop.cl\/TIENDA\/wp-json\/wp\/v2\/product"}],"about":[{"href":"https:\/\/www.flyshop.cl\/TIENDA\/wp-json\/wp\/v2\/types\/product"}],"replies":[{"embeddable":true,"href":"https:\/\/www.flyshop.cl\/TIENDA\/wp-json\/wp\/v2\/comments?post=19130"}],"wp:featuredmedia":[{"embeddable":true,"href":"https:\/\/www.flyshop.cl\/TIENDA\/wp-json\/wp\/v2\/media\/19131"}],"wp:attachment":[{"href":"https:\/\/www.flyshop.cl\/TIENDA\/wp-json\/wp\/v2\/media?parent=19130"}],"wp:term":[{"taxonomy":"product_brand","embeddable":true,"href":"https:\/\/www.flyshop.cl\/TIENDA\/wp-json\/wp\/v2\/product_brand?post=19130"},{"taxonomy":"product_cat","embeddable":true,"href":"https:\/\/www.flyshop.cl\/TIENDA\/wp-json\/wp\/v2\/product_cat?post=19130"},{"taxonomy":"product_tag","embeddable":true,"href":"https:\/\/www.flyshop.cl\/TIENDA\/wp-json\/wp\/v2\/product_tag?post=19130"}],"curies":[{"name":"wp","href":"https:\/\/api.w.org\/{rel}","templated":true}]}}