{"id":19126,"date":"2024-09-10T14:13:44","date_gmt":"2024-09-10T14:13:44","guid":{"rendered":"https:\/\/www.flyshop.cl\/TIENDA\/?post_type=product&#038;p=19126"},"modified":"2025-03-26T15:16:49","modified_gmt":"2025-03-26T15:16:49","slug":"simms-neck-gaiter-reg-camo-cinder","status":"publish","type":"product","link":"https:\/\/www.flyshop.cl\/TIENDA\/producto\/simms-neck-gaiter-reg-camo-cinder\/","title":{"rendered":"simms neck gaiter reg camo cinder"},"content":{"rendered":"<p>Ponte en modo de juego y prot\u00e9gete del sol con la polaina de cuello m\u00e1s adaptable de Simms.<\/p>\n<ul>\n<li>Mezcla suave y sin costuras de poli\u00e9ster\/ray\u00f3n para una sensaci\u00f3n suave y c\u00f3moda contra la piel<\/li>\n<li>Protecci\u00f3n UPF 50<\/li>\n<\/ul>\n<p><strong>TECNOLOG\u00cdA DE TELAS:<\/strong> 85% poli\u00e9ster \/ 15% ray\u00f3n<br \/>\n<strong>ART\u00cdCULO N\u00ba:<\/strong> PG-13264<\/p>\n","protected":false},"excerpt":{"rendered":"<p>Ponte en modo de juego y prot\u00e9gete del sol con la polaina de cuello m\u00e1s adaptable de Simms. Mezcla suave y sin costuras de poli\u00e9ster\/ray\u00f3n para una sensaci\u00f3n suave y c\u00f3moda contra la piel Protecci\u00f3n UPF 50 TECNOLOG\u00cdA DE TELAS:&hellip;<\/p>\n","protected":false},"featured_media":19127,"comment_status":"closed","ping_status":"closed","template":"","meta":{"_joinchat":[]},"product_brand":[],"product_cat":[453,309],"product_tag":[],"class_list":{"0":"post-19126","1":"product","2":"type-product","3":"status-publish","4":"has-post-thumbnail","6":"product_cat-cabeza-cuello-accesorios-outdoor","7":"product_cat-simms","8":"entry","9":"has-media","11":"first","12":"outofstock","13":"shipping-taxable","14":"purchasable","15":"product-type-simple","16":"col","17":"wpex-woo-entry","18":"span_1_of_6 span_1_of_3_pp"},"supplier_id":null,"supplier_sku":"","barcode":null,"atum_controlled":true,"out_stock_date":"2025-03-26 15:16:51","out_stock_threshold":null,"inheritable":false,"inbound_stock":null,"stock_on_hold":0,"sold_today":0,"sales_last_days":1,"reserved_stock":null,"customer_returns":null,"warehouse_damage":null,"lost_in_post":null,"other_logs":null,"out_stock_days":6,"lost_sales":18848,"has_location":false,"update_date":"2025-04-01T16:56:39","atum_locations":[],"atum_stock_status":"outofstock","restock_status":false,"low_stock_amount":"","sales_update_date":"2025-04-01T16:56:39","calc_backorders":null,"_links":{"self":[{"href":"https:\/\/www.flyshop.cl\/TIENDA\/wp-json\/wp\/v2\/product\/19126","targetHints":{"allow":["GET"]}}],"collection":[{"href":"https:\/\/www.flyshop.cl\/TIENDA\/wp-json\/wp\/v2\/product"}],"about":[{"href":"https:\/\/www.flyshop.cl\/TIENDA\/wp-json\/wp\/v2\/types\/product"}],"replies":[{"embeddable":true,"href":"https:\/\/www.flyshop.cl\/TIENDA\/wp-json\/wp\/v2\/comments?post=19126"}],"wp:featuredmedia":[{"embeddable":true,"href":"https:\/\/www.flyshop.cl\/TIENDA\/wp-json\/wp\/v2\/media\/19127"}],"wp:attachment":[{"href":"https:\/\/www.flyshop.cl\/TIENDA\/wp-json\/wp\/v2\/media?parent=19126"}],"wp:term":[{"taxonomy":"product_brand","embeddable":true,"href":"https:\/\/www.flyshop.cl\/TIENDA\/wp-json\/wp\/v2\/product_brand?post=19126"},{"taxonomy":"product_cat","embeddable":true,"href":"https:\/\/www.flyshop.cl\/TIENDA\/wp-json\/wp\/v2\/product_cat?post=19126"},{"taxonomy":"product_tag","embeddable":true,"href":"https:\/\/www.flyshop.cl\/TIENDA\/wp-json\/wp\/v2\/product_tag?post=19126"}],"curies":[{"name":"wp","href":"https:\/\/api.w.org\/{rel}","templated":true}]}}