{"id":19083,"date":"2024-08-21T15:34:02","date_gmt":"2024-08-21T15:34:02","guid":{"rendered":"https:\/\/www.flyshop.cl\/TIENDA\/?post_type=product&#038;p=19083"},"modified":"2025-09-30T16:08:23","modified_gmt":"2025-09-30T16:08:23","slug":"anteojos-bajio-vega-brown-black-matte-blue-mirror-glass","status":"publish","type":"product","link":"https:\/\/www.flyshop.cl\/TIENDA\/producto\/anteojos-bajio-vega-brown-black-matte-blue-mirror-glass\/","title":{"rendered":"Anteojos Bajio Vega black matte \/blue mirror glass"},"content":{"rendered":"<p>Nombradas en honor a Alejandro Vega Cruz, conocido como &#8220;Sandflea&#8221;, el abuelo de la pesca con mosca en Isla Holbox, Yucat\u00e1n. El marco grande de las <strong>Vega<\/strong> te ayuda a detectar enormes tarp\u00f3n de 90 kilos rodando por cientos durante todo el d\u00eda, sin agobiarte gracias a sus resistentes y ligeros marcos de base biol\u00f3gica.<\/p>\n<p>Con un dise\u00f1o envolvente de 8 bases, audaz y cuadrado, de alta cobertura y con patillas anchas que bloquean la luz lateral y protegen los ojos del sol, las <strong>Vega<\/strong> te colocan en un verdadero capullo, listo para enfocarte en la tarea. Las lentes polarizadas y mejoradoras del color de Baj\u00edo, con tecnolog\u00eda LAPIS pendiente de patente que bloquea la luz azul, reducen el deslumbramiento para mejorar la detecci\u00f3n de peces, al tiempo que disminuyen la fatiga y el cansancio ocular.<\/p>\n<p>caracteristicas Marco<\/p>\n<ul>\n<li><strong>Orificios para sujetadores<\/strong><\/li>\n<li><strong>Protectores laterales de goma ventilados<\/strong><\/li>\n<li><strong>Almohadillas nasales ergon\u00f3micas de goma<\/strong><\/li>\n<li><strong>Puntas de patillas ergon\u00f3micas de goma<\/strong><\/li>\n<li><strong>Bisagras flexibles en dos direcciones<\/strong><\/li>\n<\/ul>\n<p>&nbsp;<\/p>\n<p>caracteristicas cristal<\/p>\n<ul>\n<li><strong>tecnolog\u00eda Lapis\u2122 (pendiente de patente)<\/strong>\n<ul>\n<li>Bloquea el 95% de la luz azul da\u00f1ina<\/li>\n<li>Bloquea el 90% de la luz amarilla intensa<\/li>\n<li>Bloquea el 100% de la luz UV<\/li>\n<\/ul>\n<\/li>\n<\/ul>\n<p>Esta tecnolog\u00eda est\u00e1 dise\u00f1ada para proteger tus ojos de los efectos nocivos de diferentes tipos de luz, proporcionando una visi\u00f3n m\u00e1s clara y c\u00f3moda durante todo el d\u00eda.<\/p>\n<p><img loading=\"lazy\" decoding=\"async\" class=\"alignnone size-medium wp-image-19084\" src=\"https:\/\/www.flyshop.cl\/TIENDA\/wp-content\/uploads\/2024\/08\/bajio-sunglasses-vega-blackmatte-bluemirror-lens-1-300x214.webp\" alt=\"\" width=\"300\" height=\"214\" srcset=\"https:\/\/www.flyshop.cl\/TIENDA\/wp-content\/uploads\/2024\/08\/bajio-sunglasses-vega-blackmatte-bluemirror-lens-1-300x214.webp 300w, https:\/\/www.flyshop.cl\/TIENDA\/wp-content\/uploads\/2024\/08\/bajio-sunglasses-vega-blackmatte-bluemirror-lens-1-768x549.webp 768w, https:\/\/www.flyshop.cl\/TIENDA\/wp-content\/uploads\/2024\/08\/bajio-sunglasses-vega-blackmatte-bluemirror-lens-1-600x429.webp 600w, https:\/\/www.flyshop.cl\/TIENDA\/wp-content\/uploads\/2024\/08\/bajio-sunglasses-vega-blackmatte-bluemirror-lens-1.webp 900w\" sizes=\"auto, (max-width: 300px) 100vw, 300px\" \/><\/p>\n<p><img loading=\"lazy\" decoding=\"async\" class=\"alignnone size-medium wp-image-19069\" src=\"https:\/\/www.flyshop.cl\/TIENDA\/wp-content\/uploads\/2024\/08\/Bajio-Sunglasses-Vega-2_460x-300x300.webp\" alt=\"\" width=\"300\" height=\"300\" srcset=\"https:\/\/www.flyshop.cl\/TIENDA\/wp-content\/uploads\/2024\/08\/Bajio-Sunglasses-Vega-2_460x-300x300.webp 300w, https:\/\/www.flyshop.cl\/TIENDA\/wp-content\/uploads\/2024\/08\/Bajio-Sunglasses-Vega-2_460x-150x150.webp 150w, https:\/\/www.flyshop.cl\/TIENDA\/wp-content\/uploads\/2024\/08\/Bajio-Sunglasses-Vega-2_460x-100x100.webp 100w, https:\/\/www.flyshop.cl\/TIENDA\/wp-content\/uploads\/2024\/08\/Bajio-Sunglasses-Vega-2_460x.webp 460w\" sizes=\"auto, (max-width: 300px) 100vw, 300px\" \/><img loading=\"lazy\" decoding=\"async\" class=\"alignnone size-medium wp-image-19073\" src=\"https:\/\/www.flyshop.cl\/TIENDA\/wp-content\/uploads\/2024\/08\/Untitled_design-345_460x-300x300.webp\" alt=\"\" width=\"300\" height=\"300\" srcset=\"https:\/\/www.flyshop.cl\/TIENDA\/wp-content\/uploads\/2024\/08\/Untitled_design-345_460x-300x300.webp 300w, https:\/\/www.flyshop.cl\/TIENDA\/wp-content\/uploads\/2024\/08\/Untitled_design-345_460x-150x150.webp 150w, https:\/\/www.flyshop.cl\/TIENDA\/wp-content\/uploads\/2024\/08\/Untitled_design-345_460x-100x100.webp 100w, https:\/\/www.flyshop.cl\/TIENDA\/wp-content\/uploads\/2024\/08\/Untitled_design-345_460x.webp 460w\" sizes=\"auto, (max-width: 300px) 100vw, 300px\" \/><\/p>\n","protected":false},"excerpt":{"rendered":"<p>Nombradas en honor a Alejandro Vega Cruz, conocido como &#8220;Sandflea&#8221;, el abuelo de la pesca con mosca en Isla Holbox, Yucat\u00e1n. El marco grande de las Vega te ayuda a detectar enormes tarp\u00f3n de 90 kilos rodando por cientos durante&hellip;<\/p>\n","protected":false},"featured_media":19085,"comment_status":"closed","ping_status":"closed","template":"","meta":{"_joinchat":[]},"product_brand":[],"product_cat":[520,786],"product_tag":[],"class_list":{"0":"post-19083","1":"product","2":"type-product","3":"status-publish","4":"has-post-thumbnail","6":"product_cat-anteojos-polarizados","7":"product_cat-bajio","8":"entry","9":"has-media","11":"first","12":"instock","13":"shipping-taxable","14":"purchasable","15":"product-type-simple","16":"col","17":"wpex-woo-entry","18":"span_1_of_6 span_1_of_3_pp"},"supplier_id":null,"supplier_sku":"","barcode":null,"atum_controlled":true,"out_stock_date":null,"out_stock_threshold":null,"inheritable":false,"inbound_stock":null,"stock_on_hold":null,"sold_today":null,"sales_last_days":null,"reserved_stock":null,"customer_returns":null,"warehouse_damage":null,"lost_in_post":null,"other_logs":null,"out_stock_days":null,"lost_sales":null,"has_location":false,"update_date":"2025-09-30T16:08:25","atum_locations":[],"atum_stock_status":"instock","restock_status":false,"low_stock_amount":"","sales_update_date":null,"calc_backorders":null,"_links":{"self":[{"href":"https:\/\/www.flyshop.cl\/TIENDA\/wp-json\/wp\/v2\/product\/19083","targetHints":{"allow":["GET"]}}],"collection":[{"href":"https:\/\/www.flyshop.cl\/TIENDA\/wp-json\/wp\/v2\/product"}],"about":[{"href":"https:\/\/www.flyshop.cl\/TIENDA\/wp-json\/wp\/v2\/types\/product"}],"replies":[{"embeddable":true,"href":"https:\/\/www.flyshop.cl\/TIENDA\/wp-json\/wp\/v2\/comments?post=19083"}],"wp:featuredmedia":[{"embeddable":true,"href":"https:\/\/www.flyshop.cl\/TIENDA\/wp-json\/wp\/v2\/media\/19085"}],"wp:attachment":[{"href":"https:\/\/www.flyshop.cl\/TIENDA\/wp-json\/wp\/v2\/media?parent=19083"}],"wp:term":[{"taxonomy":"product_brand","embeddable":true,"href":"https:\/\/www.flyshop.cl\/TIENDA\/wp-json\/wp\/v2\/product_brand?post=19083"},{"taxonomy":"product_cat","embeddable":true,"href":"https:\/\/www.flyshop.cl\/TIENDA\/wp-json\/wp\/v2\/product_cat?post=19083"},{"taxonomy":"product_tag","embeddable":true,"href":"https:\/\/www.flyshop.cl\/TIENDA\/wp-json\/wp\/v2\/product_tag?post=19083"}],"curies":[{"name":"wp","href":"https:\/\/api.w.org\/{rel}","templated":true}]}}