{"id":19059,"date":"2024-08-20T21:41:56","date_gmt":"2024-08-20T21:41:56","guid":{"rendered":"https:\/\/www.flyshop.cl\/TIENDA\/?post_type=product&#038;p=19059"},"modified":"2025-09-30T16:08:23","modified_gmt":"2025-09-30T16:08:23","slug":"anteojos-bajio-las-rocas-brown-tort-matte-blue-mirror-glass","status":"publish","type":"product","link":"https:\/\/www.flyshop.cl\/TIENDA\/producto\/anteojos-bajio-las-rocas-brown-tort-matte-blue-mirror-glass\/","title":{"rendered":"Anteojos Bajio las rocas brown tort matte \/blue mirror glass"},"content":{"rendered":"<p>La pesca a vista requiere una concentraci\u00f3n absoluta en la m\u00e1s m\u00ednima se\u00f1al, ese instante decisivo en el que clavas el anzuelo o lamentas el pez que se escap\u00f3. Con tanto en juego, necesitas gafas que te den todas las ventajas posibles, algo s\u00f3lido como una roca. Te presentamos <strong>Las Rocas<\/strong>, nombradas en honor al productivo banco Roca cerca de Campeche, M\u00e9xico. Estas son unas gafas de alto rendimiento verdaderamente s\u00f3lidas.<\/p>\n<p>Fabricadas con resistente nylon biol\u00f3gico, este moderno marco de gran tama\u00f1o protege los ojos con una cobertura completa y protectores laterales ventilados, reduciendo el deslumbramiento del agua y la intrusi\u00f3n de luz sin empa\u00f1arse. Para una mayor claridad y precisi\u00f3n, las lentes polarizadas que mejoran el color cuentan con la tecnolog\u00eda LAPIS\u2122 de Baj\u00edo, pendiente de patente, que bloquea la luz azul y minimiza la fatiga ocular para d\u00edas m\u00e1s largos y productivos en el agua.<\/p>\n<p>caracteristicas Marco<\/p>\n<ul>\n<li><strong>Orificios para sujetadores<\/strong><\/li>\n<li><strong>Protectores laterales de goma ventilados<\/strong><\/li>\n<li><strong>Almohadillas nasales ergon\u00f3micas de goma<\/strong><\/li>\n<li><strong>Puntas de patillas ergon\u00f3micas de goma<\/strong><\/li>\n<li><strong>Bisagras flexibles en dos direcciones<\/strong><\/li>\n<\/ul>\n<p>&nbsp;<\/p>\n<p>caracteristicas cristal<\/p>\n<ul>\n<li><strong>ecnolog\u00eda Lapis\u2122 (pendiente de patente)<\/strong>\n<ul>\n<li>Bloquea el 95% de la luz azul da\u00f1ina<\/li>\n<li>Bloquea el 90% de la luz amarilla intensa<\/li>\n<li>Bloquea el 100% de la luz UV<\/li>\n<\/ul>\n<\/li>\n<\/ul>\n<p>Esta tecnolog\u00eda est\u00e1 dise\u00f1ada para proteger tus ojos de los efectos nocivos de diferentes tipos de luz, proporcionando una visi\u00f3n m\u00e1s clara y c\u00f3moda durante todo el d\u00eda.<\/p>\n<p>&nbsp;<\/p>\n<p><img loading=\"lazy\" decoding=\"async\" class=\"alignnone size-medium wp-image-19060\" src=\"https:\/\/www.flyshop.cl\/TIENDA\/wp-content\/uploads\/2024\/08\/Bajio_Sunglasses_Las_Rocas_Dark_Tort_Blue_Mirror_1_6eca4372-849a-4bcd-82b3-d73f4ff7e9b2-300x214.webp\" alt=\"\" width=\"300\" height=\"214\" srcset=\"https:\/\/www.flyshop.cl\/TIENDA\/wp-content\/uploads\/2024\/08\/Bajio_Sunglasses_Las_Rocas_Dark_Tort_Blue_Mirror_1_6eca4372-849a-4bcd-82b3-d73f4ff7e9b2-300x214.webp 300w, https:\/\/www.flyshop.cl\/TIENDA\/wp-content\/uploads\/2024\/08\/Bajio_Sunglasses_Las_Rocas_Dark_Tort_Blue_Mirror_1_6eca4372-849a-4bcd-82b3-d73f4ff7e9b2-768x549.webp 768w, https:\/\/www.flyshop.cl\/TIENDA\/wp-content\/uploads\/2024\/08\/Bajio_Sunglasses_Las_Rocas_Dark_Tort_Blue_Mirror_1_6eca4372-849a-4bcd-82b3-d73f4ff7e9b2-600x429.webp 600w, https:\/\/www.flyshop.cl\/TIENDA\/wp-content\/uploads\/2024\/08\/Bajio_Sunglasses_Las_Rocas_Dark_Tort_Blue_Mirror_1_6eca4372-849a-4bcd-82b3-d73f4ff7e9b2.webp 900w\" sizes=\"auto, (max-width: 300px) 100vw, 300px\" \/><img loading=\"lazy\" decoding=\"async\" class=\"alignnone size-medium wp-image-19049\" src=\"https:\/\/www.flyshop.cl\/TIENDA\/wp-content\/uploads\/2024\/08\/Bajio-Sunglasses-Las-Rocas-1_460x-300x300.webp\" alt=\"\" width=\"300\" height=\"300\" srcset=\"https:\/\/www.flyshop.cl\/TIENDA\/wp-content\/uploads\/2024\/08\/Bajio-Sunglasses-Las-Rocas-1_460x-300x300.webp 300w, https:\/\/www.flyshop.cl\/TIENDA\/wp-content\/uploads\/2024\/08\/Bajio-Sunglasses-Las-Rocas-1_460x-150x150.webp 150w, https:\/\/www.flyshop.cl\/TIENDA\/wp-content\/uploads\/2024\/08\/Bajio-Sunglasses-Las-Rocas-1_460x-100x100.webp 100w, https:\/\/www.flyshop.cl\/TIENDA\/wp-content\/uploads\/2024\/08\/Bajio-Sunglasses-Las-Rocas-1_460x.webp 460w\" sizes=\"auto, (max-width: 300px) 100vw, 300px\" \/><img loading=\"lazy\" decoding=\"async\" class=\"alignnone size-medium wp-image-19050\" src=\"https:\/\/www.flyshop.cl\/TIENDA\/wp-content\/uploads\/2024\/08\/Bajio-Sunglasses-Las-Rocas-3_460x-300x300.webp\" alt=\"\" width=\"300\" height=\"300\" srcset=\"https:\/\/www.flyshop.cl\/TIENDA\/wp-content\/uploads\/2024\/08\/Bajio-Sunglasses-Las-Rocas-3_460x-300x300.webp 300w, https:\/\/www.flyshop.cl\/TIENDA\/wp-content\/uploads\/2024\/08\/Bajio-Sunglasses-Las-Rocas-3_460x-150x150.webp 150w, https:\/\/www.flyshop.cl\/TIENDA\/wp-content\/uploads\/2024\/08\/Bajio-Sunglasses-Las-Rocas-3_460x-100x100.webp 100w, https:\/\/www.flyshop.cl\/TIENDA\/wp-content\/uploads\/2024\/08\/Bajio-Sunglasses-Las-Rocas-3_460x.webp 460w\" sizes=\"auto, (max-width: 300px) 100vw, 300px\" \/><img loading=\"lazy\" decoding=\"async\" class=\"alignnone size-medium wp-image-19051\" src=\"https:\/\/www.flyshop.cl\/TIENDA\/wp-content\/uploads\/2024\/08\/Bajio-Sunglasses-Las-Rocas-4_460x-300x300.webp\" alt=\"\" width=\"300\" height=\"300\" srcset=\"https:\/\/www.flyshop.cl\/TIENDA\/wp-content\/uploads\/2024\/08\/Bajio-Sunglasses-Las-Rocas-4_460x-300x300.webp 300w, https:\/\/www.flyshop.cl\/TIENDA\/wp-content\/uploads\/2024\/08\/Bajio-Sunglasses-Las-Rocas-4_460x-150x150.webp 150w, https:\/\/www.flyshop.cl\/TIENDA\/wp-content\/uploads\/2024\/08\/Bajio-Sunglasses-Las-Rocas-4_460x-100x100.webp 100w, https:\/\/www.flyshop.cl\/TIENDA\/wp-content\/uploads\/2024\/08\/Bajio-Sunglasses-Las-Rocas-4_460x.webp 460w\" sizes=\"auto, (max-width: 300px) 100vw, 300px\" \/><\/p>\n","protected":false},"excerpt":{"rendered":"<p>La pesca a vista requiere una concentraci\u00f3n absoluta en la m\u00e1s m\u00ednima se\u00f1al, ese instante decisivo en el que clavas el anzuelo o lamentas el pez que se escap\u00f3. Con tanto en juego, necesitas gafas que te den todas las&hellip;<\/p>\n","protected":false},"featured_media":19061,"comment_status":"closed","ping_status":"closed","template":"","meta":{"_joinchat":[]},"product_brand":[],"product_cat":[520,786],"product_tag":[],"class_list":{"0":"post-19059","1":"product","2":"type-product","3":"status-publish","4":"has-post-thumbnail","6":"product_cat-anteojos-polarizados","7":"product_cat-bajio","8":"entry","9":"has-media","11":"first","12":"instock","13":"shipping-taxable","14":"purchasable","15":"product-type-simple","16":"col","17":"wpex-woo-entry","18":"span_1_of_6 span_1_of_3_pp"},"supplier_id":null,"supplier_sku":"","barcode":null,"atum_controlled":true,"out_stock_date":null,"out_stock_threshold":null,"inheritable":false,"inbound_stock":null,"stock_on_hold":0,"sold_today":0,"sales_last_days":1,"reserved_stock":null,"customer_returns":null,"warehouse_damage":null,"lost_in_post":null,"other_logs":null,"out_stock_days":0,"lost_sales":0,"has_location":false,"update_date":"2025-09-30T16:08:25","atum_locations":[],"atum_stock_status":"instock","restock_status":false,"low_stock_amount":"","sales_update_date":"2024-10-29T14:41:31","calc_backorders":null,"_links":{"self":[{"href":"https:\/\/www.flyshop.cl\/TIENDA\/wp-json\/wp\/v2\/product\/19059","targetHints":{"allow":["GET"]}}],"collection":[{"href":"https:\/\/www.flyshop.cl\/TIENDA\/wp-json\/wp\/v2\/product"}],"about":[{"href":"https:\/\/www.flyshop.cl\/TIENDA\/wp-json\/wp\/v2\/types\/product"}],"replies":[{"embeddable":true,"href":"https:\/\/www.flyshop.cl\/TIENDA\/wp-json\/wp\/v2\/comments?post=19059"}],"wp:featuredmedia":[{"embeddable":true,"href":"https:\/\/www.flyshop.cl\/TIENDA\/wp-json\/wp\/v2\/media\/19061"}],"wp:attachment":[{"href":"https:\/\/www.flyshop.cl\/TIENDA\/wp-json\/wp\/v2\/media?parent=19059"}],"wp:term":[{"taxonomy":"product_brand","embeddable":true,"href":"https:\/\/www.flyshop.cl\/TIENDA\/wp-json\/wp\/v2\/product_brand?post=19059"},{"taxonomy":"product_cat","embeddable":true,"href":"https:\/\/www.flyshop.cl\/TIENDA\/wp-json\/wp\/v2\/product_cat?post=19059"},{"taxonomy":"product_tag","embeddable":true,"href":"https:\/\/www.flyshop.cl\/TIENDA\/wp-json\/wp\/v2\/product_tag?post=19059"}],"curies":[{"name":"wp","href":"https:\/\/api.w.org\/{rel}","templated":true}]}}