{"id":19040,"date":"2024-08-19T22:17:37","date_gmt":"2024-08-19T22:17:37","guid":{"rendered":"https:\/\/www.flyshop.cl\/TIENDA\/?post_type=product&#038;p=19040"},"modified":"2025-09-30T16:08:23","modified_gmt":"2025-09-30T16:08:23","slug":"anteojos-bajio-palometa-matte-black-copper-glass","status":"publish","type":"product","link":"https:\/\/www.flyshop.cl\/TIENDA\/producto\/anteojos-bajio-palometa-matte-black-copper-glass\/","title":{"rendered":"Anteojos Bajio palometa matte black \/copper glass"},"content":{"rendered":"<p>En la Bah\u00eda de la Ascensi\u00f3n en M\u00e9xico, donde se re\u00fanen las escuelas de permit (conocidos como palometas en espa\u00f1ol), el pescador en las <strong>Palometa<\/strong> est\u00e1 listo para un d\u00eda de pesca sin fin. Moldeadas con nuestro nylon patentado a base de materiales biol\u00f3gicos, que ofrece una incre\u00edble relaci\u00f3n de fuerza y peso, las ligeras <strong>Palometa<\/strong> brindan una comodidad excepcional y una durabilidad extrema.<\/p>\n<p>Una versi\u00f3n m\u00e1s peque\u00f1a de nuestras populares gafas <strong>Bales Beach<\/strong>, las <strong>Palometa<\/strong> de marco mediano presentan un estilo envolvente con cobertura incorporada para protecci\u00f3n solar y bloqueo de luz. Las lentes polarizadas ultra claras de Baj\u00edo, que mejoran el color y cuentan con la tecnolog\u00eda LAPIS\u2122 pendiente de patente, bloquean el 95% de la luz azul, combatiendo la neblina, el deslumbramiento y la fatiga ocular.<\/p>\n<p>caracteristicas Marco<\/p>\n<ul>\n<li><strong>Orificios para sujetadores<\/strong><\/li>\n<li><strong>Protectores laterales de goma ventilados<\/strong><\/li>\n<li><strong>Almohadillas nasales ergon\u00f3micas de goma<\/strong><\/li>\n<li><strong>Puntas de patillas ergon\u00f3micas de goma<\/strong><\/li>\n<li><strong>Bisagras flexibles en dos direcciones<\/strong><\/li>\n<\/ul>\n<p>Estas caracter\u00edsticas est\u00e1n dise\u00f1adas para brindar mayor comodidad, ajuste seguro y protecci\u00f3n adicional, haciendo de las <strong>Palometa<\/strong> una opci\u00f3n ideal para los pescadores y aventureros.<\/p>\n<p>caracteristicas cristal<\/p>\n<ul>\n<li><strong>ecnolog\u00eda Lapis\u2122 (pendiente de patente)<\/strong>\n<ul>\n<li>Bloquea el 95% de la luz azul da\u00f1ina<\/li>\n<li>Bloquea el 90% de la luz amarilla intensa<\/li>\n<li>Bloquea el 100% de la luz UV<\/li>\n<\/ul>\n<\/li>\n<\/ul>\n<p>Esta tecnolog\u00eda est\u00e1 dise\u00f1ada para proteger tus ojos de los efectos nocivos de diferentes tipos de luz, proporcionando una visi\u00f3n m\u00e1s clara y c\u00f3moda durante todo el d\u00eda.<\/p>\n<p><img loading=\"lazy\" decoding=\"async\" class=\"alignnone size-medium wp-image-19042\" src=\"https:\/\/www.flyshop.cl\/TIENDA\/wp-content\/uploads\/2024\/08\/BJ001_2111_Bajio_Palometa-BlackMatte_Copper-2D1-300x214.webp\" alt=\"\" width=\"300\" height=\"214\" srcset=\"https:\/\/www.flyshop.cl\/TIENDA\/wp-content\/uploads\/2024\/08\/BJ001_2111_Bajio_Palometa-BlackMatte_Copper-2D1-300x214.webp 300w, https:\/\/www.flyshop.cl\/TIENDA\/wp-content\/uploads\/2024\/08\/BJ001_2111_Bajio_Palometa-BlackMatte_Copper-2D1-768x547.webp 768w, https:\/\/www.flyshop.cl\/TIENDA\/wp-content\/uploads\/2024\/08\/BJ001_2111_Bajio_Palometa-BlackMatte_Copper-2D1-600x427.webp 600w, https:\/\/www.flyshop.cl\/TIENDA\/wp-content\/uploads\/2024\/08\/BJ001_2111_Bajio_Palometa-BlackMatte_Copper-2D1.webp 900w\" sizes=\"auto, (max-width: 300px) 100vw, 300px\" \/><\/p>\n<p><img loading=\"lazy\" decoding=\"async\" class=\"alignnone size-medium wp-image-19018\" src=\"https:\/\/www.flyshop.cl\/TIENDA\/wp-content\/uploads\/2024\/08\/Bajio-Sunglasses-Palometa-1_460x-300x300.webp\" alt=\"\" width=\"300\" height=\"300\" srcset=\"https:\/\/www.flyshop.cl\/TIENDA\/wp-content\/uploads\/2024\/08\/Bajio-Sunglasses-Palometa-1_460x-300x300.webp 300w, https:\/\/www.flyshop.cl\/TIENDA\/wp-content\/uploads\/2024\/08\/Bajio-Sunglasses-Palometa-1_460x-150x150.webp 150w, https:\/\/www.flyshop.cl\/TIENDA\/wp-content\/uploads\/2024\/08\/Bajio-Sunglasses-Palometa-1_460x-100x100.webp 100w, https:\/\/www.flyshop.cl\/TIENDA\/wp-content\/uploads\/2024\/08\/Bajio-Sunglasses-Palometa-1_460x.webp 460w\" sizes=\"auto, (max-width: 300px) 100vw, 300px\" \/><img loading=\"lazy\" decoding=\"async\" class=\"alignnone size-medium wp-image-19019\" src=\"https:\/\/www.flyshop.cl\/TIENDA\/wp-content\/uploads\/2024\/08\/Bajio-Sunglasses-Palometa-2_8613cc6a-264b-4b3a-8e08-759dd4c30488_460x-300x300.webp\" alt=\"\" width=\"300\" height=\"300\" srcset=\"https:\/\/www.flyshop.cl\/TIENDA\/wp-content\/uploads\/2024\/08\/Bajio-Sunglasses-Palometa-2_8613cc6a-264b-4b3a-8e08-759dd4c30488_460x-300x300.webp 300w, https:\/\/www.flyshop.cl\/TIENDA\/wp-content\/uploads\/2024\/08\/Bajio-Sunglasses-Palometa-2_8613cc6a-264b-4b3a-8e08-759dd4c30488_460x-150x150.webp 150w, https:\/\/www.flyshop.cl\/TIENDA\/wp-content\/uploads\/2024\/08\/Bajio-Sunglasses-Palometa-2_8613cc6a-264b-4b3a-8e08-759dd4c30488_460x-100x100.webp 100w, https:\/\/www.flyshop.cl\/TIENDA\/wp-content\/uploads\/2024\/08\/Bajio-Sunglasses-Palometa-2_8613cc6a-264b-4b3a-8e08-759dd4c30488_460x.webp 460w\" sizes=\"auto, (max-width: 300px) 100vw, 300px\" \/><img loading=\"lazy\" decoding=\"async\" class=\"alignnone size-medium wp-image-19020\" src=\"https:\/\/www.flyshop.cl\/TIENDA\/wp-content\/uploads\/2024\/08\/Bajio-Sunglasses-Palometa-4_9f7fc6ee-b614-4690-8fcb-014bbd215735_460x-300x300.webp\" alt=\"\" width=\"300\" height=\"300\" srcset=\"https:\/\/www.flyshop.cl\/TIENDA\/wp-content\/uploads\/2024\/08\/Bajio-Sunglasses-Palometa-4_9f7fc6ee-b614-4690-8fcb-014bbd215735_460x-300x300.webp 300w, https:\/\/www.flyshop.cl\/TIENDA\/wp-content\/uploads\/2024\/08\/Bajio-Sunglasses-Palometa-4_9f7fc6ee-b614-4690-8fcb-014bbd215735_460x-150x150.webp 150w, https:\/\/www.flyshop.cl\/TIENDA\/wp-content\/uploads\/2024\/08\/Bajio-Sunglasses-Palometa-4_9f7fc6ee-b614-4690-8fcb-014bbd215735_460x-100x100.webp 100w, https:\/\/www.flyshop.cl\/TIENDA\/wp-content\/uploads\/2024\/08\/Bajio-Sunglasses-Palometa-4_9f7fc6ee-b614-4690-8fcb-014bbd215735_460x.webp 460w\" sizes=\"auto, (max-width: 300px) 100vw, 300px\" \/><\/p>\n","protected":false},"excerpt":{"rendered":"<p>En la Bah\u00eda de la Ascensi\u00f3n en M\u00e9xico, donde se re\u00fanen las escuelas de permit (conocidos como palometas en espa\u00f1ol), el pescador en las Palometa est\u00e1 listo para un d\u00eda de pesca sin fin. Moldeadas con nuestro nylon patentado a&hellip;<\/p>\n","protected":false},"featured_media":19041,"comment_status":"closed","ping_status":"closed","template":"","meta":{"_joinchat":[]},"product_brand":[],"product_cat":[520,786],"product_tag":[],"class_list":{"0":"post-19040","1":"product","2":"type-product","3":"status-publish","4":"has-post-thumbnail","6":"product_cat-anteojos-polarizados","7":"product_cat-bajio","8":"entry","9":"has-media","11":"first","12":"instock","13":"shipping-taxable","14":"purchasable","15":"product-type-simple","16":"col","17":"wpex-woo-entry","18":"span_1_of_6 span_1_of_3_pp"},"supplier_id":null,"supplier_sku":"","barcode":null,"atum_controlled":true,"out_stock_date":null,"out_stock_threshold":null,"inheritable":false,"inbound_stock":null,"stock_on_hold":null,"sold_today":null,"sales_last_days":null,"reserved_stock":null,"customer_returns":null,"warehouse_damage":null,"lost_in_post":null,"other_logs":null,"out_stock_days":null,"lost_sales":null,"has_location":false,"update_date":"2025-09-30T16:08:25","atum_locations":[],"atum_stock_status":"instock","restock_status":false,"low_stock_amount":"","sales_update_date":null,"calc_backorders":null,"_links":{"self":[{"href":"https:\/\/www.flyshop.cl\/TIENDA\/wp-json\/wp\/v2\/product\/19040","targetHints":{"allow":["GET"]}}],"collection":[{"href":"https:\/\/www.flyshop.cl\/TIENDA\/wp-json\/wp\/v2\/product"}],"about":[{"href":"https:\/\/www.flyshop.cl\/TIENDA\/wp-json\/wp\/v2\/types\/product"}],"replies":[{"embeddable":true,"href":"https:\/\/www.flyshop.cl\/TIENDA\/wp-json\/wp\/v2\/comments?post=19040"}],"wp:featuredmedia":[{"embeddable":true,"href":"https:\/\/www.flyshop.cl\/TIENDA\/wp-json\/wp\/v2\/media\/19041"}],"wp:attachment":[{"href":"https:\/\/www.flyshop.cl\/TIENDA\/wp-json\/wp\/v2\/media?parent=19040"}],"wp:term":[{"taxonomy":"product_brand","embeddable":true,"href":"https:\/\/www.flyshop.cl\/TIENDA\/wp-json\/wp\/v2\/product_brand?post=19040"},{"taxonomy":"product_cat","embeddable":true,"href":"https:\/\/www.flyshop.cl\/TIENDA\/wp-json\/wp\/v2\/product_cat?post=19040"},{"taxonomy":"product_tag","embeddable":true,"href":"https:\/\/www.flyshop.cl\/TIENDA\/wp-json\/wp\/v2\/product_tag?post=19040"}],"curies":[{"name":"wp","href":"https:\/\/api.w.org\/{rel}","templated":true}]}}