{"id":18998,"date":"2024-08-14T19:10:10","date_gmt":"2024-08-14T19:10:10","guid":{"rendered":"https:\/\/www.flyshop.cl\/TIENDA\/?post_type=product&#038;p=18998"},"modified":"2025-09-30T16:09:11","modified_gmt":"2025-09-30T16:09:11","slug":"anteojos-bajio-nippers-blk-matte-blue-mirror-glass","status":"publish","type":"product","link":"https:\/\/www.flyshop.cl\/TIENDA\/producto\/anteojos-bajio-nippers-blk-matte-blue-mirror-glass\/","title":{"rendered":"Anteojos Bajio Nippers Blk matte\/blue mirror glass"},"content":{"rendered":"<p>Salir antes del amanecer y regresar despu\u00e9s de la \u00faltima luz del d\u00eda. Ni siquiera necesitas preguntarte: tu c\u00f3mplice, con las <strong>Nippers<\/strong>, est\u00e1 lista para cualquier aventura. Reprogramar\u00e1 cualquier reuni\u00f3n o evento que se interponga en un d\u00eda en el bote contigo o en cualquier otra aventura. Ella siempre est\u00e1 dispuesta. Y su arma secreta\u2014esas gafas, que llevan el nombre del \u00e9pico banco de bonefish frente a Abaco (conocido por albergar los m\u00e1s grandes)\u2014te conquistar\u00e1 y pronto se convertir\u00e1 en parte de tu equipo tambi\u00e9n.<\/p>\n<p>El estilo casual de las <strong>Nippers<\/strong> oculta una larga lista de caracter\u00edsticas t\u00e9cnicas. Las lentes anchas y polarizadas brindan un campo de visi\u00f3n mejorado, y cuentan con la tecnolog\u00eda LAPIS, pendiente de patente, que bloquea la luz azul y reduce la fatiga ocular en los d\u00edas m\u00e1s brillantes. Los marcos de nylon de baja densidad y base biol\u00f3gica son m\u00e1s ligeros que los pol\u00edmeros tradicionales a base de petr\u00f3leo, pero tambi\u00e9n ofrecen mayor resistencia y durabilidad al impacto. Sin duda, m\u00e1s de lo que aparentan.<\/p>\n<p>caracteristicas marco<\/p>\n<ul>\n<li><strong>Patillas Estrechas<\/strong><\/li>\n<li><strong>Almohadillas Nasales Ergon\u00f3micas de Goma<\/strong><\/li>\n<li><strong>Puntas de Patillas Ergon\u00f3micas de Goma<\/strong><\/li>\n<li><strong>Bisagras con Pasador<\/strong><\/li>\n<\/ul>\n<p>caracteristicas cristal<\/p>\n<ul>\n<li><strong>Tecnolog\u00eda Lapis\u2122 (pendiente de patente)<\/strong>\n<ul>\n<li>Bloquea el 95% de la luz azul da\u00f1ina<\/li>\n<li>Bloquea el 90% de la luz amarilla intensa<\/li>\n<li>Bloquea el 100% de la luz UV<\/li>\n<\/ul>\n<\/li>\n<\/ul>\n<p>Esta tecnolog\u00eda est\u00e1 dise\u00f1ada para proteger tus ojos de los efectos nocivos de diferentes tipos de luz, proporcionando una visi\u00f3n m\u00e1s clara y c\u00f3moda en diversas condiciones.<\/p>\n<p><img loading=\"lazy\" decoding=\"async\" class=\"alignnone size-medium wp-image-19000\" src=\"https:\/\/www.flyshop.cl\/TIENDA\/wp-content\/uploads\/2024\/08\/Bajio_Sunglasses_Nippers_Black_Matte_Blue_Mirror_1_0bf085a3-fa99-4097-bcb8-64c8a88d77e8-300x214.webp\" alt=\"\" width=\"300\" height=\"214\" srcset=\"https:\/\/www.flyshop.cl\/TIENDA\/wp-content\/uploads\/2024\/08\/Bajio_Sunglasses_Nippers_Black_Matte_Blue_Mirror_1_0bf085a3-fa99-4097-bcb8-64c8a88d77e8-300x214.webp 300w, https:\/\/www.flyshop.cl\/TIENDA\/wp-content\/uploads\/2024\/08\/Bajio_Sunglasses_Nippers_Black_Matte_Blue_Mirror_1_0bf085a3-fa99-4097-bcb8-64c8a88d77e8-768x549.webp 768w, https:\/\/www.flyshop.cl\/TIENDA\/wp-content\/uploads\/2024\/08\/Bajio_Sunglasses_Nippers_Black_Matte_Blue_Mirror_1_0bf085a3-fa99-4097-bcb8-64c8a88d77e8-600x429.webp 600w, https:\/\/www.flyshop.cl\/TIENDA\/wp-content\/uploads\/2024\/08\/Bajio_Sunglasses_Nippers_Black_Matte_Blue_Mirror_1_0bf085a3-fa99-4097-bcb8-64c8a88d77e8.webp 900w\" sizes=\"auto, (max-width: 300px) 100vw, 300px\" \/><img loading=\"lazy\" decoding=\"async\" class=\"alignnone size-medium wp-image-18999\" src=\"https:\/\/www.flyshop.cl\/TIENDA\/wp-content\/uploads\/2024\/08\/2_11d8d03b-9fd8-4ef6-ac8d-9513250d0f75_460x-300x300.webp\" alt=\"\" width=\"300\" height=\"300\" srcset=\"https:\/\/www.flyshop.cl\/TIENDA\/wp-content\/uploads\/2024\/08\/2_11d8d03b-9fd8-4ef6-ac8d-9513250d0f75_460x-300x300.webp 300w, https:\/\/www.flyshop.cl\/TIENDA\/wp-content\/uploads\/2024\/08\/2_11d8d03b-9fd8-4ef6-ac8d-9513250d0f75_460x-150x150.webp 150w, https:\/\/www.flyshop.cl\/TIENDA\/wp-content\/uploads\/2024\/08\/2_11d8d03b-9fd8-4ef6-ac8d-9513250d0f75_460x-100x100.webp 100w, https:\/\/www.flyshop.cl\/TIENDA\/wp-content\/uploads\/2024\/08\/2_11d8d03b-9fd8-4ef6-ac8d-9513250d0f75_460x.webp 460w\" sizes=\"auto, (max-width: 300px) 100vw, 300px\" \/><img loading=\"lazy\" decoding=\"async\" class=\"alignnone size-medium wp-image-19003\" src=\"https:\/\/www.flyshop.cl\/TIENDA\/wp-content\/uploads\/2024\/08\/Bajio-Sunglasses-Nippers-1_460x-300x300.webp\" alt=\"\" width=\"300\" height=\"300\" srcset=\"https:\/\/www.flyshop.cl\/TIENDA\/wp-content\/uploads\/2024\/08\/Bajio-Sunglasses-Nippers-1_460x-300x300.webp 300w, https:\/\/www.flyshop.cl\/TIENDA\/wp-content\/uploads\/2024\/08\/Bajio-Sunglasses-Nippers-1_460x-150x150.webp 150w, https:\/\/www.flyshop.cl\/TIENDA\/wp-content\/uploads\/2024\/08\/Bajio-Sunglasses-Nippers-1_460x-100x100.webp 100w, https:\/\/www.flyshop.cl\/TIENDA\/wp-content\/uploads\/2024\/08\/Bajio-Sunglasses-Nippers-1_460x.webp 460w\" sizes=\"auto, (max-width: 300px) 100vw, 300px\" \/><img loading=\"lazy\" decoding=\"async\" class=\"alignnone size-medium wp-image-19004\" src=\"https:\/\/www.flyshop.cl\/TIENDA\/wp-content\/uploads\/2024\/08\/Bajio-Sunglasses-Nippers-4_460x-300x300.webp\" alt=\"\" width=\"300\" height=\"300\" srcset=\"https:\/\/www.flyshop.cl\/TIENDA\/wp-content\/uploads\/2024\/08\/Bajio-Sunglasses-Nippers-4_460x-300x300.webp 300w, https:\/\/www.flyshop.cl\/TIENDA\/wp-content\/uploads\/2024\/08\/Bajio-Sunglasses-Nippers-4_460x-150x150.webp 150w, https:\/\/www.flyshop.cl\/TIENDA\/wp-content\/uploads\/2024\/08\/Bajio-Sunglasses-Nippers-4_460x-100x100.webp 100w, https:\/\/www.flyshop.cl\/TIENDA\/wp-content\/uploads\/2024\/08\/Bajio-Sunglasses-Nippers-4_460x.webp 460w\" sizes=\"auto, (max-width: 300px) 100vw, 300px\" \/><\/p>\n","protected":false},"excerpt":{"rendered":"<p>Salir antes del amanecer y regresar despu\u00e9s de la \u00faltima luz del d\u00eda. Ni siquiera necesitas preguntarte: tu c\u00f3mplice, con las Nippers, est\u00e1 lista para cualquier aventura. Reprogramar\u00e1 cualquier reuni\u00f3n o evento que se interponga en un d\u00eda en el&hellip;<\/p>\n","protected":false},"featured_media":19001,"comment_status":"closed","ping_status":"closed","template":"","meta":{"_joinchat":[]},"product_brand":[],"product_cat":[520,786],"product_tag":[],"class_list":{"0":"post-18998","1":"product","2":"type-product","3":"status-publish","4":"has-post-thumbnail","6":"product_cat-anteojos-polarizados","7":"product_cat-bajio","8":"entry","9":"has-media","11":"first","12":"instock","13":"shipping-taxable","14":"purchasable","15":"product-type-simple","16":"col","17":"wpex-woo-entry","18":"span_1_of_6 span_1_of_3_pp"},"supplier_id":null,"supplier_sku":"","barcode":null,"atum_controlled":true,"out_stock_date":null,"out_stock_threshold":null,"inheritable":false,"inbound_stock":null,"stock_on_hold":null,"sold_today":null,"sales_last_days":null,"reserved_stock":null,"customer_returns":null,"warehouse_damage":null,"lost_in_post":null,"other_logs":null,"out_stock_days":null,"lost_sales":null,"has_location":false,"update_date":"2025-09-30T16:09:13","atum_locations":[],"atum_stock_status":"instock","restock_status":false,"low_stock_amount":"","sales_update_date":null,"calc_backorders":null,"_links":{"self":[{"href":"https:\/\/www.flyshop.cl\/TIENDA\/wp-json\/wp\/v2\/product\/18998","targetHints":{"allow":["GET"]}}],"collection":[{"href":"https:\/\/www.flyshop.cl\/TIENDA\/wp-json\/wp\/v2\/product"}],"about":[{"href":"https:\/\/www.flyshop.cl\/TIENDA\/wp-json\/wp\/v2\/types\/product"}],"replies":[{"embeddable":true,"href":"https:\/\/www.flyshop.cl\/TIENDA\/wp-json\/wp\/v2\/comments?post=18998"}],"wp:featuredmedia":[{"embeddable":true,"href":"https:\/\/www.flyshop.cl\/TIENDA\/wp-json\/wp\/v2\/media\/19001"}],"wp:attachment":[{"href":"https:\/\/www.flyshop.cl\/TIENDA\/wp-json\/wp\/v2\/media?parent=18998"}],"wp:term":[{"taxonomy":"product_brand","embeddable":true,"href":"https:\/\/www.flyshop.cl\/TIENDA\/wp-json\/wp\/v2\/product_brand?post=18998"},{"taxonomy":"product_cat","embeddable":true,"href":"https:\/\/www.flyshop.cl\/TIENDA\/wp-json\/wp\/v2\/product_cat?post=18998"},{"taxonomy":"product_tag","embeddable":true,"href":"https:\/\/www.flyshop.cl\/TIENDA\/wp-json\/wp\/v2\/product_tag?post=18998"}],"curies":[{"name":"wp","href":"https:\/\/api.w.org\/{rel}","templated":true}]}}