{"id":18992,"date":"2024-08-14T18:44:12","date_gmt":"2024-08-14T18:44:12","guid":{"rendered":"https:\/\/www.flyshop.cl\/TIENDA\/?post_type=product&#038;p=18992"},"modified":"2025-09-30T16:09:11","modified_gmt":"2025-09-30T16:09:11","slug":"anteojos-bajio-bales-beach-blk-matte-copper-glass","status":"publish","type":"product","link":"https:\/\/www.flyshop.cl\/TIENDA\/producto\/anteojos-bajio-bales-beach-blk-matte-copper-glass\/","title":{"rendered":"Anteojos Bajio Bales beach Blk matte\/copper glass"},"content":{"rendered":"<p>Nunca se sabe lo que deparar\u00e1 el d\u00eda. Cuando los peces est\u00e1n picando, mantente enfocado; si no ves ninguna acci\u00f3n, toma una siesta. Nombrado en honor al infame banco de arena en Islamorada, conocido por atraer enormes tarp\u00f3n y peces ex\u00f3ticos, el <strong>Bales Beach<\/strong> est\u00e1 listo para lo que el d\u00eda tenga preparado, ya sea la emoci\u00f3n de una misi\u00f3n de pesca al amanecer o una tarde tranquila atendiendo la parrilla.<\/p>\n<p>Con un estilo envolvente y cobertura adicional en los costados, el <strong>Bales Beach<\/strong> est\u00e1 moldeado con nuestro nylon patentado a base de materiales biol\u00f3gicos para un armaz\u00f3n m\u00e1s ligero y duradero. Sus lentes est\u00e1n disponibles en seis colores diferentes, todos con tecnolog\u00eda de polarizaci\u00f3n LAPIS pendiente de patente, que bloquea el 95% de la luz azul, adem\u00e1s de contar con recubrimientos resistentes a los ara\u00f1azos y oleof\u00f3bicos para una mayor durabilidad.<\/p>\n<p>caracteristicas marco<\/p>\n<ul>\n<li><strong>Orificios para sujetadores<\/strong><\/li>\n<li><strong>Protectores laterales de goma ventilados<\/strong><\/li>\n<li><strong>Almohadillas nasales ergon\u00f3micas de goma<\/strong><\/li>\n<li><strong>Puntas de las patillas de goma ergon\u00f3micas<\/strong><\/li>\n<li><strong>Bisagras con pasador<\/strong><\/li>\n<\/ul>\n<p>Estas caracter\u00edsticas est\u00e1n dise\u00f1adas para brindar mayor comodidad, estabilidad y durabilidad, haciendo que el <strong>Bales Beach<\/strong> sea ideal para cualquier actividad al aire libre.<\/p>\n<p>caracteristicas cristal<\/p>\n<ul>\n<li><strong>Tecnolog\u00eda Lapis\u2122 (pendiente de patente)<\/strong>\n<ul>\n<li>Bloquea el 95% de la luz azul da\u00f1ina<\/li>\n<li>Bloquea el 90% de la luz amarilla intensa<\/li>\n<li>Bloquea el 100% de la luz UV<\/li>\n<\/ul>\n<\/li>\n<\/ul>\n<p>Esta tecnolog\u00eda est\u00e1 dise\u00f1ada para proteger tus ojos de los efectos nocivos de diferentes tipos de luz, proporcionando una visi\u00f3n m\u00e1s clara y c\u00f3moda en diversas condiciones.<\/p>\n<p><img loading=\"lazy\" decoding=\"async\" class=\"alignnone size-medium wp-image-18994\" src=\"https:\/\/www.flyshop.cl\/TIENDA\/wp-content\/uploads\/2024\/08\/Bajio-Sunglasses-Bales-Beach-Black-Matte-Copper-Mirror-1-300x214.webp\" alt=\"\" width=\"300\" height=\"214\" srcset=\"https:\/\/www.flyshop.cl\/TIENDA\/wp-content\/uploads\/2024\/08\/Bajio-Sunglasses-Bales-Beach-Black-Matte-Copper-Mirror-1-300x214.webp 300w, https:\/\/www.flyshop.cl\/TIENDA\/wp-content\/uploads\/2024\/08\/Bajio-Sunglasses-Bales-Beach-Black-Matte-Copper-Mirror-1-768x549.webp 768w, https:\/\/www.flyshop.cl\/TIENDA\/wp-content\/uploads\/2024\/08\/Bajio-Sunglasses-Bales-Beach-Black-Matte-Copper-Mirror-1-600x429.webp 600w, https:\/\/www.flyshop.cl\/TIENDA\/wp-content\/uploads\/2024\/08\/Bajio-Sunglasses-Bales-Beach-Black-Matte-Copper-Mirror-1.webp 900w\" sizes=\"auto, (max-width: 300px) 100vw, 300px\" \/><img loading=\"lazy\" decoding=\"async\" class=\"alignnone size-medium wp-image-18978\" src=\"https:\/\/www.flyshop.cl\/TIENDA\/wp-content\/uploads\/2024\/08\/Bajio-Sunglasses-Bales-Beach-3_460x-300x300.webp\" alt=\"\" width=\"300\" height=\"300\" srcset=\"https:\/\/www.flyshop.cl\/TIENDA\/wp-content\/uploads\/2024\/08\/Bajio-Sunglasses-Bales-Beach-3_460x-300x300.webp 300w, https:\/\/www.flyshop.cl\/TIENDA\/wp-content\/uploads\/2024\/08\/Bajio-Sunglasses-Bales-Beach-3_460x-150x150.webp 150w, https:\/\/www.flyshop.cl\/TIENDA\/wp-content\/uploads\/2024\/08\/Bajio-Sunglasses-Bales-Beach-3_460x-100x100.webp 100w, https:\/\/www.flyshop.cl\/TIENDA\/wp-content\/uploads\/2024\/08\/Bajio-Sunglasses-Bales-Beach-3_460x.webp 460w\" sizes=\"auto, (max-width: 300px) 100vw, 300px\" \/><\/p>\n","protected":false},"excerpt":{"rendered":"<p>Nunca se sabe lo que deparar\u00e1 el d\u00eda. Cuando los peces est\u00e1n picando, mantente enfocado; si no ves ninguna acci\u00f3n, toma una siesta. Nombrado en honor al infame banco de arena en Islamorada, conocido por atraer enormes tarp\u00f3n y peces&hellip;<\/p>\n","protected":false},"featured_media":18996,"comment_status":"closed","ping_status":"closed","template":"","meta":{"_joinchat":[]},"product_brand":[],"product_cat":[520,786],"product_tag":[],"class_list":{"0":"post-18992","1":"product","2":"type-product","3":"status-publish","4":"has-post-thumbnail","6":"product_cat-anteojos-polarizados","7":"product_cat-bajio","8":"entry","9":"has-media","11":"first","12":"instock","13":"shipping-taxable","14":"purchasable","15":"product-type-simple","16":"col","17":"wpex-woo-entry","18":"span_1_of_6 span_1_of_3_pp"},"supplier_id":null,"supplier_sku":"","barcode":null,"atum_controlled":true,"out_stock_date":null,"out_stock_threshold":null,"inheritable":false,"inbound_stock":null,"stock_on_hold":null,"sold_today":null,"sales_last_days":null,"reserved_stock":null,"customer_returns":null,"warehouse_damage":null,"lost_in_post":null,"other_logs":null,"out_stock_days":null,"lost_sales":null,"has_location":false,"update_date":"2025-09-30T16:09:13","atum_locations":[],"atum_stock_status":"instock","restock_status":false,"low_stock_amount":"","sales_update_date":null,"calc_backorders":null,"_links":{"self":[{"href":"https:\/\/www.flyshop.cl\/TIENDA\/wp-json\/wp\/v2\/product\/18992","targetHints":{"allow":["GET"]}}],"collection":[{"href":"https:\/\/www.flyshop.cl\/TIENDA\/wp-json\/wp\/v2\/product"}],"about":[{"href":"https:\/\/www.flyshop.cl\/TIENDA\/wp-json\/wp\/v2\/types\/product"}],"replies":[{"embeddable":true,"href":"https:\/\/www.flyshop.cl\/TIENDA\/wp-json\/wp\/v2\/comments?post=18992"}],"wp:featuredmedia":[{"embeddable":true,"href":"https:\/\/www.flyshop.cl\/TIENDA\/wp-json\/wp\/v2\/media\/18996"}],"wp:attachment":[{"href":"https:\/\/www.flyshop.cl\/TIENDA\/wp-json\/wp\/v2\/media?parent=18992"}],"wp:term":[{"taxonomy":"product_brand","embeddable":true,"href":"https:\/\/www.flyshop.cl\/TIENDA\/wp-json\/wp\/v2\/product_brand?post=18992"},{"taxonomy":"product_cat","embeddable":true,"href":"https:\/\/www.flyshop.cl\/TIENDA\/wp-json\/wp\/v2\/product_cat?post=18992"},{"taxonomy":"product_tag","embeddable":true,"href":"https:\/\/www.flyshop.cl\/TIENDA\/wp-json\/wp\/v2\/product_tag?post=18992"}],"curies":[{"name":"wp","href":"https:\/\/api.w.org\/{rel}","templated":true}]}}