{"id":18958,"date":"2024-08-13T22:30:57","date_gmt":"2024-08-13T22:30:57","guid":{"rendered":"https:\/\/www.flyshop.cl\/TIENDA\/?post_type=product&#038;p=18958"},"modified":"2025-06-02T00:45:13","modified_gmt":"2025-06-02T00:45:13","slug":"pesa-digital-smiths-regal-river","status":"publish","type":"product","link":"https:\/\/www.flyshop.cl\/TIENDA\/producto\/pesa-digital-smiths-regal-river\/","title":{"rendered":"pesa digital Smith&#8217;s regal river"},"content":{"rendered":"<p>La <strong>pesa digital Smith&#8217;s Regal River 50lb<\/strong> es un accesorio imprescindible para cualquier pescador. Esta b\u00e1scula resistente y duradera puede pesar peces desde 90 gramos hasta 22.7 kilogramos con precisi\u00f3n, ideal para todo, desde peces peque\u00f1os hasta lubinas. La funci\u00f3n de conversi\u00f3n r\u00e1pida te permite cambiar sin esfuerzo entre kilogramos y gramos. El gancho de acero inoxidable garantiza un pesaje seguro, mientras que la pantalla LCD retroiluminada ofrece lecturas claras en cualquier condici\u00f3n de luz. Alimentada por una bater\u00eda CR2032 de larga duraci\u00f3n, esta b\u00e1scula port\u00e1til y de mano es impermeable y est\u00e1 dise\u00f1ada para resistir las condiciones de pesca m\u00e1s duras. Ya seas un profesional o un aficionado, la b\u00e1scula digital de pesca de Smith es la herramienta ideal para un pesaje de peces preciso y confiable.<\/p>\n<p><img loading=\"lazy\" decoding=\"async\" class=\"alignnone size-full wp-image-18962\" src=\"https:\/\/www.flyshop.cl\/TIENDA\/wp-content\/uploads\/2024\/08\/evg6rmmj8zjqryt5m2wq.jpg\" alt=\"\" width=\"275\" height=\"275\" srcset=\"https:\/\/www.flyshop.cl\/TIENDA\/wp-content\/uploads\/2024\/08\/evg6rmmj8zjqryt5m2wq.jpg 275w, https:\/\/www.flyshop.cl\/TIENDA\/wp-content\/uploads\/2024\/08\/evg6rmmj8zjqryt5m2wq-150x150.jpg 150w, https:\/\/www.flyshop.cl\/TIENDA\/wp-content\/uploads\/2024\/08\/evg6rmmj8zjqryt5m2wq-100x100.jpg 100w\" sizes=\"auto, (max-width: 275px) 100vw, 275px\" \/><img loading=\"lazy\" decoding=\"async\" class=\"alignnone size-full wp-image-18961\" src=\"https:\/\/www.flyshop.cl\/TIENDA\/wp-content\/uploads\/2024\/08\/duorgk2dft3kq0mdxhek.jpg\" alt=\"\" width=\"275\" height=\"275\" srcset=\"https:\/\/www.flyshop.cl\/TIENDA\/wp-content\/uploads\/2024\/08\/duorgk2dft3kq0mdxhek.jpg 275w, https:\/\/www.flyshop.cl\/TIENDA\/wp-content\/uploads\/2024\/08\/duorgk2dft3kq0mdxhek-150x150.jpg 150w, https:\/\/www.flyshop.cl\/TIENDA\/wp-content\/uploads\/2024\/08\/duorgk2dft3kq0mdxhek-100x100.jpg 100w\" sizes=\"auto, (max-width: 275px) 100vw, 275px\" \/><img loading=\"lazy\" decoding=\"async\" class=\"alignnone size-full wp-image-18960\" src=\"https:\/\/www.flyshop.cl\/TIENDA\/wp-content\/uploads\/2024\/08\/asdxvnkk7tzkqjesjtid.jpg\" alt=\"\" width=\"275\" height=\"275\" srcset=\"https:\/\/www.flyshop.cl\/TIENDA\/wp-content\/uploads\/2024\/08\/asdxvnkk7tzkqjesjtid.jpg 275w, https:\/\/www.flyshop.cl\/TIENDA\/wp-content\/uploads\/2024\/08\/asdxvnkk7tzkqjesjtid-150x150.jpg 150w, https:\/\/www.flyshop.cl\/TIENDA\/wp-content\/uploads\/2024\/08\/asdxvnkk7tzkqjesjtid-100x100.jpg 100w\" sizes=\"auto, (max-width: 275px) 100vw, 275px\" \/><img loading=\"lazy\" decoding=\"async\" class=\"alignnone size-full wp-image-18963\" src=\"https:\/\/www.flyshop.cl\/TIENDA\/wp-content\/uploads\/2024\/08\/jflfcpvwqkrrxdi2p4mh.jpg\" alt=\"\" width=\"275\" height=\"156\" \/><img loading=\"lazy\" decoding=\"async\" class=\"alignnone size-full wp-image-18964\" src=\"https:\/\/www.flyshop.cl\/TIENDA\/wp-content\/uploads\/2024\/08\/qtqlxalgzvh6oso3kh4y.jpg\" alt=\"\" width=\"275\" height=\"275\" srcset=\"https:\/\/www.flyshop.cl\/TIENDA\/wp-content\/uploads\/2024\/08\/qtqlxalgzvh6oso3kh4y.jpg 275w, https:\/\/www.flyshop.cl\/TIENDA\/wp-content\/uploads\/2024\/08\/qtqlxalgzvh6oso3kh4y-150x150.jpg 150w, https:\/\/www.flyshop.cl\/TIENDA\/wp-content\/uploads\/2024\/08\/qtqlxalgzvh6oso3kh4y-100x100.jpg 100w\" sizes=\"auto, (max-width: 275px) 100vw, 275px\" \/><\/p>\n<p>&nbsp;<\/p>\n<p>&nbsp;<\/p>\n","protected":false},"excerpt":{"rendered":"<p>La pesa digital Smith&#8217;s Regal River 50lb es un accesorio imprescindible para cualquier pescador. Esta b\u00e1scula resistente y duradera puede pesar peces desde 90 gramos hasta 22.7 kilogramos con precisi\u00f3n, ideal para todo, desde peces peque\u00f1os hasta lubinas. La funci\u00f3n&hellip;<\/p>\n","protected":false},"featured_media":18965,"comment_status":"closed","ping_status":"closed","template":"","meta":{"_joinchat":[]},"product_brand":[],"product_cat":[785],"product_tag":[],"class_list":{"0":"post-18958","1":"product","2":"type-product","3":"status-publish","4":"has-post-thumbnail","6":"product_cat-cuchillos-y-herramientas","7":"entry","8":"has-media","10":"first","11":"outofstock","12":"shipping-taxable","13":"purchasable","14":"product-type-simple","15":"col","16":"wpex-woo-entry","17":"span_1_of_6 span_1_of_3_pp"},"supplier_id":null,"supplier_sku":"","barcode":null,"atum_controlled":true,"out_stock_date":"2025-06-02 00:45:13","out_stock_threshold":null,"inheritable":false,"inbound_stock":null,"stock_on_hold":0,"sold_today":0,"sales_last_days":1,"reserved_stock":null,"customer_returns":null,"warehouse_damage":null,"lost_in_post":null,"other_logs":null,"out_stock_days":0,"lost_sales":0,"has_location":false,"update_date":"2025-06-02T00:45:15","atum_locations":[],"atum_stock_status":"outofstock","restock_status":false,"low_stock_amount":"","sales_update_date":"2024-12-16T14:03:25","calc_backorders":null,"_links":{"self":[{"href":"https:\/\/www.flyshop.cl\/TIENDA\/wp-json\/wp\/v2\/product\/18958","targetHints":{"allow":["GET"]}}],"collection":[{"href":"https:\/\/www.flyshop.cl\/TIENDA\/wp-json\/wp\/v2\/product"}],"about":[{"href":"https:\/\/www.flyshop.cl\/TIENDA\/wp-json\/wp\/v2\/types\/product"}],"replies":[{"embeddable":true,"href":"https:\/\/www.flyshop.cl\/TIENDA\/wp-json\/wp\/v2\/comments?post=18958"}],"wp:featuredmedia":[{"embeddable":true,"href":"https:\/\/www.flyshop.cl\/TIENDA\/wp-json\/wp\/v2\/media\/18965"}],"wp:attachment":[{"href":"https:\/\/www.flyshop.cl\/TIENDA\/wp-json\/wp\/v2\/media?parent=18958"}],"wp:term":[{"taxonomy":"product_brand","embeddable":true,"href":"https:\/\/www.flyshop.cl\/TIENDA\/wp-json\/wp\/v2\/product_brand?post=18958"},{"taxonomy":"product_cat","embeddable":true,"href":"https:\/\/www.flyshop.cl\/TIENDA\/wp-json\/wp\/v2\/product_cat?post=18958"},{"taxonomy":"product_tag","embeddable":true,"href":"https:\/\/www.flyshop.cl\/TIENDA\/wp-json\/wp\/v2\/product_tag?post=18958"}],"curies":[{"name":"wp","href":"https:\/\/api.w.org\/{rel}","templated":true}]}}