{"id":18953,"date":"2024-08-13T21:10:26","date_gmt":"2024-08-13T21:10:26","guid":{"rendered":"https:\/\/www.flyshop.cl\/TIENDA\/?post_type=product&#038;p=18953"},"modified":"2025-02-22T14:15:10","modified_gmt":"2025-02-22T14:15:10","slug":"smiths-regal-river-fish-gripper","status":"publish","type":"product","link":"https:\/\/www.flyshop.cl\/TIENDA\/producto\/smiths-regal-river-fish-gripper\/","title":{"rendered":"Smith&#8217;s Regal River Fish Gripper"},"content":{"rendered":"<p>El <strong>Smith&#8217;s Regal River Fish Gripper<\/strong> incluye un mecanismo de bloqueo y un dise\u00f1o ligero. Est\u00e1 fabricado con pl\u00e1stico resistente a la corrosi\u00f3n de alta durabilidad y cuenta con un mango ergon\u00f3mico para un uso c\u00f3modo. Es ideal para su uso en embarcaciones ligeras como canoas o kayaks.<\/p>\n<p><strong>Caracter\u00edsticas del Producto:<\/strong><\/p>\n<ol>\n<li><strong>Gripper Flotante de 15 cm<\/strong><\/li>\n<li><strong>Maneja o pesa peces con una mano<\/strong><\/li>\n<li><strong>Dise\u00f1o de liberaci\u00f3n r\u00e1pida<\/strong><\/li>\n<li><strong>Resistente a la corrosi\u00f3n<\/strong><\/li>\n<li><strong>Incluye correa para la mu\u00f1eca<\/strong><\/li>\n<\/ol>\n<p><img loading=\"lazy\" decoding=\"async\" class=\"alignnone size-full wp-image-18957\" src=\"https:\/\/www.flyshop.cl\/TIENDA\/wp-content\/uploads\/2024\/08\/rgb5dtifg6jk9kwjrnor.jpg\" alt=\"\" width=\"275\" height=\"275\" srcset=\"https:\/\/www.flyshop.cl\/TIENDA\/wp-content\/uploads\/2024\/08\/rgb5dtifg6jk9kwjrnor.jpg 275w, https:\/\/www.flyshop.cl\/TIENDA\/wp-content\/uploads\/2024\/08\/rgb5dtifg6jk9kwjrnor-150x150.jpg 150w, https:\/\/www.flyshop.cl\/TIENDA\/wp-content\/uploads\/2024\/08\/rgb5dtifg6jk9kwjrnor-100x100.jpg 100w\" sizes=\"auto, (max-width: 275px) 100vw, 275px\" \/><img loading=\"lazy\" decoding=\"async\" class=\"alignnone size-full wp-image-18955\" src=\"https:\/\/www.flyshop.cl\/TIENDA\/wp-content\/uploads\/2024\/08\/c4qu1odoinxxnop7uanx.jpg\" alt=\"\" width=\"275\" height=\"275\" srcset=\"https:\/\/www.flyshop.cl\/TIENDA\/wp-content\/uploads\/2024\/08\/c4qu1odoinxxnop7uanx.jpg 275w, https:\/\/www.flyshop.cl\/TIENDA\/wp-content\/uploads\/2024\/08\/c4qu1odoinxxnop7uanx-150x150.jpg 150w, https:\/\/www.flyshop.cl\/TIENDA\/wp-content\/uploads\/2024\/08\/c4qu1odoinxxnop7uanx-100x100.jpg 100w\" sizes=\"auto, (max-width: 275px) 100vw, 275px\" \/><\/p>\n","protected":false},"excerpt":{"rendered":"<p>El Smith&#8217;s Regal River Fish Gripper incluye un mecanismo de bloqueo y un dise\u00f1o ligero. Est\u00e1 fabricado con pl\u00e1stico resistente a la corrosi\u00f3n de alta durabilidad y cuenta con un mango ergon\u00f3mico para un uso c\u00f3modo. Es ideal para su&hellip;<\/p>\n","protected":false},"featured_media":18956,"comment_status":"closed","ping_status":"closed","template":"","meta":{"_joinchat":[]},"product_brand":[],"product_cat":[785],"product_tag":[],"class_list":{"0":"post-18953","1":"product","2":"type-product","3":"status-publish","4":"has-post-thumbnail","6":"product_cat-cuchillos-y-herramientas","7":"entry","8":"has-media","10":"first","11":"outofstock","12":"shipping-taxable","13":"purchasable","14":"product-type-simple","15":"col","16":"wpex-woo-entry","17":"span_1_of_6 span_1_of_3_pp"},"supplier_id":null,"supplier_sku":"","barcode":null,"atum_controlled":true,"out_stock_date":"2025-02-22 14:15:10","out_stock_threshold":null,"inheritable":false,"inbound_stock":null,"stock_on_hold":0,"sold_today":0,"sales_last_days":1,"reserved_stock":null,"customer_returns":null,"warehouse_damage":null,"lost_in_post":null,"other_logs":null,"out_stock_days":8,"lost_sales":17131,"has_location":false,"update_date":"2025-03-03T14:02:27","atum_locations":[],"atum_stock_status":"outofstock","restock_status":false,"low_stock_amount":"","sales_update_date":"2025-03-03T14:02:27","calc_backorders":null,"_links":{"self":[{"href":"https:\/\/www.flyshop.cl\/TIENDA\/wp-json\/wp\/v2\/product\/18953","targetHints":{"allow":["GET"]}}],"collection":[{"href":"https:\/\/www.flyshop.cl\/TIENDA\/wp-json\/wp\/v2\/product"}],"about":[{"href":"https:\/\/www.flyshop.cl\/TIENDA\/wp-json\/wp\/v2\/types\/product"}],"replies":[{"embeddable":true,"href":"https:\/\/www.flyshop.cl\/TIENDA\/wp-json\/wp\/v2\/comments?post=18953"}],"wp:featuredmedia":[{"embeddable":true,"href":"https:\/\/www.flyshop.cl\/TIENDA\/wp-json\/wp\/v2\/media\/18956"}],"wp:attachment":[{"href":"https:\/\/www.flyshop.cl\/TIENDA\/wp-json\/wp\/v2\/media?parent=18953"}],"wp:term":[{"taxonomy":"product_brand","embeddable":true,"href":"https:\/\/www.flyshop.cl\/TIENDA\/wp-json\/wp\/v2\/product_brand?post=18953"},{"taxonomy":"product_cat","embeddable":true,"href":"https:\/\/www.flyshop.cl\/TIENDA\/wp-json\/wp\/v2\/product_cat?post=18953"},{"taxonomy":"product_tag","embeddable":true,"href":"https:\/\/www.flyshop.cl\/TIENDA\/wp-json\/wp\/v2\/product_tag?post=18953"}],"curies":[{"name":"wp","href":"https:\/\/api.w.org\/{rel}","templated":true}]}}