{"id":18939,"date":"2024-08-13T17:01:55","date_gmt":"2024-08-13T17:01:55","guid":{"rendered":"https:\/\/www.flyshop.cl\/TIENDA\/?post_type=product&#038;p=18939"},"modified":"2024-08-13T17:16:58","modified_gmt":"2024-08-13T17:16:58","slug":"smiths-afilador-tactico-pp1-black","status":"publish","type":"product","link":"https:\/\/www.flyshop.cl\/TIENDA\/producto\/smiths-afilador-tactico-pp1-black\/","title":{"rendered":"Smith\u00b4s afilador tactico PP1 black"},"content":{"rendered":"<p><strong>Afilador T\u00e1ctico &#8220;Pocket Pal&#8221; de Smith<\/strong><\/p>\n<p>El afilador t\u00e1ctico <strong>\u201cPocket Pal\u201d<\/strong> de Smith cuenta con un mango de G-10 y un marco de acero inoxidable 420. Incluye un rompevidrios de carburo de tungsteno, clip para el bolsillo, y piedras cer\u00e1micas cruzadas preestablecidas que proporcionan un \u201cbisel perfecto\u201d cada vez. Los carburo ofrecen un ajuste r\u00e1pido del filo, mientras que las piedras cer\u00e1micas de forma especial est\u00e1n dise\u00f1adas para darle un filo extremadamente afilado tanto a bordes normales como dentados. La varilla redonda con recubrimiento de diamante, que se despliega, est\u00e1 dise\u00f1ada para afilar serraciones y peque\u00f1os ganchos para destripar. Nuestro multitool es compacto, ligero, duradero y viene con un orificio para cord\u00f3n, lo que facilita llevarlo contigo en movimiento.<\/p>\n<ul>\n<li><strong>T\u00c1CTICO:<\/strong> El afilador t\u00e1ctico <strong>\u201cPocket Pal\u201d<\/strong> de Smith presenta un mango de G-10, marco de acero inoxidable, rompevidrios de carburo de tungsteno, clip para el bolsillo, varilla con recubrimiento de diamante que se despliega, y afilado en 2 etapas.<\/li>\n<li><strong>2 ETAPAS:<\/strong> El carburo proporciona un filo r\u00e1pido para cuchillos desafilados y se debe usar en bordes rectos. Las piedras cer\u00e1micas proporcionan un filo suave y pulido, y se pueden usar en cuchillas dentadas o est\u00e1ndar.<\/li>\n<li><strong>RESULTADOS GARANTIZADOS:<\/strong> Las ranuras de afilado en 2 etapas cuentan con \u00e1ngulos de afilado preestablecidos que garantizan resultados efectivos.<\/li>\n<li><strong>VARILLA DE DIAMANTE:<\/strong> El <strong>Pocket Pal<\/strong> de Smith incluye una varilla de diamante que se despliega, dise\u00f1ada para afilar serraciones, bordes est\u00e1ndar, peque\u00f1os ganchos para destripar y anzuelos.<\/li>\n<li><strong>DIMENSIONES:<\/strong> Mide 10 cm de largo x 3.8 cm de ancho y pesa 99 gramos. Est\u00e1 dise\u00f1ado para sujetarse f\u00e1cilmente al bolsillo y llevarlo contigo.<\/li>\n<li><strong>PORT\u00c1TIL:<\/strong> El afilador t\u00e1ctico <strong>Pocket Pal<\/strong> de Smith cuenta con un orificio para cord\u00f3n, lo que permite sujetarlo f\u00e1cilmente a una mochila o llavero<\/li>\n<\/ul>\n<p>&nbsp;<\/p>\n<p><img loading=\"lazy\" decoding=\"async\" class=\"alignnone size-full wp-image-18945\" src=\"https:\/\/www.flyshop.cl\/TIENDA\/wp-content\/uploads\/2024\/08\/xgwp2cuytganc0cjzjpu.jpg\" alt=\"\" width=\"275\" height=\"275\" srcset=\"https:\/\/www.flyshop.cl\/TIENDA\/wp-content\/uploads\/2024\/08\/xgwp2cuytganc0cjzjpu.jpg 275w, https:\/\/www.flyshop.cl\/TIENDA\/wp-content\/uploads\/2024\/08\/xgwp2cuytganc0cjzjpu-150x150.jpg 150w, https:\/\/www.flyshop.cl\/TIENDA\/wp-content\/uploads\/2024\/08\/xgwp2cuytganc0cjzjpu-100x100.jpg 100w\" sizes=\"auto, (max-width: 275px) 100vw, 275px\" \/><img loading=\"lazy\" decoding=\"async\" class=\"alignnone size-full wp-image-18944\" src=\"https:\/\/www.flyshop.cl\/TIENDA\/wp-content\/uploads\/2024\/08\/vv210fzefqlycnsufoev.jpg\" alt=\"\" width=\"275\" height=\"275\" srcset=\"https:\/\/www.flyshop.cl\/TIENDA\/wp-content\/uploads\/2024\/08\/vv210fzefqlycnsufoev.jpg 275w, https:\/\/www.flyshop.cl\/TIENDA\/wp-content\/uploads\/2024\/08\/vv210fzefqlycnsufoev-150x150.jpg 150w, https:\/\/www.flyshop.cl\/TIENDA\/wp-content\/uploads\/2024\/08\/vv210fzefqlycnsufoev-100x100.jpg 100w\" sizes=\"auto, (max-width: 275px) 100vw, 275px\" \/><img loading=\"lazy\" decoding=\"async\" class=\"alignnone size-full wp-image-18942\" src=\"https:\/\/www.flyshop.cl\/TIENDA\/wp-content\/uploads\/2024\/08\/hx915gptr66i2jg0emn5.jpg\" alt=\"\" width=\"275\" height=\"275\" srcset=\"https:\/\/www.flyshop.cl\/TIENDA\/wp-content\/uploads\/2024\/08\/hx915gptr66i2jg0emn5.jpg 275w, https:\/\/www.flyshop.cl\/TIENDA\/wp-content\/uploads\/2024\/08\/hx915gptr66i2jg0emn5-150x150.jpg 150w, https:\/\/www.flyshop.cl\/TIENDA\/wp-content\/uploads\/2024\/08\/hx915gptr66i2jg0emn5-100x100.jpg 100w\" sizes=\"auto, (max-width: 275px) 100vw, 275px\" \/><img loading=\"lazy\" decoding=\"async\" class=\"alignnone size-full wp-image-18941\" src=\"https:\/\/www.flyshop.cl\/TIENDA\/wp-content\/uploads\/2024\/08\/ehuaxshl89gjbwowhqvu.jpg\" alt=\"\" width=\"275\" height=\"275\" srcset=\"https:\/\/www.flyshop.cl\/TIENDA\/wp-content\/uploads\/2024\/08\/ehuaxshl89gjbwowhqvu.jpg 275w, https:\/\/www.flyshop.cl\/TIENDA\/wp-content\/uploads\/2024\/08\/ehuaxshl89gjbwowhqvu-150x150.jpg 150w, https:\/\/www.flyshop.cl\/TIENDA\/wp-content\/uploads\/2024\/08\/ehuaxshl89gjbwowhqvu-100x100.jpg 100w\" sizes=\"auto, (max-width: 275px) 100vw, 275px\" \/><img loading=\"lazy\" decoding=\"async\" class=\"alignnone size-full wp-image-18940\" src=\"https:\/\/www.flyshop.cl\/TIENDA\/wp-content\/uploads\/2024\/08\/cjzmtf1egp5g2zkajgef.jpg\" alt=\"\" width=\"275\" height=\"275\" srcset=\"https:\/\/www.flyshop.cl\/TIENDA\/wp-content\/uploads\/2024\/08\/cjzmtf1egp5g2zkajgef.jpg 275w, https:\/\/www.flyshop.cl\/TIENDA\/wp-content\/uploads\/2024\/08\/cjzmtf1egp5g2zkajgef-150x150.jpg 150w, https:\/\/www.flyshop.cl\/TIENDA\/wp-content\/uploads\/2024\/08\/cjzmtf1egp5g2zkajgef-100x100.jpg 100w\" sizes=\"auto, (max-width: 275px) 100vw, 275px\" \/><\/p>\n","protected":false},"excerpt":{"rendered":"<p>Afilador T\u00e1ctico &#8220;Pocket Pal&#8221; de Smith El afilador t\u00e1ctico \u201cPocket Pal\u201d de Smith cuenta con un mango de G-10 y un marco de acero inoxidable 420. Incluye un rompevidrios de carburo de tungsteno, clip para el bolsillo, y piedras cer\u00e1micas&hellip;<\/p>\n","protected":false},"featured_media":18943,"comment_status":"closed","ping_status":"closed","template":"","meta":{"_joinchat":[]},"product_brand":[],"product_cat":[785],"product_tag":[],"class_list":{"0":"post-18939","1":"product","2":"type-product","3":"status-publish","4":"has-post-thumbnail","6":"product_cat-cuchillos-y-herramientas","7":"entry","8":"has-media","10":"first","11":"instock","12":"shipping-taxable","13":"purchasable","14":"product-type-simple","15":"col","16":"wpex-woo-entry","17":"span_1_of_6 span_1_of_3_pp"},"supplier_id":null,"supplier_sku":"","barcode":null,"atum_controlled":true,"out_stock_date":null,"out_stock_threshold":null,"inheritable":false,"inbound_stock":null,"stock_on_hold":null,"sold_today":null,"sales_last_days":null,"reserved_stock":null,"customer_returns":null,"warehouse_damage":null,"lost_in_post":null,"other_logs":null,"out_stock_days":null,"lost_sales":null,"has_location":false,"update_date":"2024-08-13T17:17:04","atum_locations":[],"atum_stock_status":"instock","restock_status":false,"low_stock_amount":"","sales_update_date":null,"calc_backorders":null,"_links":{"self":[{"href":"https:\/\/www.flyshop.cl\/TIENDA\/wp-json\/wp\/v2\/product\/18939","targetHints":{"allow":["GET"]}}],"collection":[{"href":"https:\/\/www.flyshop.cl\/TIENDA\/wp-json\/wp\/v2\/product"}],"about":[{"href":"https:\/\/www.flyshop.cl\/TIENDA\/wp-json\/wp\/v2\/types\/product"}],"replies":[{"embeddable":true,"href":"https:\/\/www.flyshop.cl\/TIENDA\/wp-json\/wp\/v2\/comments?post=18939"}],"wp:featuredmedia":[{"embeddable":true,"href":"https:\/\/www.flyshop.cl\/TIENDA\/wp-json\/wp\/v2\/media\/18943"}],"wp:attachment":[{"href":"https:\/\/www.flyshop.cl\/TIENDA\/wp-json\/wp\/v2\/media?parent=18939"}],"wp:term":[{"taxonomy":"product_brand","embeddable":true,"href":"https:\/\/www.flyshop.cl\/TIENDA\/wp-json\/wp\/v2\/product_brand?post=18939"},{"taxonomy":"product_cat","embeddable":true,"href":"https:\/\/www.flyshop.cl\/TIENDA\/wp-json\/wp\/v2\/product_cat?post=18939"},{"taxonomy":"product_tag","embeddable":true,"href":"https:\/\/www.flyshop.cl\/TIENDA\/wp-json\/wp\/v2\/product_tag?post=18939"}],"curies":[{"name":"wp","href":"https:\/\/api.w.org\/{rel}","templated":true}]}}