{"id":18931,"date":"2024-08-13T16:32:17","date_gmt":"2024-08-13T16:32:17","guid":{"rendered":"https:\/\/www.flyshop.cl\/TIENDA\/?post_type=product&#038;p=18931"},"modified":"2025-08-07T14:55:17","modified_gmt":"2025-08-07T14:55:17","slug":"smiths-pinzas-lawaia","status":"publish","type":"product","link":"https:\/\/www.flyshop.cl\/TIENDA\/producto\/smiths-pinzas-lawaia\/","title":{"rendered":"Smith\u00b4s pinzas lawaia"},"content":{"rendered":"<p>Las pinzas de pesca <strong>Smith&#8217;s Lawaia 6.5&#8243; con <\/strong><strong>bloqueo y de aluminio<\/strong> est\u00e1n fabricadas con aluminio anodizado duradero para resistir la corrosi\u00f3n en agua salada y dulce. Su dise\u00f1o ergon\u00f3mico, ligero y con resorte garantiza un uso sin esfuerzo con una sola mano, ideal para largas sesiones de pesca. Equipadas con mand\u00edbulas de punta fina, cortadores de l\u00ednea de carburo y un crimpador de plomos, estas pinzas manejan diversas tareas de pesca de manera eficiente. El mosquet\u00f3n incorporado permite un r\u00e1pido enganche a tu cintur\u00f3n o lazo, manteni\u00e9ndolas siempre al alcance.<\/p>\n<ul>\n<li><strong>Aluminio Duradero:<\/strong> Anodizado para resistencia a la corrosi\u00f3n en agua salada y dulce.<\/li>\n<li><strong>Dise\u00f1o Ergon\u00f3mico:<\/strong> Mangos ligeros y con resorte para un uso f\u00e1cil con una sola mano.<\/li>\n<li><strong>Herramienta Vers\u00e1til:<\/strong> Incluye mand\u00edbulas de punta fina, cortadores de carburo y crimpador de plomos.<\/li>\n<li><strong>Mosquet\u00f3n Incorporado:<\/strong> Permite un r\u00e1pido enganche al cintur\u00f3n o lazo para un acceso f\u00e1cil.<\/li>\n<li><strong>Control de Precisi\u00f3n:<\/strong> Ideal para la extracci\u00f3n precisa de anzuelos y corte de l\u00ednea<\/li>\n<\/ul>\n<p><img loading=\"lazy\" decoding=\"async\" class=\"alignnone size-full wp-image-18935\" src=\"https:\/\/www.flyshop.cl\/TIENDA\/wp-content\/uploads\/2024\/08\/lt1iuvrtk4abscxi4ofc.jpg\" alt=\"\" width=\"275\" height=\"275\" srcset=\"https:\/\/www.flyshop.cl\/TIENDA\/wp-content\/uploads\/2024\/08\/lt1iuvrtk4abscxi4ofc.jpg 275w, https:\/\/www.flyshop.cl\/TIENDA\/wp-content\/uploads\/2024\/08\/lt1iuvrtk4abscxi4ofc-150x150.jpg 150w, https:\/\/www.flyshop.cl\/TIENDA\/wp-content\/uploads\/2024\/08\/lt1iuvrtk4abscxi4ofc-100x100.jpg 100w\" sizes=\"auto, (max-width: 275px) 100vw, 275px\" \/><img loading=\"lazy\" decoding=\"async\" class=\"alignnone size-full wp-image-18936\" src=\"https:\/\/www.flyshop.cl\/TIENDA\/wp-content\/uploads\/2024\/08\/lvbqbltuxgae7mrw5knp.jpg\" alt=\"\" width=\"275\" height=\"275\" srcset=\"https:\/\/www.flyshop.cl\/TIENDA\/wp-content\/uploads\/2024\/08\/lvbqbltuxgae7mrw5knp.jpg 275w, https:\/\/www.flyshop.cl\/TIENDA\/wp-content\/uploads\/2024\/08\/lvbqbltuxgae7mrw5knp-150x150.jpg 150w, https:\/\/www.flyshop.cl\/TIENDA\/wp-content\/uploads\/2024\/08\/lvbqbltuxgae7mrw5knp-100x100.jpg 100w\" sizes=\"auto, (max-width: 275px) 100vw, 275px\" \/><img loading=\"lazy\" decoding=\"async\" class=\"alignnone size-full wp-image-18934\" src=\"https:\/\/www.flyshop.cl\/TIENDA\/wp-content\/uploads\/2024\/08\/jbce3nue99b4n53cewl3.jpg\" alt=\"\" width=\"275\" height=\"275\" srcset=\"https:\/\/www.flyshop.cl\/TIENDA\/wp-content\/uploads\/2024\/08\/jbce3nue99b4n53cewl3.jpg 275w, https:\/\/www.flyshop.cl\/TIENDA\/wp-content\/uploads\/2024\/08\/jbce3nue99b4n53cewl3-150x150.jpg 150w, https:\/\/www.flyshop.cl\/TIENDA\/wp-content\/uploads\/2024\/08\/jbce3nue99b4n53cewl3-100x100.jpg 100w\" sizes=\"auto, (max-width: 275px) 100vw, 275px\" \/><img loading=\"lazy\" decoding=\"async\" class=\"alignnone size-full wp-image-18932\" src=\"https:\/\/www.flyshop.cl\/TIENDA\/wp-content\/uploads\/2024\/08\/cp4ukm73w80ubfokfae3.jpg\" alt=\"\" width=\"275\" height=\"275\" srcset=\"https:\/\/www.flyshop.cl\/TIENDA\/wp-content\/uploads\/2024\/08\/cp4ukm73w80ubfokfae3.jpg 275w, https:\/\/www.flyshop.cl\/TIENDA\/wp-content\/uploads\/2024\/08\/cp4ukm73w80ubfokfae3-150x150.jpg 150w, https:\/\/www.flyshop.cl\/TIENDA\/wp-content\/uploads\/2024\/08\/cp4ukm73w80ubfokfae3-100x100.jpg 100w\" sizes=\"auto, (max-width: 275px) 100vw, 275px\" \/><img loading=\"lazy\" decoding=\"async\" class=\"alignnone size-full wp-image-18937\" src=\"https:\/\/www.flyshop.cl\/TIENDA\/wp-content\/uploads\/2024\/08\/y0907lhh0eabresctqag.jpg\" alt=\"\" width=\"275\" height=\"275\" srcset=\"https:\/\/www.flyshop.cl\/TIENDA\/wp-content\/uploads\/2024\/08\/y0907lhh0eabresctqag.jpg 275w, https:\/\/www.flyshop.cl\/TIENDA\/wp-content\/uploads\/2024\/08\/y0907lhh0eabresctqag-150x150.jpg 150w, https:\/\/www.flyshop.cl\/TIENDA\/wp-content\/uploads\/2024\/08\/y0907lhh0eabresctqag-100x100.jpg 100w\" sizes=\"auto, (max-width: 275px) 100vw, 275px\" \/><\/p>\n","protected":false},"excerpt":{"rendered":"<p>Las pinzas de pesca Smith&#8217;s Lawaia 6.5&#8243; con bloqueo y de aluminio est\u00e1n fabricadas con aluminio anodizado duradero para resistir la corrosi\u00f3n en agua salada y dulce. Su dise\u00f1o ergon\u00f3mico, ligero y con resorte garantiza un uso sin esfuerzo con&hellip;<\/p>\n","protected":false},"featured_media":18933,"comment_status":"closed","ping_status":"closed","template":"","meta":{"_joinchat":[]},"product_brand":[],"product_cat":[785],"product_tag":[],"class_list":{"0":"post-18931","1":"product","2":"type-product","3":"status-publish","4":"has-post-thumbnail","6":"product_cat-cuchillos-y-herramientas","7":"entry","8":"has-media","10":"first","11":"outofstock","12":"shipping-taxable","13":"purchasable","14":"product-type-simple","15":"col","16":"wpex-woo-entry","17":"span_1_of_6 span_1_of_3_pp"},"supplier_id":null,"supplier_sku":"","barcode":null,"atum_controlled":true,"out_stock_date":"2025-08-07 14:48:56","out_stock_threshold":null,"inheritable":false,"inbound_stock":null,"stock_on_hold":0,"sold_today":0,"sales_last_days":1,"reserved_stock":null,"customer_returns":null,"warehouse_damage":null,"lost_in_post":null,"other_logs":null,"out_stock_days":9,"lost_sales":44987,"has_location":false,"update_date":"2025-08-16T16:29:58","atum_locations":[],"atum_stock_status":"outofstock","restock_status":false,"low_stock_amount":"","sales_update_date":"2025-08-16T16:29:58","calc_backorders":null,"_links":{"self":[{"href":"https:\/\/www.flyshop.cl\/TIENDA\/wp-json\/wp\/v2\/product\/18931","targetHints":{"allow":["GET"]}}],"collection":[{"href":"https:\/\/www.flyshop.cl\/TIENDA\/wp-json\/wp\/v2\/product"}],"about":[{"href":"https:\/\/www.flyshop.cl\/TIENDA\/wp-json\/wp\/v2\/types\/product"}],"replies":[{"embeddable":true,"href":"https:\/\/www.flyshop.cl\/TIENDA\/wp-json\/wp\/v2\/comments?post=18931"}],"wp:featuredmedia":[{"embeddable":true,"href":"https:\/\/www.flyshop.cl\/TIENDA\/wp-json\/wp\/v2\/media\/18933"}],"wp:attachment":[{"href":"https:\/\/www.flyshop.cl\/TIENDA\/wp-json\/wp\/v2\/media?parent=18931"}],"wp:term":[{"taxonomy":"product_brand","embeddable":true,"href":"https:\/\/www.flyshop.cl\/TIENDA\/wp-json\/wp\/v2\/product_brand?post=18931"},{"taxonomy":"product_cat","embeddable":true,"href":"https:\/\/www.flyshop.cl\/TIENDA\/wp-json\/wp\/v2\/product_cat?post=18931"},{"taxonomy":"product_tag","embeddable":true,"href":"https:\/\/www.flyshop.cl\/TIENDA\/wp-json\/wp\/v2\/product_tag?post=18931"}],"curies":[{"name":"wp","href":"https:\/\/api.w.org\/{rel}","templated":true}]}}