{"id":18922,"date":"2024-08-13T16:02:28","date_gmt":"2024-08-13T16:02:28","guid":{"rendered":"https:\/\/www.flyshop.cl\/TIENDA\/?post_type=product&#038;p=18922"},"modified":"2025-04-09T20:40:32","modified_gmt":"2025-04-09T20:40:32","slug":"smiths-multiherramienta-caprella-5x1","status":"publish","type":"product","link":"https:\/\/www.flyshop.cl\/TIENDA\/producto\/smiths-multiherramienta-caprella-5x1\/","title":{"rendered":"Smith&#8217;s multiherramienta caprella 5&#215;1"},"content":{"rendered":"<p>La herramienta multiusos <strong>Smith&#8217;s Caprella 5-en-1 para l\u00edneas de pesca<\/strong> est\u00e1 dise\u00f1ada para usarse tanto en agua salada como en agua dulce sin oxidarse. Su dise\u00f1o ergon\u00f3mico, ligero y con resorte las hace perfectas para aquellas situaciones en las que tus manos est\u00e1n cansadas. Gracias a su mecanismo de resorte, son f\u00e1ciles de operar con una sola mano. Adem\u00e1s, los mangos ligeros est\u00e1n equipados con un mosquet\u00f3n incorporado para conexiones r\u00e1pidas a tu cintur\u00f3n o lazo, para tenerlas siempre a mano. Las tijeras de l\u00ednea cortan monofilamento, l\u00ednea trenzada o fluorocarbono. En los mangos se almacenan un pincho para l\u00edneas y un cuchillo.<\/p>\n<p>Esta herramienta es ideal para pescadores que buscan practicidad y eficiencia en sus actividades.<\/p>\n<p><strong>Caracter\u00edsticas del Producto:<\/strong><\/p>\n<ol>\n<li><strong>Herramienta Multiusos 5-en-1:<\/strong> Construcci\u00f3n en acero inoxidable.<\/li>\n<li><strong>Tijeras con resorte:<\/strong> Cortan monofilamento, l\u00ednea trenzada y fluorocarbono.<\/li>\n<li><strong>Pincho para l\u00edneas.<\/strong><\/li>\n<li><strong>Cuchillo de corte.<\/strong><\/li>\n<li><strong>Mosquet\u00f3n incorporado.<\/strong><\/li>\n<\/ol>\n<p><img loading=\"lazy\" decoding=\"async\" class=\"alignnone size-full wp-image-18926\" src=\"https:\/\/www.flyshop.cl\/TIENDA\/wp-content\/uploads\/2024\/08\/qlrro61q6ufxaiixndat.jpg\" alt=\"\" width=\"275\" height=\"156\" \/><img loading=\"lazy\" decoding=\"async\" class=\"alignnone size-full wp-image-18925\" src=\"https:\/\/www.flyshop.cl\/TIENDA\/wp-content\/uploads\/2024\/08\/gmcewbokvepd35h7qqhu.jpg\" alt=\"\" width=\"275\" height=\"275\" srcset=\"https:\/\/www.flyshop.cl\/TIENDA\/wp-content\/uploads\/2024\/08\/gmcewbokvepd35h7qqhu.jpg 275w, https:\/\/www.flyshop.cl\/TIENDA\/wp-content\/uploads\/2024\/08\/gmcewbokvepd35h7qqhu-150x150.jpg 150w, https:\/\/www.flyshop.cl\/TIENDA\/wp-content\/uploads\/2024\/08\/gmcewbokvepd35h7qqhu-100x100.jpg 100w\" sizes=\"auto, (max-width: 275px) 100vw, 275px\" \/><img loading=\"lazy\" decoding=\"async\" class=\"alignnone size-full wp-image-18924\" src=\"https:\/\/www.flyshop.cl\/TIENDA\/wp-content\/uploads\/2024\/08\/dmyl2ccwtinghbotnb39.jpg\" alt=\"\" width=\"275\" height=\"275\" srcset=\"https:\/\/www.flyshop.cl\/TIENDA\/wp-content\/uploads\/2024\/08\/dmyl2ccwtinghbotnb39.jpg 275w, https:\/\/www.flyshop.cl\/TIENDA\/wp-content\/uploads\/2024\/08\/dmyl2ccwtinghbotnb39-150x150.jpg 150w, https:\/\/www.flyshop.cl\/TIENDA\/wp-content\/uploads\/2024\/08\/dmyl2ccwtinghbotnb39-100x100.jpg 100w\" sizes=\"auto, (max-width: 275px) 100vw, 275px\" \/><img loading=\"lazy\" decoding=\"async\" class=\"alignnone size-full wp-image-18929\" src=\"https:\/\/www.flyshop.cl\/TIENDA\/wp-content\/uploads\/2024\/08\/tvt6mfpccvk0suep90jw.jpg\" alt=\"\" width=\"275\" height=\"275\" srcset=\"https:\/\/www.flyshop.cl\/TIENDA\/wp-content\/uploads\/2024\/08\/tvt6mfpccvk0suep90jw.jpg 275w, https:\/\/www.flyshop.cl\/TIENDA\/wp-content\/uploads\/2024\/08\/tvt6mfpccvk0suep90jw-150x150.jpg 150w, https:\/\/www.flyshop.cl\/TIENDA\/wp-content\/uploads\/2024\/08\/tvt6mfpccvk0suep90jw-100x100.jpg 100w\" sizes=\"auto, (max-width: 275px) 100vw, 275px\" \/><img loading=\"lazy\" decoding=\"async\" class=\"alignnone size-full wp-image-18928\" src=\"https:\/\/www.flyshop.cl\/TIENDA\/wp-content\/uploads\/2024\/08\/ta3s8jbovktrplmjbrpk.jpg\" alt=\"\" width=\"275\" height=\"275\" srcset=\"https:\/\/www.flyshop.cl\/TIENDA\/wp-content\/uploads\/2024\/08\/ta3s8jbovktrplmjbrpk.jpg 275w, https:\/\/www.flyshop.cl\/TIENDA\/wp-content\/uploads\/2024\/08\/ta3s8jbovktrplmjbrpk-150x150.jpg 150w, https:\/\/www.flyshop.cl\/TIENDA\/wp-content\/uploads\/2024\/08\/ta3s8jbovktrplmjbrpk-100x100.jpg 100w\" sizes=\"auto, (max-width: 275px) 100vw, 275px\" \/><img loading=\"lazy\" decoding=\"async\" class=\"alignnone size-full wp-image-18927\" src=\"https:\/\/www.flyshop.cl\/TIENDA\/wp-content\/uploads\/2024\/08\/ravhcqc72tapgpbmebzi.jpg\" alt=\"\" width=\"275\" height=\"275\" srcset=\"https:\/\/www.flyshop.cl\/TIENDA\/wp-content\/uploads\/2024\/08\/ravhcqc72tapgpbmebzi.jpg 275w, https:\/\/www.flyshop.cl\/TIENDA\/wp-content\/uploads\/2024\/08\/ravhcqc72tapgpbmebzi-150x150.jpg 150w, https:\/\/www.flyshop.cl\/TIENDA\/wp-content\/uploads\/2024\/08\/ravhcqc72tapgpbmebzi-100x100.jpg 100w\" sizes=\"auto, (max-width: 275px) 100vw, 275px\" \/><\/p>\n","protected":false},"excerpt":{"rendered":"<p>La herramienta multiusos Smith&#8217;s Caprella 5-en-1 para l\u00edneas de pesca est\u00e1 dise\u00f1ada para usarse tanto en agua salada como en agua dulce sin oxidarse. Su dise\u00f1o ergon\u00f3mico, ligero y con resorte las hace perfectas para aquellas situaciones en las que&hellip;<\/p>\n","protected":false},"featured_media":18930,"comment_status":"closed","ping_status":"closed","template":"","meta":{"_joinchat":[]},"product_brand":[],"product_cat":[785],"product_tag":[],"class_list":{"0":"post-18922","1":"product","2":"type-product","3":"status-publish","4":"has-post-thumbnail","6":"product_cat-cuchillos-y-herramientas","7":"entry","8":"has-media","10":"first","11":"instock","12":"sale","13":"shipping-taxable","14":"purchasable","15":"product-type-simple","16":"col","17":"wpex-woo-entry","18":"span_1_of_6 span_1_of_3_pp"},"supplier_id":null,"supplier_sku":"","barcode":null,"atum_controlled":true,"out_stock_date":null,"out_stock_threshold":null,"inheritable":false,"inbound_stock":null,"stock_on_hold":0,"sold_today":0,"sales_last_days":0,"reserved_stock":null,"customer_returns":null,"warehouse_damage":null,"lost_in_post":null,"other_logs":null,"out_stock_days":0,"lost_sales":0,"has_location":false,"update_date":"2025-04-09T20:40:34","atum_locations":[],"atum_stock_status":"instock","restock_status":false,"low_stock_amount":"","sales_update_date":"2024-11-25T13:29:27","calc_backorders":null,"_links":{"self":[{"href":"https:\/\/www.flyshop.cl\/TIENDA\/wp-json\/wp\/v2\/product\/18922","targetHints":{"allow":["GET"]}}],"collection":[{"href":"https:\/\/www.flyshop.cl\/TIENDA\/wp-json\/wp\/v2\/product"}],"about":[{"href":"https:\/\/www.flyshop.cl\/TIENDA\/wp-json\/wp\/v2\/types\/product"}],"replies":[{"embeddable":true,"href":"https:\/\/www.flyshop.cl\/TIENDA\/wp-json\/wp\/v2\/comments?post=18922"}],"wp:featuredmedia":[{"embeddable":true,"href":"https:\/\/www.flyshop.cl\/TIENDA\/wp-json\/wp\/v2\/media\/18930"}],"wp:attachment":[{"href":"https:\/\/www.flyshop.cl\/TIENDA\/wp-json\/wp\/v2\/media?parent=18922"}],"wp:term":[{"taxonomy":"product_brand","embeddable":true,"href":"https:\/\/www.flyshop.cl\/TIENDA\/wp-json\/wp\/v2\/product_brand?post=18922"},{"taxonomy":"product_cat","embeddable":true,"href":"https:\/\/www.flyshop.cl\/TIENDA\/wp-json\/wp\/v2\/product_cat?post=18922"},{"taxonomy":"product_tag","embeddable":true,"href":"https:\/\/www.flyshop.cl\/TIENDA\/wp-json\/wp\/v2\/product_tag?post=18922"}],"curies":[{"name":"wp","href":"https:\/\/api.w.org\/{rel}","templated":true}]}}