{"id":18871,"date":"2024-08-12T19:27:26","date_gmt":"2024-08-12T19:27:26","guid":{"rendered":"https:\/\/www.flyshop.cl\/TIENDA\/?post_type=product&#038;p=18871"},"modified":"2025-04-08T16:55:37","modified_gmt":"2025-04-08T16:55:37","slug":"cuchillo-plegable-smiths-adaha","status":"publish","type":"product","link":"https:\/\/www.flyshop.cl\/TIENDA\/producto\/cuchillo-plegable-smiths-adaha\/","title":{"rendered":"CUCHILLO PLEGABLE Smith\u00b4s Adaha"},"content":{"rendered":"<p>La hoja de punta drop point de 3.43&#8243; (8.71 cm) del ADAHA de Smith cuenta con un acabado satinado resistente. La hoja, afilada como una navaja, est\u00e1 hecha de acero inoxidable de la serie 400 tratado t\u00e9rmicamente con precisi\u00f3n, y tiene un flipper y un tornillo de pulgar ambidiestro para una apertura f\u00e1cil. Est\u00e1 equipada con mangos de madera natural resistentes y un dise\u00f1o de bloqueo de revestimiento que asegura la hoja en posici\u00f3n abierta durante el uso. El ADAHA incluye un clip para bolsillo.<\/p>\n<ul>\n<li>Caracter\u00edsticas del producto:\n<ul>\n<li>Hoja satinada de acero inoxidable 420 de 3.43&#8243; (8.71 cm)<\/li>\n<li>Pivotes ambidiestros para el pulgar<\/li>\n<li>Clip para bolsillo<\/li>\n<li>Mango de madera natural<\/li>\n<li>Orificio para cord\u00f3n: Listo para atar<\/li>\n<li>Bloqueo de revestimiento<\/li>\n<li>Longitud total de 7.9&#8243; (20.07 cm) cuando est\u00e1 abierto<\/li>\n<\/ul>\n<\/li>\n<\/ul>\n<p>&nbsp;<\/p>\n<p><img loading=\"lazy\" decoding=\"async\" class=\"alignnone size-full wp-image-18874\" src=\"https:\/\/www.flyshop.cl\/TIENDA\/wp-content\/uploads\/2024\/08\/xyjcbjrqfdep2it0tdzd.jpg\" alt=\"\" width=\"275\" height=\"275\" srcset=\"https:\/\/www.flyshop.cl\/TIENDA\/wp-content\/uploads\/2024\/08\/xyjcbjrqfdep2it0tdzd.jpg 275w, https:\/\/www.flyshop.cl\/TIENDA\/wp-content\/uploads\/2024\/08\/xyjcbjrqfdep2it0tdzd-150x150.jpg 150w, https:\/\/www.flyshop.cl\/TIENDA\/wp-content\/uploads\/2024\/08\/xyjcbjrqfdep2it0tdzd-100x100.jpg 100w\" sizes=\"auto, (max-width: 275px) 100vw, 275px\" \/><img loading=\"lazy\" decoding=\"async\" class=\"alignnone size-full wp-image-18873\" src=\"https:\/\/www.flyshop.cl\/TIENDA\/wp-content\/uploads\/2024\/08\/osn7pffisaxk2vehcwyg.jpg\" alt=\"\" width=\"275\" height=\"156\" \/><img loading=\"lazy\" decoding=\"async\" class=\"alignnone size-full wp-image-18872\" src=\"https:\/\/www.flyshop.cl\/TIENDA\/wp-content\/uploads\/2024\/08\/mxfsvmv3fvefjaeacqih.jpg\" alt=\"\" width=\"275\" height=\"275\" srcset=\"https:\/\/www.flyshop.cl\/TIENDA\/wp-content\/uploads\/2024\/08\/mxfsvmv3fvefjaeacqih.jpg 275w, https:\/\/www.flyshop.cl\/TIENDA\/wp-content\/uploads\/2024\/08\/mxfsvmv3fvefjaeacqih-150x150.jpg 150w, https:\/\/www.flyshop.cl\/TIENDA\/wp-content\/uploads\/2024\/08\/mxfsvmv3fvefjaeacqih-100x100.jpg 100w\" sizes=\"auto, (max-width: 275px) 100vw, 275px\" \/><\/p>\n","protected":false},"excerpt":{"rendered":"<p>La hoja de punta drop point de 3.43&#8243; (8.71 cm) del ADAHA de Smith cuenta con un acabado satinado resistente. La hoja, afilada como una navaja, est\u00e1 hecha de acero inoxidable de la serie 400 tratado t\u00e9rmicamente con precisi\u00f3n, y&hellip;<\/p>\n","protected":false},"featured_media":18875,"comment_status":"closed","ping_status":"closed","template":"","meta":{"_joinchat":[]},"product_brand":[],"product_cat":[785],"product_tag":[],"class_list":{"0":"post-18871","1":"product","2":"type-product","3":"status-publish","4":"has-post-thumbnail","6":"product_cat-cuchillos-y-herramientas","7":"entry","8":"has-media","10":"first","11":"instock","12":"shipping-taxable","13":"purchasable","14":"product-type-simple","15":"col","16":"wpex-woo-entry","17":"span_1_of_6 span_1_of_3_pp"},"supplier_id":null,"supplier_sku":"","barcode":null,"atum_controlled":true,"out_stock_date":null,"out_stock_threshold":null,"inheritable":false,"inbound_stock":null,"stock_on_hold":null,"sold_today":null,"sales_last_days":null,"reserved_stock":null,"customer_returns":null,"warehouse_damage":null,"lost_in_post":null,"other_logs":null,"out_stock_days":null,"lost_sales":null,"has_location":false,"update_date":"2025-04-08T16:55:40","atum_locations":[],"atum_stock_status":"instock","restock_status":false,"low_stock_amount":"","sales_update_date":null,"calc_backorders":null,"_links":{"self":[{"href":"https:\/\/www.flyshop.cl\/TIENDA\/wp-json\/wp\/v2\/product\/18871","targetHints":{"allow":["GET"]}}],"collection":[{"href":"https:\/\/www.flyshop.cl\/TIENDA\/wp-json\/wp\/v2\/product"}],"about":[{"href":"https:\/\/www.flyshop.cl\/TIENDA\/wp-json\/wp\/v2\/types\/product"}],"replies":[{"embeddable":true,"href":"https:\/\/www.flyshop.cl\/TIENDA\/wp-json\/wp\/v2\/comments?post=18871"}],"wp:featuredmedia":[{"embeddable":true,"href":"https:\/\/www.flyshop.cl\/TIENDA\/wp-json\/wp\/v2\/media\/18875"}],"wp:attachment":[{"href":"https:\/\/www.flyshop.cl\/TIENDA\/wp-json\/wp\/v2\/media?parent=18871"}],"wp:term":[{"taxonomy":"product_brand","embeddable":true,"href":"https:\/\/www.flyshop.cl\/TIENDA\/wp-json\/wp\/v2\/product_brand?post=18871"},{"taxonomy":"product_cat","embeddable":true,"href":"https:\/\/www.flyshop.cl\/TIENDA\/wp-json\/wp\/v2\/product_cat?post=18871"},{"taxonomy":"product_tag","embeddable":true,"href":"https:\/\/www.flyshop.cl\/TIENDA\/wp-json\/wp\/v2\/product_tag?post=18871"}],"curies":[{"name":"wp","href":"https:\/\/api.w.org\/{rel}","templated":true}]}}