{"id":18751,"date":"2024-07-24T21:49:58","date_gmt":"2024-07-24T21:49:58","guid":{"rendered":"https:\/\/www.flyshop.cl\/TIENDA\/?post_type=product&#038;p=18751"},"modified":"2026-03-17T15:36:23","modified_gmt":"2026-03-17T15:36:23","slug":"redington-behemoth-7-8","status":"publish","type":"product","link":"https:\/\/www.flyshop.cl\/TIENDA\/producto\/redington-behemoth-7-8\/","title":{"rendered":"REDINGTON BEHEMOTH 7-8"},"content":{"rendered":"<p>Nuestro nuevo carrete BEHEMOTH combina el freno m\u00e1s potente de su clase con una est\u00e9tica impresionante que lleva al l\u00edmite el dise\u00f1o de los carretes de mosca. La construcci\u00f3n \u00fanica y fundida, imposible de mecanizar, se combina con un dise\u00f1o de carrete de gran di\u00e1metro, duradero y entrelazado, que tanto en apariencia como en funcionalidad se asemeja a un carrete de primera calidad. Un paquete de freno de fibra de carbono ultra resistente ofrece la m\u00e1xima fuerza de freno, confiabilidad y rendimiento a la familia. Dimensionado para tu ca\u00f1a de trucha favorita de 5 pesos, y hasta tama\u00f1os listos para agua salada y grandes peces, los carretes BEHEMOTH ofrecen rendimiento y asequibilidad tanto para pescadores principiantes como veteranos.<\/p>\n<h3>Caracter\u00edsticas<\/h3>\n<ul>\n<li>El freno m\u00e1s fuerte de su clase<\/li>\n<li>Freno ajustable de fibra de carbono<\/li>\n<li>Construcci\u00f3n \u00fanica fundida, imposible de mecanizar<\/li>\n<li>Dise\u00f1o de gran di\u00e1metro que acelera la recuperaci\u00f3n y reduce la memoria de la l\u00ednea<\/li>\n<li>Perilla de freno sobredimensionada para un ajuste f\u00e1cil<\/li>\n<li>Conversi\u00f3n f\u00e1cil para recuperaci\u00f3n con la mano izquierda o derecha<\/li>\n<li>Carrete en V profundo para una mayor capacidad de respaldo<\/li>\n<li>Manijas gemelas moldeadas y ergon\u00f3micas, suaves al tacto<\/li>\n<li>Estuche de nylon incluido<\/li>\n<li>Garant\u00eda de por vida<\/li>\n<\/ul>\n","protected":false},"excerpt":{"rendered":"<p>Color O.D green<\/p>\n<p>disponible en 5-6, 7-8<\/p>\n<p>poderoso carrete con buena capacidad para backing , buen freno y mejor precio.<\/p>\n","protected":false},"featured_media":18748,"comment_status":"open","ping_status":"closed","template":"","meta":{"_joinchat":[]},"product_brand":[],"product_cat":[678,784],"product_tag":[],"class_list":{"0":"post-18751","1":"product","2":"type-product","3":"status-publish","4":"has-post-thumbnail","6":"product_cat-carretes-fly-fishing","7":"product_cat-redington","8":"entry","9":"has-media","11":"first","12":"instock","13":"shipping-taxable","14":"purchasable","15":"product-type-variable","16":"col","17":"wpex-woo-entry","18":"span_1_of_6 span_1_of_3_pp"},"supplier_id":null,"supplier_sku":"","barcode":null,"atum_controlled":true,"out_stock_date":null,"out_stock_threshold":null,"inheritable":true,"inbound_stock":null,"stock_on_hold":1,"sold_today":1,"sales_last_days":3,"reserved_stock":null,"customer_returns":null,"warehouse_damage":null,"lost_in_post":null,"other_logs":null,"out_stock_days":null,"lost_sales":0,"has_location":false,"update_date":"2026-03-17T15:36:25","atum_locations":[],"atum_stock_status":"instock","restock_status":false,"low_stock_amount":"","sales_update_date":null,"calc_backorders":null,"_links":{"self":[{"href":"https:\/\/www.flyshop.cl\/TIENDA\/wp-json\/wp\/v2\/product\/18751","targetHints":{"allow":["GET"]}}],"collection":[{"href":"https:\/\/www.flyshop.cl\/TIENDA\/wp-json\/wp\/v2\/product"}],"about":[{"href":"https:\/\/www.flyshop.cl\/TIENDA\/wp-json\/wp\/v2\/types\/product"}],"replies":[{"embeddable":true,"href":"https:\/\/www.flyshop.cl\/TIENDA\/wp-json\/wp\/v2\/comments?post=18751"}],"wp:featuredmedia":[{"embeddable":true,"href":"https:\/\/www.flyshop.cl\/TIENDA\/wp-json\/wp\/v2\/media\/18748"}],"wp:attachment":[{"href":"https:\/\/www.flyshop.cl\/TIENDA\/wp-json\/wp\/v2\/media?parent=18751"}],"wp:term":[{"taxonomy":"product_brand","embeddable":true,"href":"https:\/\/www.flyshop.cl\/TIENDA\/wp-json\/wp\/v2\/product_brand?post=18751"},{"taxonomy":"product_cat","embeddable":true,"href":"https:\/\/www.flyshop.cl\/TIENDA\/wp-json\/wp\/v2\/product_cat?post=18751"},{"taxonomy":"product_tag","embeddable":true,"href":"https:\/\/www.flyshop.cl\/TIENDA\/wp-json\/wp\/v2\/product_tag?post=18751"}],"curies":[{"name":"wp","href":"https:\/\/api.w.org\/{rel}","templated":true}]}}