{"id":18745,"date":"2024-07-24T17:30:42","date_gmt":"2024-07-24T17:30:42","guid":{"rendered":"https:\/\/www.flyshop.cl\/TIENDA\/?post_type=product&#038;p=18745"},"modified":"2025-04-09T20:53:00","modified_gmt":"2025-04-09T20:53:00","slug":"carrete-redington-grande-5-6-7-marine","status":"publish","type":"product","link":"https:\/\/www.flyshop.cl\/TIENDA\/producto\/carrete-redington-grande-5-6-7-marine\/","title":{"rendered":"Carrete Redington Grande 5\/6\/7 Marine"},"content":{"rendered":"<p>El carrete GRANDE es un carrete de aluminio mecanizado y completamente anodizado que cuenta con nuestro nuevo sistema de freno de carbono SUPER-TORQUE sellado, capaz de noquear a cualquier pez que enganches. Despu\u00e9s de a\u00f1os de pruebas en el campo, aumentamos el tama\u00f1o del GRANDE con un borde de palmeo sobredimensionado, mayor capacidad de respaldo y dise\u00f1amos una manija y perilla de freno f\u00e1ciles de localizar para que puedas hacer ajustes r\u00e1pidos en el calor de la batalla. Nunca te rindas en una pelea, sin importar el oponente.<\/p>\n<h3>Caracter\u00edsticas<\/h3>\n<ul>\n<li>Construcci\u00f3n de aluminio anodizado 6061-T6 mecanizado por CNC<\/li>\n<li>Sistema de freno de fibra de carbono SUPER-TORQUE completamente sellado que proporciona un freno suave y potente en todas las condiciones<\/li>\n<li>Carrete en V con canal para respaldo que reduce el apilamiento de la l\u00ednea y aumenta la capacidad de respaldo<\/li>\n<li>Borde de palmeo sobredimensionado para una mayor aplicaci\u00f3n de freno y rigidez del carrete<\/li>\n<li>Posici\u00f3n optimizada del pie del carrete para un verdadero centro de gravedad, previniendo la torsi\u00f3n de la ca\u00f1a, y un acabado redondeado \u00fanico para la protecci\u00f3n de la l\u00ednea\/l\u00edder cuando se guarda<\/li>\n<li>Manija antienganche agrandada y suave al tacto, mecanizada en Delrin, para mayor agarre y comodidad ergon\u00f3mica<\/li>\n<li>Estuche de nylon incluido<\/li>\n<li>Garant\u00eda de por vida<\/li>\n<\/ul>\n","protected":false},"excerpt":{"rendered":"<p>El carrete GRANDE es un carrete de aluminio mecanizado y completamente anodizado que cuenta con nuestro nuevo sistema de freno de carbono SUPER-TORQUE sellado, capaz de noquear a cualquier pez que enganches. Despu\u00e9s de a\u00f1os de pruebas en el campo,&hellip;<\/p>\n","protected":false},"featured_media":18742,"comment_status":"closed","ping_status":"closed","template":"","meta":{"_joinchat":[]},"product_brand":[],"product_cat":[678,299,784],"product_tag":[],"class_list":{"0":"post-18745","1":"product","2":"type-product","3":"status-publish","4":"has-post-thumbnail","6":"product_cat-carretes-fly-fishing","7":"product_cat-ofertas","8":"product_cat-redington","9":"entry","10":"has-media","12":"first","13":"instock","14":"shipping-taxable","15":"purchasable","16":"product-type-variable","17":"col","18":"wpex-woo-entry","19":"span_1_of_6 span_1_of_3_pp"},"supplier_id":null,"supplier_sku":"","barcode":null,"atum_controlled":true,"out_stock_date":null,"out_stock_threshold":null,"inheritable":true,"inbound_stock":null,"stock_on_hold":0,"sold_today":0,"sales_last_days":1,"reserved_stock":null,"customer_returns":null,"warehouse_damage":null,"lost_in_post":null,"other_logs":null,"out_stock_days":null,"lost_sales":0,"has_location":false,"update_date":"2025-04-09T20:53:02","atum_locations":[],"atum_stock_status":"instock","restock_status":false,"low_stock_amount":"","sales_update_date":null,"calc_backorders":null,"_links":{"self":[{"href":"https:\/\/www.flyshop.cl\/TIENDA\/wp-json\/wp\/v2\/product\/18745","targetHints":{"allow":["GET"]}}],"collection":[{"href":"https:\/\/www.flyshop.cl\/TIENDA\/wp-json\/wp\/v2\/product"}],"about":[{"href":"https:\/\/www.flyshop.cl\/TIENDA\/wp-json\/wp\/v2\/types\/product"}],"replies":[{"embeddable":true,"href":"https:\/\/www.flyshop.cl\/TIENDA\/wp-json\/wp\/v2\/comments?post=18745"}],"wp:featuredmedia":[{"embeddable":true,"href":"https:\/\/www.flyshop.cl\/TIENDA\/wp-json\/wp\/v2\/media\/18742"}],"wp:attachment":[{"href":"https:\/\/www.flyshop.cl\/TIENDA\/wp-json\/wp\/v2\/media?parent=18745"}],"wp:term":[{"taxonomy":"product_brand","embeddable":true,"href":"https:\/\/www.flyshop.cl\/TIENDA\/wp-json\/wp\/v2\/product_brand?post=18745"},{"taxonomy":"product_cat","embeddable":true,"href":"https:\/\/www.flyshop.cl\/TIENDA\/wp-json\/wp\/v2\/product_cat?post=18745"},{"taxonomy":"product_tag","embeddable":true,"href":"https:\/\/www.flyshop.cl\/TIENDA\/wp-json\/wp\/v2\/product_tag?post=18745"}],"curies":[{"name":"wp","href":"https:\/\/api.w.org\/{rel}","templated":true}]}}