{"id":18721,"date":"2024-07-22T22:28:33","date_gmt":"2024-07-22T22:28:33","guid":{"rendered":"https:\/\/www.flyshop.cl\/TIENDA\/?post_type=product&#038;p=18721"},"modified":"2026-02-13T15:10:58","modified_gmt":"2026-02-13T15:10:58","slug":"combo-redington-wrangler","status":"publish","type":"product","link":"https:\/\/www.flyshop.cl\/TIENDA\/producto\/combo-redington-wrangler\/","title":{"rendered":"Combo Redington Wrangler"},"content":{"rendered":"<div class=\"flex flex-grow flex-col max-w-full\">\n<div class=\"min-h-[20px] text-message flex w-full flex-col items-end gap-2 whitespace-pre-wrap break-words [.text-message+&amp;]:mt-5 overflow-x-auto\" dir=\"auto\" data-message-author-role=\"assistant\" data-message-id=\"3d5faa8f-5b18-4bf2-8ac3-a167409a37f0\">\n<div class=\"flex w-full flex-col gap-1 empty:hidden first:pt-[3px]\"><\/div>\n<\/div>\n<\/div>\n<div class=\"mt-1 flex gap-3 empty:hidden ml-3\">\n<div class=\"items-center justify-start rounded-xl p-1 flex\">\n<div class=\"flex items-center\">\n<p>Siempre hay una manera m\u00e1s de lanzar una mosca, y esa es tu manera. El kit Wrangler viene cargado para iniciar tu viaje en la pesca con mosca. As\u00ed podr\u00e1s abrirte camino hacia el \u00e9xito en la pesca con mosca sin importar el objetivo. Desde recorrer tus r\u00edos y arroyos locales en busca de truchas, enga\u00f1ar a esos peces peque\u00f1os en tu patio trasero, hasta capturar salmones salvajes en la frontera de Alaska, el Wrangler ofrece diversi\u00f3n y combate a los peces. Es hora de ensillar y perseguir la emoci\u00f3n de la libertad en aguas abiertas.<\/p>\n<p>Cada kit incluye el resistente carrete Crosswater, respaldo duradero de dacr\u00f3n, l\u00ednea de mosca RIO Mainstream y l\u00edder c\u00f3nico RIO. Estas ca\u00f1as de 4 piezas ofrecen flexibilidad para el pescador en movimiento, mientras que los equipos completos facilitan la entrega de todo lo que necesitas. A\u00f1ade tu mosca preferida y permite que el kit Wrangler sea tu compa\u00f1ero de aventuras confiable a lo largo de tu viaje en la pesca con mosca.<\/p>\n<ul>\n<li>Blank de acci\u00f3n media-r\u00e1pida de rendimiento<\/li>\n<li>Longitud de 9 pies para un rendimiento \u00f3ptimo<\/li>\n<li>Asiento de carrete de aluminio anodizado<\/li>\n<li>Carrete Crosswater con marco compuesto duradero y freno de disco de carbono<\/li>\n<li>L\u00ednea RIO Mainstream<\/li>\n<li>L\u00edder c\u00f3nico RIO Powerflex<\/li>\n<li>Estuche de nylon duradero para mantener tu equipo seguro<\/li>\n<\/ul>\n<\/div>\n<\/div>\n<\/div>\n","protected":false},"excerpt":{"rendered":"<p>Siempre hay una manera m\u00e1s de lanzar una mosca, y esa es tu manera. El kit Wrangler viene cargado para iniciar tu viaje en la pesca con mosca. As\u00ed podr\u00e1s abrirte camino hacia el \u00e9xito en la pesca con mosca&hellip;<\/p>\n","protected":false},"featured_media":18725,"comment_status":"closed","ping_status":"closed","template":"","meta":{"_joinchat":[]},"product_brand":[],"product_cat":[679,784],"product_tag":[],"class_list":{"0":"post-18721","1":"product","2":"type-product","3":"status-publish","4":"has-post-thumbnail","6":"product_cat-canas-fly-fishing","7":"product_cat-redington","8":"entry","9":"has-media","11":"first","12":"instock","13":"sale","14":"shipping-taxable","15":"purchasable","16":"product-type-variable","17":"col","18":"wpex-woo-entry","19":"span_1_of_6 span_1_of_3_pp"},"supplier_id":null,"supplier_sku":"","barcode":null,"atum_controlled":true,"out_stock_date":null,"out_stock_threshold":null,"inheritable":true,"inbound_stock":null,"stock_on_hold":0,"sold_today":0,"sales_last_days":1,"reserved_stock":null,"customer_returns":null,"warehouse_damage":null,"lost_in_post":null,"other_logs":null,"out_stock_days":null,"lost_sales":0,"has_location":false,"update_date":"2026-02-13T15:10:59","atum_locations":[],"atum_stock_status":"instock","restock_status":false,"low_stock_amount":"","sales_update_date":null,"calc_backorders":null,"_links":{"self":[{"href":"https:\/\/www.flyshop.cl\/TIENDA\/wp-json\/wp\/v2\/product\/18721","targetHints":{"allow":["GET"]}}],"collection":[{"href":"https:\/\/www.flyshop.cl\/TIENDA\/wp-json\/wp\/v2\/product"}],"about":[{"href":"https:\/\/www.flyshop.cl\/TIENDA\/wp-json\/wp\/v2\/types\/product"}],"replies":[{"embeddable":true,"href":"https:\/\/www.flyshop.cl\/TIENDA\/wp-json\/wp\/v2\/comments?post=18721"}],"wp:featuredmedia":[{"embeddable":true,"href":"https:\/\/www.flyshop.cl\/TIENDA\/wp-json\/wp\/v2\/media\/18725"}],"wp:attachment":[{"href":"https:\/\/www.flyshop.cl\/TIENDA\/wp-json\/wp\/v2\/media?parent=18721"}],"wp:term":[{"taxonomy":"product_brand","embeddable":true,"href":"https:\/\/www.flyshop.cl\/TIENDA\/wp-json\/wp\/v2\/product_brand?post=18721"},{"taxonomy":"product_cat","embeddable":true,"href":"https:\/\/www.flyshop.cl\/TIENDA\/wp-json\/wp\/v2\/product_cat?post=18721"},{"taxonomy":"product_tag","embeddable":true,"href":"https:\/\/www.flyshop.cl\/TIENDA\/wp-json\/wp\/v2\/product_tag?post=18721"}],"curies":[{"name":"wp","href":"https:\/\/api.w.org\/{rel}","templated":true}]}}