{"id":18714,"date":"2024-07-22T19:50:11","date_gmt":"2024-07-22T19:50:11","guid":{"rendered":"https:\/\/www.flyshop.cl\/TIENDA\/?post_type=product&#038;p=18714"},"modified":"2026-04-01T15:19:30","modified_gmt":"2026-04-01T15:19:30","slug":"cana-redington-crux","status":"publish","type":"product","link":"https:\/\/www.flyshop.cl\/TIENDA\/producto\/cana-redington-crux\/","title":{"rendered":"Ca\u00f1a Redington Crux"},"content":{"rendered":"<div class=\"flex flex-grow flex-col max-w-full\">\n<div class=\"min-h-[20px] text-message flex w-full flex-col items-end gap-2 whitespace-pre-wrap break-words [.text-message+&amp;]:mt-5 overflow-x-auto\" dir=\"auto\" data-message-author-role=\"assistant\" data-message-id=\"3d5faa8f-5b18-4bf2-8ac3-a167409a37f0\">\n<div class=\"flex w-full flex-col gap-1 empty:hidden first:pt-[3px]\"><\/div>\n<\/div>\n<\/div>\n<div class=\"mt-1 flex gap-3 empty:hidden ml-3\">\n<div class=\"items-center justify-start rounded-xl p-1 flex\">\n<div class=\"flex items-center\">\n<p>La ca\u00f1a CRUX ofrece nuestro nuevo Line Speed Taper, para una entrega confiada de moscas a corta y media distancia y lanzamientos de extrema distancia sin esfuerzo. Combinado con la introducci\u00f3n del Angled Key Grip, un material de corcho precomprimido y m\u00e1s denso dise\u00f1ado para aumentar la durabilidad y reducir la fatiga de la mano, creemos que la nueva CRUX es la mejor ca\u00f1a que hemos construido.<\/p>\n<ul>\n<li>Nuevo Line Speed Taper para lanzamientos de extrema distancia y entrega sin esfuerzo de moscas a corta y media distancia.<\/li>\n<li>Mayor conectividad entre la punta, el centro y las secciones inferiores para una sensaci\u00f3n superior en general.<\/li>\n<li>Punta m\u00e1s r\u00edgida dise\u00f1ada para reducir las vibraciones de la punta.<\/li>\n<li>Blanks de di\u00e1metro fino en toda la gama para reducir la resistencia y aumentar la velocidad de recuperaci\u00f3n de la ca\u00f1a.<\/li>\n<li>Material de corcho precomprimido y m\u00e1s denso en el Angled Key Grip que aumenta la durabilidad y la sensibilidad, mientras reduce la fatiga de la mano.<\/li>\n<li>Angled Key Grip promueve el agarre m\u00e1s vers\u00e1til y productivo: el \u2018agarre de dedo extendido\u2019.<\/li>\n<li>Gu\u00edas ligeras y envolturas m\u00ednimas en la ca\u00f1a para aumentar la recuperaci\u00f3n y obtener mayores ganancias de velocidad de l\u00ednea.<\/li>\n<li>Asiento de carrete totalmente anodizado de aluminio con sujeta anzuelos incorporados.<\/li>\n<li>Asiento de carrete con dise\u00f1o de detalle de alta calidad de doble anodizado con capucha fija ampliada para el pie del carrete con identificaci\u00f3n de l\u00ednea.<\/li>\n<li>Acabado mate met\u00e1lico premium en oliva.<\/li>\n<li>Puntos de alineaci\u00f3n de las secciones para un montaje f\u00e1cil y correcto de las gu\u00edas de la ca\u00f1a.<\/li>\n<li>Tubo de ca\u00f1a de cordura totalmente protegido con divisores.<\/li>\n<li>Garant\u00eda de por vida<\/li>\n<\/ul>\n<\/div>\n<\/div>\n<\/div>\n","protected":false},"excerpt":{"rendered":"<p>La ca\u00f1a CRUX ofrece nuestro nuevo Line Speed Taper, para una entrega confiada de moscas a corta y media distancia y lanzamientos de extrema distancia sin esfuerzo. Combinado con la introducci\u00f3n del Angled Key Grip, un material de corcho precomprimido&hellip;<\/p>\n","protected":false},"featured_media":18719,"comment_status":"closed","ping_status":"closed","template":"","meta":{"_joinchat":[]},"product_brand":[],"product_cat":[679,299,784],"product_tag":[],"class_list":{"0":"post-18714","1":"product","2":"type-product","3":"status-publish","4":"has-post-thumbnail","6":"product_cat-canas-fly-fishing","7":"product_cat-ofertas","8":"product_cat-redington","9":"entry","10":"has-media","12":"first","13":"instock","14":"sale","15":"shipping-taxable","16":"purchasable","17":"product-type-variable","18":"col","19":"wpex-woo-entry","20":"span_1_of_6 span_1_of_3_pp"},"supplier_id":null,"supplier_sku":"","barcode":null,"atum_controlled":true,"out_stock_date":null,"out_stock_threshold":null,"inheritable":true,"inbound_stock":null,"stock_on_hold":2,"sold_today":2,"sales_last_days":2,"reserved_stock":null,"customer_returns":null,"warehouse_damage":null,"lost_in_post":null,"other_logs":null,"out_stock_days":null,"lost_sales":0,"has_location":false,"update_date":"2026-04-01T15:19:31","atum_locations":[],"atum_stock_status":"instock","restock_status":false,"low_stock_amount":"","sales_update_date":null,"calc_backorders":null,"_links":{"self":[{"href":"https:\/\/www.flyshop.cl\/TIENDA\/wp-json\/wp\/v2\/product\/18714","targetHints":{"allow":["GET"]}}],"collection":[{"href":"https:\/\/www.flyshop.cl\/TIENDA\/wp-json\/wp\/v2\/product"}],"about":[{"href":"https:\/\/www.flyshop.cl\/TIENDA\/wp-json\/wp\/v2\/types\/product"}],"replies":[{"embeddable":true,"href":"https:\/\/www.flyshop.cl\/TIENDA\/wp-json\/wp\/v2\/comments?post=18714"}],"wp:featuredmedia":[{"embeddable":true,"href":"https:\/\/www.flyshop.cl\/TIENDA\/wp-json\/wp\/v2\/media\/18719"}],"wp:attachment":[{"href":"https:\/\/www.flyshop.cl\/TIENDA\/wp-json\/wp\/v2\/media?parent=18714"}],"wp:term":[{"taxonomy":"product_brand","embeddable":true,"href":"https:\/\/www.flyshop.cl\/TIENDA\/wp-json\/wp\/v2\/product_brand?post=18714"},{"taxonomy":"product_cat","embeddable":true,"href":"https:\/\/www.flyshop.cl\/TIENDA\/wp-json\/wp\/v2\/product_cat?post=18714"},{"taxonomy":"product_tag","embeddable":true,"href":"https:\/\/www.flyshop.cl\/TIENDA\/wp-json\/wp\/v2\/product_tag?post=18714"}],"curies":[{"name":"wp","href":"https:\/\/api.w.org\/{rel}","templated":true}]}}