{"id":18697,"date":"2024-07-22T16:56:05","date_gmt":"2024-07-22T16:56:05","guid":{"rendered":"https:\/\/www.flyshop.cl\/TIENDA\/?post_type=product&#038;p=18697"},"modified":"2025-12-16T14:09:36","modified_gmt":"2025-12-16T14:09:36","slug":"cana-redington-predator","status":"publish","type":"product","link":"https:\/\/www.flyshop.cl\/TIENDA\/producto\/cana-redington-predator\/","title":{"rendered":"Ca\u00f1a Redington Predator"},"content":{"rendered":"<p>La Redington Predator es la ca\u00f1a de mosca definitiva para moscas grandes, l\u00edneas pesadas y peces de pelea agresiva.<\/p>\n<p>Cuenta con una acci\u00f3n r\u00e1pida, potente e intuitiva que comanda suficiente poder para combatir peces grandes y recoger y lanzar las l\u00edneas pesadas y las moscas masivas de hoy. Su acci\u00f3n est\u00e1 dise\u00f1ada para rendir tanto en escenarios de agua dulce como salada, y todos los componentes son aptos para agua salada. La familia Predator abarca modelos que van desde ca\u00f1as de 5 pesos para el t\u00edmido bonefish hasta ca\u00f1as de 16 pesos listas para el gran juego, incluyendo modelos especializados \u00fanicos como una ca\u00f1a de 7\u201910\u201d de 8 pesos y modelos dedicados para PIKE y MUSKY con empu\u00f1aduras de combate extendidas para movimientos en ocho junto al bote.<\/p>\n<ul>\n<li>Acci\u00f3n r\u00e1pida intuitiva<\/li>\n<li>Equilibrio en la mano afinado para una sensaci\u00f3n ligera y lanzamientos receptivos<\/li>\n<li>Asiento de carrete de aluminio mecanizado anodizado, ideal para todas las condiciones de agua<\/li>\n<li>Referencia del modelo grabada con l\u00e1ser en el asiento del carrete para una identificaci\u00f3n r\u00e1pida de la ca\u00f1a<\/li>\n<li>Puntas de secci\u00f3n recubiertas de epoxi para evitar que se peguen<\/li>\n<li>Incluye modelos espec\u00edficos para PIKE y MUSKY<\/li>\n<li>Gu\u00edas de despojo de \u00f3xido de aluminio con insertos de cer\u00e1mica y gu\u00edas de serpiente anodizadas de alambre duro para durabilidad<\/li>\n<li>Puntos de alineaci\u00f3n para una f\u00e1cil configuraci\u00f3n de la ca\u00f1a<\/li>\n<li>Tubo de ca\u00f1a de cordura duradero con divisores incorporados<\/li>\n<li>Garant\u00eda de por vida<\/li>\n<\/ul>\n","protected":false},"excerpt":{"rendered":"<p>La Redington Predator es la ca\u00f1a de mosca definitiva para moscas grandes, l\u00edneas pesadas y peces de pelea agresiva. Cuenta con una acci\u00f3n r\u00e1pida, potente e intuitiva que comanda suficiente poder para combatir peces grandes y recoger y lanzar las&hellip;<\/p>\n","protected":false},"featured_media":18702,"comment_status":"closed","ping_status":"closed","template":"","meta":{"_joinchat":[]},"product_brand":[],"product_cat":[679,784],"product_tag":[],"class_list":{"0":"post-18697","1":"product","2":"type-product","3":"status-publish","4":"has-post-thumbnail","6":"product_cat-canas-fly-fishing","7":"product_cat-redington","8":"entry","9":"has-media","11":"first","12":"instock","13":"shipping-taxable","14":"purchasable","15":"product-type-variable","16":"col","17":"wpex-woo-entry","18":"span_1_of_6 span_1_of_3_pp"},"supplier_id":null,"supplier_sku":"","barcode":null,"atum_controlled":true,"out_stock_date":null,"out_stock_threshold":null,"inheritable":true,"inbound_stock":null,"stock_on_hold":0,"sold_today":1,"sales_last_days":1,"reserved_stock":null,"customer_returns":null,"warehouse_damage":null,"lost_in_post":null,"other_logs":null,"out_stock_days":null,"lost_sales":0,"has_location":false,"update_date":"2025-12-16T16:37:34","atum_locations":[],"atum_stock_status":"instock","restock_status":false,"low_stock_amount":"","sales_update_date":null,"calc_backorders":null,"_links":{"self":[{"href":"https:\/\/www.flyshop.cl\/TIENDA\/wp-json\/wp\/v2\/product\/18697","targetHints":{"allow":["GET"]}}],"collection":[{"href":"https:\/\/www.flyshop.cl\/TIENDA\/wp-json\/wp\/v2\/product"}],"about":[{"href":"https:\/\/www.flyshop.cl\/TIENDA\/wp-json\/wp\/v2\/types\/product"}],"replies":[{"embeddable":true,"href":"https:\/\/www.flyshop.cl\/TIENDA\/wp-json\/wp\/v2\/comments?post=18697"}],"wp:featuredmedia":[{"embeddable":true,"href":"https:\/\/www.flyshop.cl\/TIENDA\/wp-json\/wp\/v2\/media\/18702"}],"wp:attachment":[{"href":"https:\/\/www.flyshop.cl\/TIENDA\/wp-json\/wp\/v2\/media?parent=18697"}],"wp:term":[{"taxonomy":"product_brand","embeddable":true,"href":"https:\/\/www.flyshop.cl\/TIENDA\/wp-json\/wp\/v2\/product_brand?post=18697"},{"taxonomy":"product_cat","embeddable":true,"href":"https:\/\/www.flyshop.cl\/TIENDA\/wp-json\/wp\/v2\/product_cat?post=18697"},{"taxonomy":"product_tag","embeddable":true,"href":"https:\/\/www.flyshop.cl\/TIENDA\/wp-json\/wp\/v2\/product_tag?post=18697"}],"curies":[{"name":"wp","href":"https:\/\/api.w.org\/{rel}","templated":true}]}}