{"id":18693,"date":"2024-07-22T16:54:45","date_gmt":"2024-07-22T16:54:45","guid":{"rendered":"https:\/\/www.flyshop.cl\/TIENDA\/?post_type=product&#038;p=18693"},"modified":"2026-01-26T21:41:26","modified_gmt":"2026-01-26T21:41:26","slug":"cana-redington-wrangler","status":"publish","type":"product","link":"https:\/\/www.flyshop.cl\/TIENDA\/producto\/cana-redington-wrangler\/","title":{"rendered":"Ca\u00f1a Redington wrangler"},"content":{"rendered":"<div class=\"flex flex-grow flex-col max-w-full\">\n<div class=\"min-h-[20px] text-message flex w-full flex-col items-end gap-2 whitespace-pre-wrap break-words [.text-message+&amp;]:mt-5 overflow-x-auto\" dir=\"auto\" data-message-author-role=\"assistant\" data-message-id=\"29714a53-86cc-47e1-b964-31cee88882bd\">\n<div class=\"flex w-full flex-col gap-1 empty:hidden first:pt-[3px]\">\n<div class=\"markdown prose w-full break-words dark:prose-invert light\">\n<p>Estas ca\u00f1as de 4 piezas ofrecen flexibilidad para cualquier nivel de pescador, con una acci\u00f3n de rendimiento medio-r\u00e1pido que es s\u00faper sensible al lanzar y ajustada para las especies y aplicaciones para las que cada peso est\u00e1 dise\u00f1ado. Todas las ca\u00f1as vienen empacadas en un tubo protector de nylon con forros divididos, para un almacenamiento seguro y facilidad de transporte.<\/p>\n<p>Explora nuevas aguas, ampl\u00eda tus especies, o sum\u00e9rgete en la pesca con mosca por primera vez hoy con la serie de ca\u00f1as Redington Wrangler. Listo para pescar.<\/p>\n<\/div>\n<\/div>\n<\/div>\n<\/div>\n<div class=\"mt-1 flex gap-3 empty:hidden ml-3\">\n<div class=\"items-center justify-start rounded-xl p-1 flex\">\n<div class=\"flex items-center\">el numero de la ca\u00f1a se explica asi:<\/div>\n<div>690-4 es una ca\u00f1a numero 6, de 4 tramos y 9 pies.<\/div>\n<\/div>\n<div><\/div>\n<\/div>\n","protected":false},"excerpt":{"rendered":"<p>Estas ca\u00f1as de 4 piezas ofrecen flexibilidad para cualquier nivel de pescador, con una acci\u00f3n de rendimiento medio-r\u00e1pido que es s\u00faper sensible al lanzar y ajustada para las especies y aplicaciones para las que cada peso est\u00e1 dise\u00f1ado. Todas las&hellip;<\/p>\n","protected":false},"featured_media":18694,"comment_status":"closed","ping_status":"closed","template":"","meta":{"_joinchat":[]},"product_brand":[],"product_cat":[679,784],"product_tag":[],"class_list":{"0":"post-18693","1":"product","2":"type-product","3":"status-publish","4":"has-post-thumbnail","6":"product_cat-canas-fly-fishing","7":"product_cat-redington","8":"entry","9":"has-media","11":"first","12":"instock","13":"shipping-taxable","14":"purchasable","15":"product-type-variable","16":"col","17":"wpex-woo-entry","18":"span_1_of_6 span_1_of_3_pp"},"supplier_id":null,"supplier_sku":"","barcode":null,"atum_controlled":true,"out_stock_date":null,"out_stock_threshold":null,"inheritable":true,"inbound_stock":null,"stock_on_hold":0,"sold_today":1,"sales_last_days":2,"reserved_stock":null,"customer_returns":null,"warehouse_damage":null,"lost_in_post":null,"other_logs":null,"out_stock_days":null,"lost_sales":0,"has_location":false,"update_date":"2026-03-23T04:36:05","atum_locations":[],"atum_stock_status":"instock","restock_status":false,"low_stock_amount":"","sales_update_date":null,"calc_backorders":null,"_links":{"self":[{"href":"https:\/\/www.flyshop.cl\/TIENDA\/wp-json\/wp\/v2\/product\/18693","targetHints":{"allow":["GET"]}}],"collection":[{"href":"https:\/\/www.flyshop.cl\/TIENDA\/wp-json\/wp\/v2\/product"}],"about":[{"href":"https:\/\/www.flyshop.cl\/TIENDA\/wp-json\/wp\/v2\/types\/product"}],"replies":[{"embeddable":true,"href":"https:\/\/www.flyshop.cl\/TIENDA\/wp-json\/wp\/v2\/comments?post=18693"}],"wp:featuredmedia":[{"embeddable":true,"href":"https:\/\/www.flyshop.cl\/TIENDA\/wp-json\/wp\/v2\/media\/18694"}],"wp:attachment":[{"href":"https:\/\/www.flyshop.cl\/TIENDA\/wp-json\/wp\/v2\/media?parent=18693"}],"wp:term":[{"taxonomy":"product_brand","embeddable":true,"href":"https:\/\/www.flyshop.cl\/TIENDA\/wp-json\/wp\/v2\/product_brand?post=18693"},{"taxonomy":"product_cat","embeddable":true,"href":"https:\/\/www.flyshop.cl\/TIENDA\/wp-json\/wp\/v2\/product_cat?post=18693"},{"taxonomy":"product_tag","embeddable":true,"href":"https:\/\/www.flyshop.cl\/TIENDA\/wp-json\/wp\/v2\/product_tag?post=18693"}],"curies":[{"name":"wp","href":"https:\/\/api.w.org\/{rel}","templated":true}]}}