{"id":18466,"date":"2024-05-16T16:56:45","date_gmt":"2024-05-16T16:56:45","guid":{"rendered":"https:\/\/www.flyshop.cl\/TIENDA\/?post_type=product&#038;p=18466"},"modified":"2026-03-16T18:41:00","modified_gmt":"2026-03-16T18:41:00","slug":"wader-simms-new-tributary","status":"publish","type":"product","link":"https:\/\/www.flyshop.cl\/TIENDA\/producto\/wader-simms-new-tributary\/","title":{"rendered":"WADER SIMMS NEW TRIBUTARY"},"content":{"rendered":"<div class=\"flex-col gap-1 md:gap-3\">\n<div class=\"flex flex-grow flex-col max-w-full\">\n<div class=\"min-h-[20px] text-message flex flex-col items-start whitespace-pre-wrap break-words [.text-message+&amp;]:mt-5 juice:w-full juice:items-end overflow-x-auto gap-2\" dir=\"auto\" data-message-author-role=\"assistant\" data-message-id=\"8b67d575-2927-4f21-8e31-94583a2e5101\">\n<div class=\"flex w-full flex-col gap-1 juice:empty:hidden juice:first:pt-[3px]\">\n<div class=\"markdown prose w-full break-words dark:prose-invert light\">\n<p>La mejor relaci\u00f3n calidad-precio en vadeadores, la colecci\u00f3n Tributary de Simms ofrece cada onza del ADN de los vadeadores de alto rendimiento de Simms en un paquete asequible.<\/p>\n<ul>\n<li>Poli\u00e9ster transpirable e impermeable de 3 capas en la parte superior y de 4 capas en la parte inferior.<\/li>\n<li>Bolsillo calientamanos forrado con forro polar y bolsillo superior con cremallera e integrado con parche para moscas.<\/li>\n<li>Pasador trasero \u00fanico con cintur\u00f3n de vadeo de 38 mm que no se estira.<\/li>\n<li>Polainas integradas con dobladillo inferior el\u00e1stico recogido.<\/li>\n<li>Pies anat\u00f3micamente dise\u00f1ados de neopreno con acabado antimicrobiano.<\/li>\n<li>*La mejor garant\u00eda de vadeadores en la pesca: reemplazo por fugas durante 60 d\u00edas, sin preguntas. Reparaciones durante 365 d\u00edas a nuestra cuenta. Consulta la pesta\u00f1a arriba para m\u00e1s detalles.<\/li>\n<\/ul>\n<p><strong>TECNOLOG\u00cdA DEL TEJIDO:<\/strong><\/p>\n<p>Parte superior: Poli\u00e9ster transpirable e impermeable de 3 capas; Parte inferior: Poli\u00e9ster transpirable e impermeable de 4 capas.<\/p>\n<p><strong>PESO:<\/strong> 32.7 oz. (928 g) en talla Medium.<\/p>\n<\/div>\n<\/div>\n<\/div>\n<\/div>\n<\/div>\n","protected":false},"excerpt":{"rendered":"<p>La mejor relaci\u00f3n calidad-precio en vadeadores, la colecci\u00f3n Tributary de Simms ofrece cada onza del ADN de los vadeadores de alto rendimiento de Simms en un paquete asequible. Poli\u00e9ster transpirable e impermeable de 3 capas en la parte superior y&hellip;<\/p>\n","protected":false},"featured_media":18475,"comment_status":"open","ping_status":"closed","template":"","meta":{"_joinchat":[]},"product_brand":[],"product_cat":[309,137],"product_tag":[],"class_list":{"0":"post-18466","1":"product","2":"type-product","3":"status-publish","4":"has-post-thumbnail","6":"product_cat-simms","7":"product_cat-waders","8":"entry","9":"has-media","11":"first","12":"instock","13":"shipping-taxable","14":"purchasable","15":"product-type-variable","16":"col","17":"wpex-woo-entry","18":"span_1_of_6 span_1_of_3_pp"},"supplier_id":null,"supplier_sku":"","barcode":null,"atum_controlled":true,"out_stock_date":null,"out_stock_threshold":null,"inheritable":true,"inbound_stock":null,"stock_on_hold":1,"sold_today":0,"sales_last_days":2,"reserved_stock":null,"customer_returns":null,"warehouse_damage":null,"lost_in_post":null,"other_logs":null,"out_stock_days":null,"lost_sales":0,"has_location":false,"update_date":"2026-03-24T16:15:15","atum_locations":[],"atum_stock_status":"instock","restock_status":false,"low_stock_amount":"","sales_update_date":null,"calc_backorders":null,"_links":{"self":[{"href":"https:\/\/www.flyshop.cl\/TIENDA\/wp-json\/wp\/v2\/product\/18466","targetHints":{"allow":["GET"]}}],"collection":[{"href":"https:\/\/www.flyshop.cl\/TIENDA\/wp-json\/wp\/v2\/product"}],"about":[{"href":"https:\/\/www.flyshop.cl\/TIENDA\/wp-json\/wp\/v2\/types\/product"}],"replies":[{"embeddable":true,"href":"https:\/\/www.flyshop.cl\/TIENDA\/wp-json\/wp\/v2\/comments?post=18466"}],"wp:featuredmedia":[{"embeddable":true,"href":"https:\/\/www.flyshop.cl\/TIENDA\/wp-json\/wp\/v2\/media\/18475"}],"wp:attachment":[{"href":"https:\/\/www.flyshop.cl\/TIENDA\/wp-json\/wp\/v2\/media?parent=18466"}],"wp:term":[{"taxonomy":"product_brand","embeddable":true,"href":"https:\/\/www.flyshop.cl\/TIENDA\/wp-json\/wp\/v2\/product_brand?post=18466"},{"taxonomy":"product_cat","embeddable":true,"href":"https:\/\/www.flyshop.cl\/TIENDA\/wp-json\/wp\/v2\/product_cat?post=18466"},{"taxonomy":"product_tag","embeddable":true,"href":"https:\/\/www.flyshop.cl\/TIENDA\/wp-json\/wp\/v2\/product_tag?post=18466"}],"curies":[{"name":"wp","href":"https:\/\/api.w.org\/{rel}","templated":true}]}}