{"id":18457,"date":"2024-05-14T21:36:13","date_gmt":"2024-05-14T21:36:13","guid":{"rendered":"https:\/\/www.flyshop.cl\/TIENDA\/?post_type=product&#038;p=18457"},"modified":"2024-05-14T21:38:18","modified_gmt":"2024-05-14T21:38:18","slug":"senuelo-yo-zuri-3d-magnum-s-180mm-cpbm","status":"publish","type":"product","link":"https:\/\/www.flyshop.cl\/TIENDA\/producto\/senuelo-yo-zuri-3d-magnum-s-180mm-cpbm\/","title":{"rendered":"SE\u00d1UELO YO-ZURI 3D MAGNUM (S) 180mm CPBM"},"content":{"rendered":"<div class=\"flex-col gap-1 md:gap-3\">\n<div class=\"flex flex-grow flex-col max-w-full\">\n<div class=\"min-h-[20px] text-message flex flex-col items-start whitespace-pre-wrap break-words [.text-message+&amp;]:mt-5 juice:w-full juice:items-end overflow-x-auto gap-2\" dir=\"auto\" data-message-author-role=\"assistant\" data-message-id=\"eb20b03a-01bb-4383-a1c1-f92640e6c30f\">\n<div class=\"flex w-full flex-col gap-1 juice:first:pt-[3px]\">\n<div class=\"markdown prose w-full break-words dark:prose-invert light\">\n<p>El 3D Magnum cuenta con un resistente cuerpo de resina ABS, anzuelos triples 3X fuertes y construcci\u00f3n con alambre, lo que lo convierte en el se\u00f1uelo de trolling m\u00e1s duradero de su tipo en el mercado. El acabado interno de Prism 3D patentado y exclusivo de Yo-Zuri, junto con nuestra tecnolog\u00eda de Cambio de Color patentada internacionalmente, hace que estos se\u00f1uelos destaquen en cualquier condici\u00f3n de pesca. Est\u00e1n dise\u00f1ados para pescarse con un crimp, nudo de lazo, cable o alambre de una sola hebra, para darle al cebo la libertad de nadar correctamente. Los 3D Magnum son mortales para varias especies marinas, incluyendo el at\u00fan, el wahoo, el delf\u00edn y el caballa rey, por nombrar solo algunas. Este vers\u00e1til se\u00f1uelo de trolling puede ser arrastrado de 4 a 9 nudos con una amplia acci\u00f3n de nataci\u00f3n y funciona correctamente directamente de la caja, \u00a1sin necesidad de ajustes! El 3D Magnum viene en dos tama\u00f1os y ocho patrones de color para cubrir una variedad de condiciones de pesca y especies<\/p>\n<p>peso 108 grs<\/p>\n<p>profundiza hasta 6.5 metros<\/p>\n<\/div>\n<\/div>\n<\/div>\n<\/div>\n<\/div>\n<div class=\"relative flex w-full min-w-0 flex-col agent-turn\">\n<div class=\"flex-col gap-1 md:gap-3\">\n<div class=\"flex flex-grow flex-col max-w-full\">\n<div class=\"min-h-[20px] text-message flex flex-col items-start whitespace-pre-wrap break-words [.text-message+&amp;]:mt-5 juice:w-full juice:items-end overflow-x-auto gap-2\" dir=\"auto\" data-message-author-role=\"assistant\" data-message-id=\"d1439734-fc7d-4fc6-b8f1-0f267ee47eff\">\n<div class=\"flex w-full flex-col gap-1 juice:first:pt-[3px]\">\n<div class=\"markdown prose w-full break-words dark:prose-invert light\">\n<p>Acabado interno de Prism 3D<\/p>\n<p>Tecnolog\u00eda de Cambio de Color<\/p>\n<p>Anillos divididos resistentes de servicio pesado<\/p>\n<p>Construcci\u00f3n con alambre a trav\u00e9s del se\u00f1uelo<\/p>\n<p>Anzuelos triples 3X fuertes<\/p>\n<p>Material de resina ABS resistente y duradero<\/p>\n<\/div>\n<\/div>\n<\/div>\n<\/div>\n<\/div>\n<\/div>\n<p>&nbsp;<\/p>\n","protected":false},"excerpt":{"rendered":"<p>El 3D Magnum cuenta con un resistente cuerpo de resina ABS, anzuelos triples 3X fuertes y construcci\u00f3n con alambre, lo que lo convierte en el se\u00f1uelo de trolling m\u00e1s duradero de su tipo en el mercado. El acabado interno de&hellip;<\/p>\n","protected":false},"featured_media":18452,"comment_status":"closed","ping_status":"closed","template":"","meta":{"_joinchat":[]},"product_brand":[],"product_cat":[536],"product_tag":[],"class_list":{"0":"post-18457","1":"product","2":"type-product","3":"status-publish","4":"has-post-thumbnail","6":"product_cat-trolling","7":"entry","8":"has-media","10":"first","11":"instock","12":"shipping-taxable","13":"purchasable","14":"product-type-simple","15":"col","16":"wpex-woo-entry","17":"span_1_of_6 span_1_of_3_pp"},"supplier_id":null,"supplier_sku":"","barcode":null,"atum_controlled":true,"out_stock_date":null,"out_stock_threshold":null,"inheritable":false,"inbound_stock":null,"stock_on_hold":null,"sold_today":null,"sales_last_days":null,"reserved_stock":null,"customer_returns":null,"warehouse_damage":null,"lost_in_post":null,"other_logs":null,"out_stock_days":null,"lost_sales":null,"has_location":false,"update_date":"2024-05-14T21:38:23","atum_locations":[],"atum_stock_status":"instock","restock_status":false,"low_stock_amount":"","sales_update_date":null,"calc_backorders":null,"_links":{"self":[{"href":"https:\/\/www.flyshop.cl\/TIENDA\/wp-json\/wp\/v2\/product\/18457","targetHints":{"allow":["GET"]}}],"collection":[{"href":"https:\/\/www.flyshop.cl\/TIENDA\/wp-json\/wp\/v2\/product"}],"about":[{"href":"https:\/\/www.flyshop.cl\/TIENDA\/wp-json\/wp\/v2\/types\/product"}],"replies":[{"embeddable":true,"href":"https:\/\/www.flyshop.cl\/TIENDA\/wp-json\/wp\/v2\/comments?post=18457"}],"wp:featuredmedia":[{"embeddable":true,"href":"https:\/\/www.flyshop.cl\/TIENDA\/wp-json\/wp\/v2\/media\/18452"}],"wp:attachment":[{"href":"https:\/\/www.flyshop.cl\/TIENDA\/wp-json\/wp\/v2\/media?parent=18457"}],"wp:term":[{"taxonomy":"product_brand","embeddable":true,"href":"https:\/\/www.flyshop.cl\/TIENDA\/wp-json\/wp\/v2\/product_brand?post=18457"},{"taxonomy":"product_cat","embeddable":true,"href":"https:\/\/www.flyshop.cl\/TIENDA\/wp-json\/wp\/v2\/product_cat?post=18457"},{"taxonomy":"product_tag","embeddable":true,"href":"https:\/\/www.flyshop.cl\/TIENDA\/wp-json\/wp\/v2\/product_tag?post=18457"}],"curies":[{"name":"wp","href":"https:\/\/api.w.org\/{rel}","templated":true}]}}