{"id":18446,"date":"2024-05-14T21:18:47","date_gmt":"2024-05-14T21:18:47","guid":{"rendered":"https:\/\/www.flyshop.cl\/TIENDA\/?post_type=product&#038;p=18446"},"modified":"2025-04-28T15:15:57","modified_gmt":"2025-04-28T15:15:57","slug":"senuelo-yo-zuri-crystal-3d-minnow-deep-diver-f-150mm-ghiw","status":"publish","type":"product","link":"https:\/\/www.flyshop.cl\/TIENDA\/producto\/senuelo-yo-zuri-crystal-3d-minnow-deep-diver-f-150mm-ghiw\/","title":{"rendered":"SE\u00d1UELO YO-ZURI CRYSTAL 3D MINNOW DEEP DIVER (F) 150mm GHIW"},"content":{"rendered":"<p>El Crystal 3D Minnow Deep Diver cuenta con un acabado interno patentado y exclusivo de Prism 3D, que refleja toda la luz subsuperficial para una m\u00e1xima visibilidad, incluso a profundidades y velocidades m\u00e1ximas. Esta carnada de trolling altamente efectiva (velocidad recomendada de 3 a 8 nudos*) crea un patr\u00f3n de movimiento ondulante ajustado que imita perfectamente la acci\u00f3n de un pez nadando. Combinado con el brillante destello interno de Prism 3D, los pescadores atraer\u00e1n todo tipo de peces de juego. Esta serie ahora incluye algunos de los colores m\u00e1s populares de agua dulce y salada de Yo-Zuri.<\/p>\n<p>peso 40 grs<\/p>\n<div class=\"flex-col gap-1 md:gap-3\">\n<div class=\"flex flex-grow flex-col max-w-full\">\n<div class=\"min-h-[20px] text-message flex flex-col items-start whitespace-pre-wrap break-words [.text-message+&amp;]:mt-5 juice:w-full juice:items-end overflow-x-auto gap-2\" dir=\"auto\" data-message-author-role=\"assistant\" data-message-id=\"15f97a88-9f04-41ad-8570-e12bd5b634e1\">\n<div class=\"flex w-full flex-col gap-1 juice:first:pt-[3px]\">\n<div class=\"markdown prose w-full break-words dark:prose-invert light\">\n<p>Acabado interno de Prism 3D patentado internacionalmente<\/p>\n<p>Sistema de sonido con bola de cascabel<\/p>\n<p>Ganchos de esta\u00f1o de grado marino<\/p>\n<p>Dise\u00f1o altamente detallado &#8211;<\/p>\n<p>branquias realistas Velocidad de trolling: 3-6 Kts<\/p>\n<p>Anillos divididos de acero inoxidable<\/p>\n<p>Construcci\u00f3n con alambre (solo F1154)<\/p>\n<p>Material de resina ABS resistente y duradero<\/p>\n<\/div>\n<\/div>\n<\/div>\n<\/div>\n<\/div>\n","protected":false},"excerpt":{"rendered":"<p>El Crystal 3D Minnow Deep Diver cuenta con un acabado interno patentado y exclusivo de Prism 3D, que refleja toda la luz subsuperficial para una m\u00e1xima visibilidad, incluso a profundidades y velocidades m\u00e1ximas. Esta carnada de trolling altamente efectiva (velocidad&hellip;<\/p>\n","protected":false},"featured_media":18441,"comment_status":"closed","ping_status":"closed","template":"","meta":{"_joinchat":[]},"product_brand":[],"product_cat":[536],"product_tag":[],"class_list":{"0":"post-18446","1":"product","2":"type-product","3":"status-publish","4":"has-post-thumbnail","6":"product_cat-trolling","7":"entry","8":"has-media","10":"first","11":"outofstock","12":"shipping-taxable","13":"purchasable","14":"product-type-simple","15":"col","16":"wpex-woo-entry","17":"span_1_of_6 span_1_of_3_pp"},"supplier_id":null,"supplier_sku":"","barcode":null,"atum_controlled":true,"out_stock_date":"2025-04-28 15:15:57","out_stock_threshold":null,"inheritable":false,"inbound_stock":null,"stock_on_hold":null,"sold_today":null,"sales_last_days":null,"reserved_stock":null,"customer_returns":null,"warehouse_damage":null,"lost_in_post":null,"other_logs":null,"out_stock_days":0,"lost_sales":null,"has_location":false,"update_date":"2025-04-28T15:15:57","atum_locations":[],"atum_stock_status":"instock","restock_status":false,"low_stock_amount":"","sales_update_date":null,"calc_backorders":null,"_links":{"self":[{"href":"https:\/\/www.flyshop.cl\/TIENDA\/wp-json\/wp\/v2\/product\/18446","targetHints":{"allow":["GET"]}}],"collection":[{"href":"https:\/\/www.flyshop.cl\/TIENDA\/wp-json\/wp\/v2\/product"}],"about":[{"href":"https:\/\/www.flyshop.cl\/TIENDA\/wp-json\/wp\/v2\/types\/product"}],"replies":[{"embeddable":true,"href":"https:\/\/www.flyshop.cl\/TIENDA\/wp-json\/wp\/v2\/comments?post=18446"}],"wp:featuredmedia":[{"embeddable":true,"href":"https:\/\/www.flyshop.cl\/TIENDA\/wp-json\/wp\/v2\/media\/18441"}],"wp:attachment":[{"href":"https:\/\/www.flyshop.cl\/TIENDA\/wp-json\/wp\/v2\/media?parent=18446"}],"wp:term":[{"taxonomy":"product_brand","embeddable":true,"href":"https:\/\/www.flyshop.cl\/TIENDA\/wp-json\/wp\/v2\/product_brand?post=18446"},{"taxonomy":"product_cat","embeddable":true,"href":"https:\/\/www.flyshop.cl\/TIENDA\/wp-json\/wp\/v2\/product_cat?post=18446"},{"taxonomy":"product_tag","embeddable":true,"href":"https:\/\/www.flyshop.cl\/TIENDA\/wp-json\/wp\/v2\/product_tag?post=18446"}],"curies":[{"name":"wp","href":"https:\/\/api.w.org\/{rel}","templated":true}]}}