{"id":18333,"date":"2024-04-10T17:13:36","date_gmt":"2024-04-10T17:13:36","guid":{"rendered":"https:\/\/www.flyshop.cl\/TIENDA\/?post_type=product&#038;p=18333"},"modified":"2024-12-18T21:33:46","modified_gmt":"2024-12-18T21:33:46","slug":"chinguillo-simms-daymaker-landing-net-medium","status":"publish","type":"product","link":"https:\/\/www.flyshop.cl\/TIENDA\/producto\/chinguillo-simms-daymaker-landing-net-medium\/","title":{"rendered":"chinguillo simms DAYMAKER LANDING NET -Medium"},"content":{"rendered":"<p>Dimensionado perfectamente para llevar en un bote o cubrir agua a pie, la Red de Aterrizaje Daymaker &#8211; Mediana combina una construcci\u00f3n ligera y duradera con un dise\u00f1o de aro y cesta amigable para los peces para obtener la m\u00e1xima captura.<\/p>\n<ul>\n<li>La construcci\u00f3n de compuesto de carbono es ligera, duradera y se mantiene alta en el agua.<\/li>\n<li>Bolsa de red transparente, resistente a los rayos UV y amigable para los peces.<\/li>\n<\/ul>\n<p>TELA:<\/p>\n<p>Superposici\u00f3n de TPU en el mango de la red ofrece resistencia adicional al deslizamiento cuando est\u00e1 mojado.<\/p>\n<p>DIMENSIONES: Longitud: 38&#8243;, Ancho del Aro: 13&#8243;, Longitud del Aro: 18&#8243;<\/p>\n<p>PESO: 17 oz.<\/p>\n","protected":false},"excerpt":{"rendered":"<p>Dimensionado perfectamente para llevar en un bote o cubrir agua a pie, la Red de Aterrizaje Daymaker &#8211; Mediana combina una construcci\u00f3n ligera y duradera con un dise\u00f1o de aro y cesta amigable para los peces para obtener la m\u00e1xima&hellip;<\/p>\n","protected":false},"featured_media":18334,"comment_status":"closed","ping_status":"closed","template":"","meta":{"_joinchat":[]},"product_brand":[],"product_cat":[152,309],"product_tag":[],"class_list":{"0":"post-18333","1":"product","2":"type-product","3":"status-publish","4":"has-post-thumbnail","6":"product_cat-chinguillos-y-redes","7":"product_cat-simms","8":"entry","9":"has-media","11":"first","12":"instock","13":"shipping-taxable","14":"purchasable","15":"product-type-simple","16":"col","17":"wpex-woo-entry","18":"span_1_of_6 span_1_of_3_pp"},"supplier_id":null,"supplier_sku":"","barcode":null,"atum_controlled":true,"out_stock_date":null,"out_stock_threshold":null,"inheritable":false,"inbound_stock":null,"stock_on_hold":0,"sold_today":0,"sales_last_days":1,"reserved_stock":null,"customer_returns":null,"warehouse_damage":null,"lost_in_post":null,"other_logs":null,"out_stock_days":0,"lost_sales":0,"has_location":false,"update_date":"2024-12-24T16:26:45","atum_locations":[],"atum_stock_status":"instock","restock_status":false,"low_stock_amount":"","sales_update_date":"2024-12-24T16:26:45","calc_backorders":null,"_links":{"self":[{"href":"https:\/\/www.flyshop.cl\/TIENDA\/wp-json\/wp\/v2\/product\/18333","targetHints":{"allow":["GET"]}}],"collection":[{"href":"https:\/\/www.flyshop.cl\/TIENDA\/wp-json\/wp\/v2\/product"}],"about":[{"href":"https:\/\/www.flyshop.cl\/TIENDA\/wp-json\/wp\/v2\/types\/product"}],"replies":[{"embeddable":true,"href":"https:\/\/www.flyshop.cl\/TIENDA\/wp-json\/wp\/v2\/comments?post=18333"}],"wp:featuredmedia":[{"embeddable":true,"href":"https:\/\/www.flyshop.cl\/TIENDA\/wp-json\/wp\/v2\/media\/18334"}],"wp:attachment":[{"href":"https:\/\/www.flyshop.cl\/TIENDA\/wp-json\/wp\/v2\/media?parent=18333"}],"wp:term":[{"taxonomy":"product_brand","embeddable":true,"href":"https:\/\/www.flyshop.cl\/TIENDA\/wp-json\/wp\/v2\/product_brand?post=18333"},{"taxonomy":"product_cat","embeddable":true,"href":"https:\/\/www.flyshop.cl\/TIENDA\/wp-json\/wp\/v2\/product_cat?post=18333"},{"taxonomy":"product_tag","embeddable":true,"href":"https:\/\/www.flyshop.cl\/TIENDA\/wp-json\/wp\/v2\/product_tag?post=18333"}],"curies":[{"name":"wp","href":"https:\/\/api.w.org\/{rel}","templated":true}]}}