{"id":18325,"date":"2024-04-10T16:26:33","date_gmt":"2024-04-10T16:26:33","guid":{"rendered":"https:\/\/www.flyshop.cl\/TIENDA\/?post_type=product&#038;p=18325"},"modified":"2024-10-02T13:45:25","modified_gmt":"2024-10-02T13:45:25","slug":"simms-tributary-hybrid-chest-pack-basalt","status":"publish","type":"product","link":"https:\/\/www.flyshop.cl\/TIENDA\/producto\/simms-tributary-hybrid-chest-pack-basalt\/","title":{"rendered":"simms TRIBUTARY HYBRID CHEST PACK BASALT"},"content":{"rendered":"<div class=\"flex flex-grow flex-col max-w-full\">\n<div class=\"min-h-[20px] text-message flex flex-col items-start gap-3 whitespace-pre-wrap break-words [.text-message+&amp;]:mt-5 overflow-x-auto\" dir=\"auto\" data-message-author-role=\"assistant\" data-message-id=\"f277729c-9f68-4d97-abad-56f1ed29bce1\">\n<div class=\"markdown prose w-full break-words dark:prose-invert light\">\n<p>Cuando las excursiones de un d\u00eda se prolongan en entradas extras, el c\u00f3modo y accesible Tributary Hybrid Chest Pack de 5 litros aumenta la capacidad de almacenamiento para que puedas ampliar tu alcance con todo lo que necesitas para tener \u00e9xito.<\/p>\n<ul>\n<li>La tela de poli\u00e9ster reciclado de 600 deniers con revestimiento de poliuretano es resistente y confiable.<\/li>\n<li>Un arn\u00e9s de hombro tipo yugo completamente acolchado y ajustable, con un bolsillo con cremallera, proporciona comodidad transpirable para aventuras de todo el d\u00eda.<\/li>\n<li>El compartimento principal, con un bolsillo interno de malla el\u00e1stica, se accede mediante una cremallera grande. Bolsillo adicional para accesorios en la cara del paquete.<\/li>\n<li>La manga integrada para red en la parte trasera del paquete incluye un anillo en D para una sujeci\u00f3n adicional de la red.<\/li>\n<li>Otras caracter\u00edsticas incluyen un peque\u00f1o bolsillo de malla el\u00e1stica para botellas de agua en la base del paquete, un muelle para herramientas de hipalon en la correa del hombro y un parche grande para moscas en la cara del paquete.<\/li>\n<\/ul>\n<p>TELA:<\/p>\n<p>Exterior: 100% Poli\u00e9ster reciclado 600D con revestimiento de PU en el reverso<\/p>\n<p>Forro: Poli\u00e9ster 200D<\/p>\n<p>DIMENSIONES:<\/p>\n<p>Dimensiones del paquete: 6&#8243; alto x 8.25&#8243; ancho x 3.75&#8243; profundo Dimensiones del arn\u00e9s de hombro: 14&#8243; alto x 8.25&#8243; ancho<\/p>\n<\/div>\n<\/div>\n<\/div>\n<div class=\"mt-1 flex gap-3 empty:hidden\">\n<div class=\"text-gray-400 flex self-end lg:self-center items-center justify-center lg:justify-start mt-0 -ml-1 h-7 gap-[2px] visible\"><\/div>\n<\/div>\n<div class=\"flex\"><\/div>\n","protected":false},"excerpt":{"rendered":"<p>Cuando las excursiones de un d\u00eda se prolongan en entradas extras, el c\u00f3modo y accesible Tributary Hybrid Chest Pack de 5 litros aumenta la capacidad de almacenamiento para que puedas ampliar tu alcance con todo lo que necesitas para tener&hellip;<\/p>\n","protected":false},"featured_media":18332,"comment_status":"closed","ping_status":"closed","template":"","meta":{"_joinchat":[]},"product_brand":[],"product_cat":[534,309],"product_tag":[],"class_list":{"0":"post-18325","1":"product","2":"type-product","3":"status-publish","4":"has-post-thumbnail","6":"product_cat-bananos","7":"product_cat-simms","8":"entry","9":"has-media","11":"first","12":"outofstock","13":"shipping-taxable","14":"purchasable","15":"product-type-simple","16":"col","17":"wpex-woo-entry","18":"span_1_of_6 span_1_of_3_pp"},"supplier_id":null,"supplier_sku":"","barcode":null,"atum_controlled":true,"out_stock_date":"2024-10-02 13:45:25","out_stock_threshold":null,"inheritable":false,"inbound_stock":null,"stock_on_hold":0,"sold_today":0,"sales_last_days":1,"reserved_stock":null,"customer_returns":null,"warehouse_damage":null,"lost_in_post":null,"other_logs":null,"out_stock_days":0,"lost_sales":0,"has_location":false,"update_date":"2024-10-02T13:45:28","atum_locations":[],"atum_stock_status":"outofstock","restock_status":false,"low_stock_amount":"","sales_update_date":"2024-08-06T15:57:03","calc_backorders":null,"_links":{"self":[{"href":"https:\/\/www.flyshop.cl\/TIENDA\/wp-json\/wp\/v2\/product\/18325","targetHints":{"allow":["GET"]}}],"collection":[{"href":"https:\/\/www.flyshop.cl\/TIENDA\/wp-json\/wp\/v2\/product"}],"about":[{"href":"https:\/\/www.flyshop.cl\/TIENDA\/wp-json\/wp\/v2\/types\/product"}],"replies":[{"embeddable":true,"href":"https:\/\/www.flyshop.cl\/TIENDA\/wp-json\/wp\/v2\/comments?post=18325"}],"wp:featuredmedia":[{"embeddable":true,"href":"https:\/\/www.flyshop.cl\/TIENDA\/wp-json\/wp\/v2\/media\/18332"}],"wp:attachment":[{"href":"https:\/\/www.flyshop.cl\/TIENDA\/wp-json\/wp\/v2\/media?parent=18325"}],"wp:term":[{"taxonomy":"product_brand","embeddable":true,"href":"https:\/\/www.flyshop.cl\/TIENDA\/wp-json\/wp\/v2\/product_brand?post=18325"},{"taxonomy":"product_cat","embeddable":true,"href":"https:\/\/www.flyshop.cl\/TIENDA\/wp-json\/wp\/v2\/product_cat?post=18325"},{"taxonomy":"product_tag","embeddable":true,"href":"https:\/\/www.flyshop.cl\/TIENDA\/wp-json\/wp\/v2\/product_tag?post=18325"}],"curies":[{"name":"wp","href":"https:\/\/api.w.org\/{rel}","templated":true}]}}