{"id":18024,"date":"2024-02-08T15:21:18","date_gmt":"2024-02-08T15:21:18","guid":{"rendered":"https:\/\/www.flyshop.cl\/TIENDA\/?post_type=product&#038;p=18024"},"modified":"2024-02-08T15:25:20","modified_gmt":"2024-02-08T15:25:20","slug":"carrete-daiwa-legalis-lt-5000","status":"publish","type":"product","link":"https:\/\/www.flyshop.cl\/TIENDA\/producto\/carrete-daiwa-legalis-lt-5000\/","title":{"rendered":"carrete Daiwa legalis lt 5000"},"content":{"rendered":"<div class=\"flex flex-grow flex-col max-w-full\">\n<div class=\"min-h-[20px] text-message flex flex-col items-start gap-3 whitespace-pre-wrap break-words [.text-message+&amp;]:mt-5 overflow-x-auto\" data-message-author-role=\"assistant\" data-message-id=\"7d960a6f-baa7-4653-9fba-a298ea7578c2\">\n<div class=\"markdown prose w-full break-words dark:prose-invert light\">\n<div class=\"flex flex-grow flex-col max-w-full\">\n<div class=\"min-h-[20px] text-message flex flex-col items-start gap-3 whitespace-pre-wrap break-words [.text-message+&amp;]:mt-5 overflow-x-auto\" data-message-author-role=\"assistant\" data-message-id=\"70690526-4c1d-4a99-bd1f-f683988877fd\">\n<div class=\"markdown prose w-full break-words dark:prose-invert light\">\n<p>El Legalis LT\u00a0 presenta nuestro cuerpo LT (ligero, pero resistente) construido con nuestro nuevo material ZAION-V. ZAION-V es m\u00e1s f\u00e1cilmente maquinable que nuestro material est\u00e1ndar ZAION, lo que permite que una amplia gama de nuestros carretes disfruten de sus beneficios. Es mucho m\u00e1s ligero y r\u00edgido que los materiales est\u00e1ndar.<\/p>\n<p>Tambi\u00e9n presenta un Rotor de Aire ZAION-V para reducci\u00f3n de peso y rigidez adicional: los carretes son m\u00e1s ligeros y m\u00e1s f\u00e1ciles de manejar sin fatiga durante el largo curso de un d\u00eda completo de pesca.<\/p>\n<p>RODAMIENTOS: 6 (5BB + 1RB)<\/p>\n<p>RELACI\u00d3N DE ENGRANAJE: 5.2 : 1<\/p>\n<p>L\u00cdNEA POR VUELTA DE MANIVELA : 87.63 cent\u00edmetros<\/p>\n<p>PESO : 240.7725 gramos<\/p>\n<p>CAPACIDAD DE TRENZADO J: 30\/230, 40\/160<\/p>\n<p>ARRASTRE M\u00c1XIMO: 11.9797248 kilogramos<\/p>\n<\/div>\n<\/div>\n<\/div>\n<\/div>\n<\/div>\n<\/div>\n","protected":false},"excerpt":{"rendered":"<p>El Legalis LT\u00a0 presenta nuestro cuerpo LT (ligero, pero resistente) construido con nuestro nuevo material ZAION-V. ZAION-V es m\u00e1s f\u00e1cilmente maquinable que nuestro material est\u00e1ndar ZAION, lo que permite que una amplia gama de nuestros carretes disfruten de sus beneficios.&hellip;<\/p>\n","protected":false},"featured_media":18023,"comment_status":"closed","ping_status":"closed","template":"","meta":{"_joinchat":[]},"product_brand":[],"product_cat":[443],"product_tag":[],"class_list":{"0":"post-18024","1":"product","2":"type-product","3":"status-publish","4":"has-post-thumbnail","6":"product_cat-carretes-spinner","7":"entry","8":"has-media","10":"first","11":"instock","12":"shipping-taxable","13":"purchasable","14":"product-type-simple","15":"col","16":"wpex-woo-entry","17":"span_1_of_6 span_1_of_3_pp"},"supplier_id":null,"supplier_sku":"","barcode":null,"atum_controlled":true,"out_stock_date":null,"out_stock_threshold":null,"inheritable":false,"inbound_stock":null,"stock_on_hold":null,"sold_today":null,"sales_last_days":null,"reserved_stock":null,"customer_returns":null,"warehouse_damage":null,"lost_in_post":null,"other_logs":null,"out_stock_days":null,"lost_sales":null,"has_location":false,"update_date":"2024-02-08T15:25:25","atum_locations":[],"atum_stock_status":"instock","restock_status":false,"low_stock_amount":"","sales_update_date":null,"calc_backorders":null,"_links":{"self":[{"href":"https:\/\/www.flyshop.cl\/TIENDA\/wp-json\/wp\/v2\/product\/18024","targetHints":{"allow":["GET"]}}],"collection":[{"href":"https:\/\/www.flyshop.cl\/TIENDA\/wp-json\/wp\/v2\/product"}],"about":[{"href":"https:\/\/www.flyshop.cl\/TIENDA\/wp-json\/wp\/v2\/types\/product"}],"replies":[{"embeddable":true,"href":"https:\/\/www.flyshop.cl\/TIENDA\/wp-json\/wp\/v2\/comments?post=18024"}],"wp:featuredmedia":[{"embeddable":true,"href":"https:\/\/www.flyshop.cl\/TIENDA\/wp-json\/wp\/v2\/media\/18023"}],"wp:attachment":[{"href":"https:\/\/www.flyshop.cl\/TIENDA\/wp-json\/wp\/v2\/media?parent=18024"}],"wp:term":[{"taxonomy":"product_brand","embeddable":true,"href":"https:\/\/www.flyshop.cl\/TIENDA\/wp-json\/wp\/v2\/product_brand?post=18024"},{"taxonomy":"product_cat","embeddable":true,"href":"https:\/\/www.flyshop.cl\/TIENDA\/wp-json\/wp\/v2\/product_cat?post=18024"},{"taxonomy":"product_tag","embeddable":true,"href":"https:\/\/www.flyshop.cl\/TIENDA\/wp-json\/wp\/v2\/product_tag?post=18024"}],"curies":[{"name":"wp","href":"https:\/\/api.w.org\/{rel}","templated":true}]}}