{"id":18019,"date":"2024-02-07T14:47:10","date_gmt":"2024-02-07T14:47:10","guid":{"rendered":"https:\/\/www.flyshop.cl\/TIENDA\/?post_type=product&#038;p=18019"},"modified":"2025-03-25T14:28:55","modified_gmt":"2025-03-25T14:28:55","slug":"carrete-daiwa-exceler-lt-4000","status":"publish","type":"product","link":"https:\/\/www.flyshop.cl\/TIENDA\/producto\/carrete-daiwa-exceler-lt-4000\/","title":{"rendered":"carrete Daiwa Exceler LT 4000"},"content":{"rendered":"<div class=\"flex flex-grow flex-col max-w-full\">\n<div class=\"min-h-[20px] text-message flex flex-col items-start gap-3 whitespace-pre-wrap break-words [.text-message+&amp;]:mt-5 overflow-x-auto\" data-message-author-role=\"assistant\" data-message-id=\"7d960a6f-baa7-4653-9fba-a298ea7578c2\">\n<div class=\"markdown prose w-full break-words dark:prose-invert light\">\n<p>El\u00a0 nuevo EXCELER LT de Daiwa utiliza un cuerpo de fibra de carbono llamado ZAION V. La nueva versi\u00f3n es un 3%-5% m\u00e1s ligera que nuestro EXCELER actual para tama\u00f1os comparables. Tambi\u00e9n viene con un ROTOR AIRDRIVE y una BAIL AIRDRIVE como nuestra versi\u00f3n en el EXIST, son tubulares pero no en el EXCELER. Cambiamos a un alambre de trinquete s\u00f3lido por su rigidez y resistencia a la flexi\u00f3n durante el uso normal, el alambre m\u00e1s delgado y peque\u00f1o tambi\u00e9n es m\u00e1s ligero, lo que reduce el peso de la rotaci\u00f3n y, por lo tanto, el peso del carrete.<\/p>\n<p>Su mango de aluminio mecanizado es una conexi\u00f3n c\u00f3moda y fuerte con el engranaje principal del carrete giratorio. Y el EXCELER retrabajado es extremadamente suave utilizando 5 rodamientos de bolas y 1 rodamiento de rodillos para maximizar el rendimiento.<\/p>\n<p>RODAMIENTOS: 5BB + 1<\/p>\n<p>RELACI\u00d3N DE ENGRANAJE: 5.2 : 1<\/p>\n<p>L\u00cdNEA POR VUELTA DE MANIVELA: 82.55 cent\u00edmetros<\/p>\n<p>PESO : 229.3145 gramos<\/p>\n<p>CAPACIDAD DE MONOFILAMENTO: 10\/360, 14\/250<\/p>\n<p>CAPACIDAD DE TRENZADO J: 20\/280, 30\/200<\/p>\n<p>ARRASTRE M\u00c1XIMO: 11.793032 kilogramos<\/p>\n<\/div>\n<\/div>\n<\/div>\n","protected":false},"excerpt":{"rendered":"<p>El\u00a0 nuevo EXCELER LT de Daiwa utiliza un cuerpo de fibra de carbono llamado ZAION V. La nueva versi\u00f3n es un 3%-5% m\u00e1s ligera que nuestro EXCELER actual para tama\u00f1os comparables. Tambi\u00e9n viene con un ROTOR AIRDRIVE y una BAIL&hellip;<\/p>\n","protected":false},"featured_media":18020,"comment_status":"closed","ping_status":"closed","template":"","meta":{"_joinchat":[]},"product_brand":[],"product_cat":[443],"product_tag":[],"class_list":{"0":"post-18019","1":"product","2":"type-product","3":"status-publish","4":"has-post-thumbnail","6":"product_cat-carretes-spinner","7":"entry","8":"has-media","10":"first","11":"outofstock","12":"shipping-taxable","13":"purchasable","14":"product-type-simple","15":"col","16":"wpex-woo-entry","17":"span_1_of_6 span_1_of_3_pp"},"supplier_id":null,"supplier_sku":"","barcode":null,"atum_controlled":true,"out_stock_date":"2025-03-25 14:28:59","out_stock_threshold":null,"inheritable":false,"inbound_stock":null,"stock_on_hold":null,"sold_today":null,"sales_last_days":null,"reserved_stock":null,"customer_returns":null,"warehouse_damage":null,"lost_in_post":null,"other_logs":null,"out_stock_days":null,"lost_sales":null,"has_location":false,"update_date":"2025-03-25T14:29:02","atum_locations":[],"atum_stock_status":"outofstock","restock_status":false,"low_stock_amount":"","sales_update_date":null,"calc_backorders":null,"_links":{"self":[{"href":"https:\/\/www.flyshop.cl\/TIENDA\/wp-json\/wp\/v2\/product\/18019","targetHints":{"allow":["GET"]}}],"collection":[{"href":"https:\/\/www.flyshop.cl\/TIENDA\/wp-json\/wp\/v2\/product"}],"about":[{"href":"https:\/\/www.flyshop.cl\/TIENDA\/wp-json\/wp\/v2\/types\/product"}],"replies":[{"embeddable":true,"href":"https:\/\/www.flyshop.cl\/TIENDA\/wp-json\/wp\/v2\/comments?post=18019"}],"wp:featuredmedia":[{"embeddable":true,"href":"https:\/\/www.flyshop.cl\/TIENDA\/wp-json\/wp\/v2\/media\/18020"}],"wp:attachment":[{"href":"https:\/\/www.flyshop.cl\/TIENDA\/wp-json\/wp\/v2\/media?parent=18019"}],"wp:term":[{"taxonomy":"product_brand","embeddable":true,"href":"https:\/\/www.flyshop.cl\/TIENDA\/wp-json\/wp\/v2\/product_brand?post=18019"},{"taxonomy":"product_cat","embeddable":true,"href":"https:\/\/www.flyshop.cl\/TIENDA\/wp-json\/wp\/v2\/product_cat?post=18019"},{"taxonomy":"product_tag","embeddable":true,"href":"https:\/\/www.flyshop.cl\/TIENDA\/wp-json\/wp\/v2\/product_tag?post=18019"}],"curies":[{"name":"wp","href":"https:\/\/api.w.org\/{rel}","templated":true}]}}