{"id":17685,"date":"2023-11-30T14:09:38","date_gmt":"2023-11-30T14:09:38","guid":{"rendered":"https:\/\/www.flyshop.cl\/TIENDA\/?post_type=product&#038;p=17685"},"modified":"2024-09-11T16:17:09","modified_gmt":"2024-09-11T16:17:09","slug":"banano-simms-tributary-hip-pack","status":"publish","type":"product","link":"https:\/\/www.flyshop.cl\/TIENDA\/producto\/banano-simms-tributary-hip-pack\/","title":{"rendered":"banano simms Tributary Hip Pack"},"content":{"rendered":"<div class=\"flex flex-grow flex-col max-w-full\">\n<div class=\"min-h-[20px] text-message flex flex-col items-start gap-3 whitespace-pre-wrap break-words [.text-message+&amp;]:mt-5 overflow-x-auto\" data-message-author-role=\"assistant\" data-message-id=\"bbdc9f44-aa54-4ef2-b702-931e00ef6577\">\n<div class=\"markdown prose w-full break-words dark:prose-invert light\">\n<p>Almacenamiento m\u00f3vil de equipo dise\u00f1ado para cada movimiento tuyo, la resistente Ri\u00f1onera Tributary ofrece un amplio espacio de almacenamiento, m\u00faltiples opciones de transporte y un conjunto de funciones inteligentes para d\u00edas completos en el agua.<\/p>\n<ul>\n<li>Tejido de poli\u00e9ster reciclado de 600 deniers con revestimiento de poliuretano, resistente y confiable.<\/li>\n<li>El compartimento principal con bolsillo interno de malla el\u00e1stica se accede mediante una cremallera en forma de U.<\/li>\n<li>Bolsillo adicional para accesorios con acceso mediante cremallera en la parte frontal de la ri\u00f1onera.<\/li>\n<li>Campo de bucle para secado y almacenamiento de moscas\/se\u00f1uelos.<\/li>\n<li>Muelle para herramientas de hipal\u00f3n incorporado y cintas de tejido en cadena para la sujeci\u00f3n de accesorios.<\/li>\n<li>Cintur\u00f3n ajustable que permite llevar la ri\u00f1onera estilo lumbar o estilo &#8220;bandolera&#8221; sobre el hombro.<\/li>\n<li>Colorido de temporada anterior.<\/li>\n<\/ul>\n<p>DETALLES DEL TEJIDO: Exterior: 100% poli\u00e9ster reciclado de 600D con revestimiento de poliuretano en la parte trasera. Forro: 200D poli\u00e9ster.<\/p>\n<p>CAPACIDAD: 5L<\/p>\n<\/div>\n<\/div>\n<\/div>\n","protected":false},"excerpt":{"rendered":"<p>Almacenamiento m\u00f3vil de equipo dise\u00f1ado para cada movimiento tuyo, la resistente Ri\u00f1onera Tributary ofrece un amplio espacio de almacenamiento, m\u00faltiples opciones de transporte y un conjunto de funciones inteligentes para d\u00edas completos en el agua. Tejido de poli\u00e9ster reciclado de&hellip;<\/p>\n","protected":false},"featured_media":17687,"comment_status":"closed","ping_status":"closed","template":"","meta":{"_joinchat":[]},"product_brand":[],"product_cat":[534,309],"product_tag":[],"class_list":{"0":"post-17685","1":"product","2":"type-product","3":"status-publish","4":"has-post-thumbnail","6":"product_cat-bananos","7":"product_cat-simms","8":"entry","9":"has-media","11":"first","12":"outofstock","13":"shipping-taxable","14":"purchasable","15":"product-type-simple","16":"col","17":"wpex-woo-entry","18":"span_1_of_6 span_1_of_3_pp"},"supplier_id":null,"supplier_sku":"","barcode":null,"atum_controlled":true,"out_stock_date":"2024-09-11 16:17:11","out_stock_threshold":null,"inheritable":false,"inbound_stock":null,"stock_on_hold":0,"sold_today":0,"sales_last_days":1,"reserved_stock":null,"customer_returns":null,"warehouse_damage":null,"lost_in_post":null,"other_logs":null,"out_stock_days":5,"lost_sales":63571,"has_location":false,"update_date":"2024-09-16T17:13:49","atum_locations":[],"atum_stock_status":"outofstock","restock_status":false,"low_stock_amount":"","sales_update_date":"2024-09-16T17:13:49","calc_backorders":null,"_links":{"self":[{"href":"https:\/\/www.flyshop.cl\/TIENDA\/wp-json\/wp\/v2\/product\/17685","targetHints":{"allow":["GET"]}}],"collection":[{"href":"https:\/\/www.flyshop.cl\/TIENDA\/wp-json\/wp\/v2\/product"}],"about":[{"href":"https:\/\/www.flyshop.cl\/TIENDA\/wp-json\/wp\/v2\/types\/product"}],"replies":[{"embeddable":true,"href":"https:\/\/www.flyshop.cl\/TIENDA\/wp-json\/wp\/v2\/comments?post=17685"}],"wp:featuredmedia":[{"embeddable":true,"href":"https:\/\/www.flyshop.cl\/TIENDA\/wp-json\/wp\/v2\/media\/17687"}],"wp:attachment":[{"href":"https:\/\/www.flyshop.cl\/TIENDA\/wp-json\/wp\/v2\/media?parent=17685"}],"wp:term":[{"taxonomy":"product_brand","embeddable":true,"href":"https:\/\/www.flyshop.cl\/TIENDA\/wp-json\/wp\/v2\/product_brand?post=17685"},{"taxonomy":"product_cat","embeddable":true,"href":"https:\/\/www.flyshop.cl\/TIENDA\/wp-json\/wp\/v2\/product_cat?post=17685"},{"taxonomy":"product_tag","embeddable":true,"href":"https:\/\/www.flyshop.cl\/TIENDA\/wp-json\/wp\/v2\/product_tag?post=17685"}],"curies":[{"name":"wp","href":"https:\/\/api.w.org\/{rel}","templated":true}]}}