{"id":17268,"date":"2023-10-06T14:14:01","date_gmt":"2023-10-06T14:14:01","guid":{"rendered":"https:\/\/www.flyshop.cl\/TIENDA\/?post_type=product&#038;p=17268"},"modified":"2026-02-05T13:40:37","modified_gmt":"2026-02-05T13:40:37","slug":"caiman-brads-kf14-024","status":"publish","type":"product","link":"https:\/\/www.flyshop.cl\/TIENDA\/producto\/caiman-brads-kf14-024\/","title":{"rendered":"caiman brad\u00b4s KF14-024"},"content":{"rendered":"<p>No hemos intentado reinventar la rueda, solo mejorarla. Los se\u00f1uelos Brad&#8217;s KillerFish han sido dise\u00f1ados pensando en los Grandes Salmones. Tienen una acci\u00f3n que agita tremendamente a los salmones, combinada con sonajeros para hacer una oferta irresistible. Se pueden pescar desnudos o con alg\u00fan se\u00f1uelo, de cualquier manera, el veredicto es claro: \u00a1est\u00e1n CALIENTES y atrapan peces!<\/p>\n","protected":false},"excerpt":{"rendered":"<p>No hemos intentado reinventar la rueda, solo mejorarla. Los se\u00f1uelos Brad&#8217;s KillerFish han sido dise\u00f1ados pensando en los Grandes Salmones. Tienen una acci\u00f3n que agita tremendamente a los salmones, combinada con sonajeros para hacer una oferta irresistible. Se pueden pescar&hellip;<\/p>\n","protected":false},"featured_media":17269,"comment_status":"closed","ping_status":"closed","template":"","meta":{"_joinchat":[]},"product_brand":[],"product_cat":[146],"product_tag":[],"class_list":{"0":"post-17268","1":"product","2":"type-product","3":"status-publish","4":"has-post-thumbnail","6":"product_cat-senuelos-chinook","7":"entry","8":"has-media","10":"first","11":"outofstock","12":"shipping-taxable","13":"purchasable","14":"product-type-simple","15":"col","16":"wpex-woo-entry","17":"span_1_of_6 span_1_of_3_pp"},"supplier_id":null,"supplier_sku":"","barcode":null,"atum_controlled":true,"out_stock_date":"2026-02-05 13:40:37","out_stock_threshold":null,"inheritable":false,"inbound_stock":null,"stock_on_hold":0,"sold_today":0,"sales_last_days":0,"reserved_stock":null,"customer_returns":null,"warehouse_damage":null,"lost_in_post":null,"other_logs":null,"out_stock_days":0,"lost_sales":0,"has_location":false,"update_date":"2026-02-05T13:40:39","atum_locations":[],"atum_stock_status":"outofstock","restock_status":false,"low_stock_amount":"","sales_update_date":"2024-03-23T15:07:45","calc_backorders":null,"_links":{"self":[{"href":"https:\/\/www.flyshop.cl\/TIENDA\/wp-json\/wp\/v2\/product\/17268","targetHints":{"allow":["GET"]}}],"collection":[{"href":"https:\/\/www.flyshop.cl\/TIENDA\/wp-json\/wp\/v2\/product"}],"about":[{"href":"https:\/\/www.flyshop.cl\/TIENDA\/wp-json\/wp\/v2\/types\/product"}],"replies":[{"embeddable":true,"href":"https:\/\/www.flyshop.cl\/TIENDA\/wp-json\/wp\/v2\/comments?post=17268"}],"wp:featuredmedia":[{"embeddable":true,"href":"https:\/\/www.flyshop.cl\/TIENDA\/wp-json\/wp\/v2\/media\/17269"}],"wp:attachment":[{"href":"https:\/\/www.flyshop.cl\/TIENDA\/wp-json\/wp\/v2\/media?parent=17268"}],"wp:term":[{"taxonomy":"product_brand","embeddable":true,"href":"https:\/\/www.flyshop.cl\/TIENDA\/wp-json\/wp\/v2\/product_brand?post=17268"},{"taxonomy":"product_cat","embeddable":true,"href":"https:\/\/www.flyshop.cl\/TIENDA\/wp-json\/wp\/v2\/product_cat?post=17268"},{"taxonomy":"product_tag","embeddable":true,"href":"https:\/\/www.flyshop.cl\/TIENDA\/wp-json\/wp\/v2\/product_tag?post=17268"}],"curies":[{"name":"wp","href":"https:\/\/api.w.org\/{rel}","templated":true}]}}