{"id":17209,"date":"2023-10-02T14:49:34","date_gmt":"2023-10-02T14:49:34","guid":{"rendered":"https:\/\/www.flyshop.cl\/TIENDA\/?post_type=product&#038;p=17209"},"modified":"2025-06-30T19:07:31","modified_gmt":"2025-06-30T19:07:31","slug":"simms-pro-nipper-pacific","status":"publish","type":"product","link":"https:\/\/www.flyshop.cl\/TIENDA\/producto\/simms-pro-nipper-pacific\/","title":{"rendered":"Simms pro nipper pacific"},"content":{"rendered":"<div class=\"flex flex-grow flex-col gap-3 max-w-full\">\n<div class=\"min-h-[20px] flex flex-col items-start gap-3 overflow-x-auto whitespace-pre-wrap break-words\">\n<div class=\"markdown prose w-full break-words dark:prose-invert light\">\n<p>Hecho en los Estados Unidos con un resorte magn\u00e9tico y enhebrador magn\u00e9tico de moscas, este duradero corta-anzuelos de nivel gu\u00eda re\u00fane m\u00faltiples herramientas de pesca para activaciones impecables.<\/p>\n<ul>\n<li>Mangos de aluminio anodizado duradero con mordazas de acero inoxidable y imanes de tierra rara.<\/li>\n<li>El resorte magn\u00e9tico nunca se desgasta.<\/li>\n<li>Enhebrador magn\u00e9tico de moscas, triturador de BB, aguja para ojos de anzuelo, punto de sujeci\u00f3n para cord\u00f3n.<\/li>\n<li>Superficie con patr\u00f3n para un mejor agarre.<\/li>\n<li>Hecho en los Estados Unidos.<\/li>\n<\/ul>\n<\/div>\n<\/div>\n<\/div>\n","protected":false},"excerpt":{"rendered":"<p>Hecho en los Estados Unidos con un resorte magn\u00e9tico y enhebrador magn\u00e9tico de moscas, este duradero corta-anzuelos de nivel gu\u00eda re\u00fane m\u00faltiples herramientas de pesca para activaciones impecables. Mangos de aluminio anodizado duradero con mordazas de acero inoxidable y imanes&hellip;<\/p>\n","protected":false},"featured_media":17205,"comment_status":"closed","ping_status":"closed","template":"","meta":{"_joinchat":[]},"product_brand":[],"product_cat":[296,156,309],"product_tag":[],"class_list":{"0":"post-17209","1":"product","2":"type-product","3":"status-publish","4":"has-post-thumbnail","6":"product_cat-accesorios-simms","7":"product_cat-pinzas-alicates-y-nippers","8":"product_cat-simms","9":"entry","10":"has-media","12":"first","13":"instock","14":"shipping-taxable","15":"purchasable","16":"product-type-simple","17":"col","18":"wpex-woo-entry","19":"span_1_of_6 span_1_of_3_pp"},"supplier_id":null,"supplier_sku":"","barcode":null,"atum_controlled":true,"out_stock_date":null,"out_stock_threshold":null,"inheritable":false,"inbound_stock":null,"stock_on_hold":0,"sold_today":0,"sales_last_days":1,"reserved_stock":null,"customer_returns":null,"warehouse_damage":null,"lost_in_post":null,"other_logs":null,"out_stock_days":13,"lost_sales":139285,"has_location":false,"update_date":"2025-06-30T19:07:32","atum_locations":[],"atum_stock_status":"instock","restock_status":false,"low_stock_amount":"","sales_update_date":"2025-01-20T17:34:47","calc_backorders":null,"_links":{"self":[{"href":"https:\/\/www.flyshop.cl\/TIENDA\/wp-json\/wp\/v2\/product\/17209","targetHints":{"allow":["GET"]}}],"collection":[{"href":"https:\/\/www.flyshop.cl\/TIENDA\/wp-json\/wp\/v2\/product"}],"about":[{"href":"https:\/\/www.flyshop.cl\/TIENDA\/wp-json\/wp\/v2\/types\/product"}],"replies":[{"embeddable":true,"href":"https:\/\/www.flyshop.cl\/TIENDA\/wp-json\/wp\/v2\/comments?post=17209"}],"wp:featuredmedia":[{"embeddable":true,"href":"https:\/\/www.flyshop.cl\/TIENDA\/wp-json\/wp\/v2\/media\/17205"}],"wp:attachment":[{"href":"https:\/\/www.flyshop.cl\/TIENDA\/wp-json\/wp\/v2\/media?parent=17209"}],"wp:term":[{"taxonomy":"product_brand","embeddable":true,"href":"https:\/\/www.flyshop.cl\/TIENDA\/wp-json\/wp\/v2\/product_brand?post=17209"},{"taxonomy":"product_cat","embeddable":true,"href":"https:\/\/www.flyshop.cl\/TIENDA\/wp-json\/wp\/v2\/product_cat?post=17209"},{"taxonomy":"product_tag","embeddable":true,"href":"https:\/\/www.flyshop.cl\/TIENDA\/wp-json\/wp\/v2\/product_tag?post=17209"}],"curies":[{"name":"wp","href":"https:\/\/api.w.org\/{rel}","templated":true}]}}