{"id":16951,"date":"2023-06-30T16:16:45","date_gmt":"2023-06-30T16:16:45","guid":{"rendered":"https:\/\/www.flyshop.cl\/TIENDA\/?post_type=product&#038;p=16951"},"modified":"2025-12-29T11:47:22","modified_gmt":"2025-12-29T11:47:22","slug":"anteojo-polarizado-wake-shiny-tiger-tort-brown-lens-w-green-revo-mirror","status":"publish","type":"product","link":"https:\/\/www.flyshop.cl\/TIENDA\/producto\/anteojo-polarizado-wake-shiny-tiger-tort-brown-lens-w-green-revo-mirror\/","title":{"rendered":"anteojo polarizado Wake shiny Tiger Tort &#8211; Green Revo Mirror"},"content":{"rendered":"<p>Nuestra montura m\u00e1s grande, el Wake, cuenta con una cobertura \u00f3ptima en un dise\u00f1o pensado para cabezas anchas. El Wake proporciona una cobertura total de los ojos para aquellos que pasan largos periodos de tiempo en el agua. Bisagras de bloqueo, patillas y almohadillas de nariz de goma se incluyen en un dise\u00f1o altamente c\u00f3modo y funcional.<\/p>\n<p>Lentes de policarbonato polarizados<br \/>\nProtecci\u00f3n 100% UVA\/UVB<br \/>\nAlmohadillas de nariz integradas con recubrimiento de goma<br \/>\nPuntas de las patillas de goma<br \/>\nAlmohadilla de ceja de goma ventilada<br \/>\nMontura de biopl\u00e1stico<br \/>\nProducto certificado como CarbonNeutral\u00ae<\/p>\n","protected":false},"excerpt":{"rendered":"<p>Nuestra montura m\u00e1s grande, el Wake, cuenta con una cobertura \u00f3ptima en un dise\u00f1o pensado para cabezas anchas. El Wake proporciona una cobertura total de los ojos para aquellos que pasan largos periodos de tiempo en el agua. Bisagras de&hellip;<\/p>\n","protected":false},"featured_media":16953,"comment_status":"closed","ping_status":"closed","template":"","meta":{"_joinchat":[]},"product_brand":[],"product_cat":[520],"product_tag":[],"class_list":{"0":"post-16951","1":"product","2":"type-product","3":"status-publish","4":"has-post-thumbnail","6":"product_cat-anteojos-polarizados","7":"entry","8":"has-media","10":"first","11":"outofstock","12":"shipping-taxable","13":"purchasable","14":"product-type-simple","15":"col","16":"wpex-woo-entry","17":"span_1_of_6 span_1_of_3_pp"},"supplier_id":null,"supplier_sku":"","barcode":null,"atum_controlled":true,"out_stock_date":"2025-12-29 11:47:22","out_stock_threshold":null,"inheritable":false,"inbound_stock":null,"stock_on_hold":0,"sold_today":1,"sales_last_days":1,"reserved_stock":null,"customer_returns":null,"warehouse_damage":null,"lost_in_post":null,"other_logs":null,"out_stock_days":0,"lost_sales":0,"has_location":false,"update_date":"2025-12-29T14:18:28","atum_locations":[],"atum_stock_status":"outofstock","restock_status":false,"low_stock_amount":"","sales_update_date":"2025-12-29T14:18:28","calc_backorders":null,"_links":{"self":[{"href":"https:\/\/www.flyshop.cl\/TIENDA\/wp-json\/wp\/v2\/product\/16951","targetHints":{"allow":["GET"]}}],"collection":[{"href":"https:\/\/www.flyshop.cl\/TIENDA\/wp-json\/wp\/v2\/product"}],"about":[{"href":"https:\/\/www.flyshop.cl\/TIENDA\/wp-json\/wp\/v2\/types\/product"}],"replies":[{"embeddable":true,"href":"https:\/\/www.flyshop.cl\/TIENDA\/wp-json\/wp\/v2\/comments?post=16951"}],"wp:featuredmedia":[{"embeddable":true,"href":"https:\/\/www.flyshop.cl\/TIENDA\/wp-json\/wp\/v2\/media\/16953"}],"wp:attachment":[{"href":"https:\/\/www.flyshop.cl\/TIENDA\/wp-json\/wp\/v2\/media?parent=16951"}],"wp:term":[{"taxonomy":"product_brand","embeddable":true,"href":"https:\/\/www.flyshop.cl\/TIENDA\/wp-json\/wp\/v2\/product_brand?post=16951"},{"taxonomy":"product_cat","embeddable":true,"href":"https:\/\/www.flyshop.cl\/TIENDA\/wp-json\/wp\/v2\/product_cat?post=16951"},{"taxonomy":"product_tag","embeddable":true,"href":"https:\/\/www.flyshop.cl\/TIENDA\/wp-json\/wp\/v2\/product_tag?post=16951"}],"curies":[{"name":"wp","href":"https:\/\/api.w.org\/{rel}","templated":true}]}}